{"id":12971,"date":"2024-05-06T10:09:57","date_gmt":"2024-05-06T07:09:57","guid":{"rendered":"https:\/\/duckdeco.com\/?post_type=product&#038;p=12971"},"modified":"2025-08-04T15:36:57","modified_gmt":"2025-08-04T12:36:57","slug":"vaza-bloom","status":"publish","type":"product","link":"https:\/\/duckdeco.lt\/en\/product\/vaza-bloom\/","title":{"rendered":"Vaza \u201eBloom\u201c"},"content":{"rendered":"<ul>\n<li><span class=\"HwtZe\" lang=\"lt\"><span class=\"jCAhz ChMk0b\"><span class=\"ryNqvb\">Modernaus dizaino, rudo stiklo vaza, pamerkite \u012f j\u0105 g\u0117li\u0173 ar saus\u0173 \u0161akeli\u0173 ir pagyvinkite savo aplink\u0105. Komponuokite dviej\u0173 skirting\u0173 dyd\u017ei\u0173 vazas, sujunkite jas, kad pasiektum\u0117te geriausi\u0105 efekt\u0105.\u00a0 <\/span><\/span><\/span><\/li>\n<li><span class=\"HwtZe\" lang=\"lt\"><span class=\"jCAhz ChMk0b\"><span class=\"ryNqvb\">Detal\u0117s: med\u017eiaga &#8211; stiklas. <\/span><\/span><\/span><\/li>\n<li><span class=\"HwtZe\" lang=\"lt\"><span class=\"jCAhz ChMk0b\"><span class=\"ryNqvb\">Spalva ruda.<br \/>\n<\/span><\/span><\/span><\/li>\n<\/ul>\n<table width=\"405\">\n<tbody>\n<tr>\n<td width=\"91\">I\u0161matavimai: Ilgis 14 cm \/ Plotis 14 cm \/ Auk\u0161tis 35 cm.<\/td>\n<\/tr>\n<\/tbody>\n<\/table>\n<p>&nbsp;<\/p>\n<p><span class=\"HwtZe\" lang=\"lt\"><span class=\"jCAhz ChMk0b\"><span class=\"ryNqvb\">\u00a0<\/span><\/span><\/span><\/p>\n<p>&nbsp;<\/p>","protected":false},"excerpt":{"rendered":"<p>Modernaus dizaino, rudo stiklo vaza, pamerkite \u012f j\u0105 g\u0117li\u0173 ar saus\u0173 \u0161akeli\u0173 ir pagyvinkite savo aplink\u0105. Komponuokite dviej\u0173 skirting\u0173 dyd\u017ei\u0173 vazas, sujunkite jas, kad pasiektum\u0117te geriausi\u0105 efekt\u0105.\u00a0 Detal\u0117s: med\u017eiaga &#8211; stiklas. Spalva ruda. I\u0161matavimai: Ilgis 14 cm \/ Plotis 14 cm \/ Auk\u0161tis 35 cm. &nbsp; \u00a0 &nbsp;<\/p>","protected":false},"featured_media":12975,"template":"","meta":{"_monsterinsights_skip_tracking":false,"_monsterinsights_sitenote_active":false,"_monsterinsights_sitenote_note":"","_monsterinsights_sitenote_category":0},"product_brand":[],"product_cat":[103,95,101],"product_tag":[],"class_list":{"0":"post-12971","1":"product","2":"type-product","3":"status-publish","4":"has-post-thumbnail","6":"product_cat-dovanu-idejos","7":"product_cat-interjerui","8":"product_cat-vazos","10":"first","11":"instock","12":"taxable","13":"shipping-taxable","14":"purchasable","15":"product-type-simple"},"_links":{"self":[{"href":"https:\/\/duckdeco.lt\/en\/wp-json\/wp\/v2\/product\/12971","targetHints":{"allow":["GET"]}}],"collection":[{"href":"https:\/\/duckdeco.lt\/en\/wp-json\/wp\/v2\/product"}],"about":[{"href":"https:\/\/duckdeco.lt\/en\/wp-json\/wp\/v2\/types\/product"}],"version-history":[{"count":1,"href":"https:\/\/duckdeco.lt\/en\/wp-json\/wp\/v2\/product\/12971\/revisions"}],"predecessor-version":[{"id":12974,"href":"https:\/\/duckdeco.lt\/en\/wp-json\/wp\/v2\/product\/12971\/revisions\/12974"}],"wp:featuredmedia":[{"embeddable":true,"href":"https:\/\/duckdeco.lt\/en\/wp-json\/wp\/v2\/media\/12975"}],"wp:attachment":[{"href":"https:\/\/duckdeco.lt\/en\/wp-json\/wp\/v2\/media?parent=12971"}],"wp:term":[{"taxonomy":"product_brand","embeddable":true,"href":"https:\/\/duckdeco.lt\/en\/wp-json\/wp\/v2\/product_brand?post=12971"},{"taxonomy":"product_cat","embeddable":true,"href":"https:\/\/duckdeco.lt\/en\/wp-json\/wp\/v2\/product_cat?post=12971"},{"taxonomy":"product_tag","embeddable":true,"href":"https:\/\/duckdeco.lt\/en\/wp-json\/wp\/v2\/product_tag?post=12971"}],"curies":[{"name":"wp","href":"https:\/\/api.w.org\/{rel}","templated":true}]}}