{"id":13080,"date":"2024-05-07T14:53:07","date_gmt":"2024-05-07T11:53:07","guid":{"rendered":"https:\/\/duckdeco.com\/?post_type=product&#038;p=13080"},"modified":"2024-12-02T09:55:45","modified_gmt":"2024-12-02T07:55:45","slug":"vaza-kopra-45-cm","status":"publish","type":"product","link":"https:\/\/duckdeco.lt\/en\/product\/vaza-kopra-45-cm\/","title":{"rendered":"Vaza \u201eKopra\u201c 45 cm"},"content":{"rendered":"<ul>\n<li>\u012ene\u0161kite \u012f savo interjer\u0105 nat\u016bralaus gro\u017eio su Light&amp;Living prek\u0117s \u017eenklo, keramikine vaza \u201eKopra\u201c. D\u0117l savo tamsiai \u017ealios spalvos ir eleganti\u0161ko dizaino ji kiekvienam kambariui suteikia rafinuotumo.<\/li>\n<li>Stilingas papildymas bet kokiam interjerui, vaza sukurta atsi\u017evelgiant \u012f detales ir estetik\u0105, tod\u0117l ji be pastang\u0173 dera prie \u012fvairi\u0173 interjero stili\u0173 \u2013 nuo \u200b\u200bmodernaus iki klasikinio.<\/li>\n<li>Pagaminta i\u0161 auk\u0161tos kokyb\u0117s keramikos, \u0161i vaza yra patvari ir tarnaus ilgus metus. Tai investicija \u012f kokyb\u0119 ir gro\u017e\u012f.<\/li>\n<li>Gili, tamsiai \u017ealia vazos spalva bet kokiam kambariui suteikia elegancijos ir \u0161ilumos. Tai nesenstantis atspalvis, kuris niekada nei\u0161eina i\u0161 mados.<\/li>\n<li>\u0160i vaza yra daugiau nei tik dekoratyvinis elementas; tai j\u016bs\u0173 stiliaus jausmo simbolis. Pad\u0117kite j\u0105 savo svetain\u0117je, miegamajame ar net ant valgomojo stalo, kad paliktum\u0117te ilgalaik\u012f \u012fsp\u016bd\u012f.<\/li>\n<li>Nesvarbu, ar \u012fd\u0117site \u0161vie\u017ei\u0173 g\u0117li\u0173 puok\u0161t\u0119, ar tiesiog leisite vazai spind\u0117ti pa\u010diai, ji visada taps stulbinamu \u017eidiniu. Sukurkite ramyb\u0117s ir harmonijos atmosfer\u0105 savo erdv\u0117je.<\/li>\n<li>Detal\u0117s: med\u017eiaga \u2013 keramika.<\/li>\n<li>Spalva \u2013 tamsiai \u017ealia.<br \/>\n<table width=\"446\">\n<tbody>\n<tr>\n<td width=\"91\">I\u0161matavimai: Ilgis 35,5 cm \/ Plotis 35,5 cm \/ Auk\u0161tis 45 cm.<\/td>\n<\/tr>\n<\/tbody>\n<\/table>\n<p>&nbsp;<\/li>\n<\/ul>","protected":false},"excerpt":{"rendered":"<p>\u012ene\u0161kite \u012f savo interjer\u0105 nat\u016bralaus gro\u017eio su Light&amp;Living prek\u0117s \u017eenklo, keramikine vaza \u201eKopra\u201c. D\u0117l savo tamsiai \u017ealios spalvos ir eleganti\u0161ko dizaino ji kiekvienam kambariui suteikia rafinuotumo. Stilingas papildymas bet kokiam interjerui, vaza sukurta atsi\u017evelgiant \u012f detales ir estetik\u0105, tod\u0117l ji be pastang\u0173 dera prie \u012fvairi\u0173 interjero stili\u0173 \u2013 nuo \u200b\u200bmodernaus iki klasikinio. Pagaminta i\u0161 auk\u0161tos &hellip; <br \/><a href=\"https:\/\/duckdeco.lt\/en\/product\/vaza-kopra-45-cm\/\" class=\"more-link\">Continue reading <span class=\"screen-reader-text\">Vaza \u201eKopra\u201c 45 cm<\/span><\/a><\/p>","protected":false},"featured_media":13081,"template":"","meta":{"_monsterinsights_skip_tracking":false,"_monsterinsights_sitenote_active":false,"_monsterinsights_sitenote_note":"","_monsterinsights_sitenote_category":0},"product_brand":[],"product_cat":[103,95,101],"product_tag":[268,279,256,280],"class_list":{"0":"post-13080","1":"product","2":"type-product","3":"status-publish","4":"has-post-thumbnail","6":"product_cat-dovanu-idejos","7":"product_cat-interjerui","8":"product_cat-vazos","9":"product_tag-aukstos-kokybes-keramika","10":"product_tag-imantraus-dizaino-vaza","11":"product_tag-originali-dovana","12":"product_tag-zalia-vaza-gelems","14":"first","15":"instock","16":"taxable","17":"shipping-taxable","18":"purchasable","19":"product-type-simple"},"_links":{"self":[{"href":"https:\/\/duckdeco.lt\/en\/wp-json\/wp\/v2\/product\/13080","targetHints":{"allow":["GET"]}}],"collection":[{"href":"https:\/\/duckdeco.lt\/en\/wp-json\/wp\/v2\/product"}],"about":[{"href":"https:\/\/duckdeco.lt\/en\/wp-json\/wp\/v2\/types\/product"}],"version-history":[{"count":1,"href":"https:\/\/duckdeco.lt\/en\/wp-json\/wp\/v2\/product\/13080\/revisions"}],"predecessor-version":[{"id":13084,"href":"https:\/\/duckdeco.lt\/en\/wp-json\/wp\/v2\/product\/13080\/revisions\/13084"}],"wp:featuredmedia":[{"embeddable":true,"href":"https:\/\/duckdeco.lt\/en\/wp-json\/wp\/v2\/media\/13081"}],"wp:attachment":[{"href":"https:\/\/duckdeco.lt\/en\/wp-json\/wp\/v2\/media?parent=13080"}],"wp:term":[{"taxonomy":"product_brand","embeddable":true,"href":"https:\/\/duckdeco.lt\/en\/wp-json\/wp\/v2\/product_brand?post=13080"},{"taxonomy":"product_cat","embeddable":true,"href":"https:\/\/duckdeco.lt\/en\/wp-json\/wp\/v2\/product_cat?post=13080"},{"taxonomy":"product_tag","embeddable":true,"href":"https:\/\/duckdeco.lt\/en\/wp-json\/wp\/v2\/product_tag?post=13080"}],"curies":[{"name":"wp","href":"https:\/\/api.w.org\/{rel}","templated":true}]}}