{"id":13108,"date":"2024-05-09T16:27:53","date_gmt":"2024-05-09T13:27:53","guid":{"rendered":"https:\/\/duckdeco.com\/?post_type=product&#038;p=13108"},"modified":"2024-12-04T11:59:34","modified_gmt":"2024-12-04T09:59:34","slug":"stiklo-paveikslas-isgalvotas-suo","status":"publish","type":"product","link":"https:\/\/duckdeco.lt\/en\/product\/stiklo-paveikslas-isgalvotas-suo\/","title":{"rendered":"Stiklo tapyba \u201eI\u0161galvotas \u0161uo\u201c"},"content":{"rendered":"<ul>\n<li><span class=\"HwtZe\" lang=\"lt\"><span class=\"jCAhz ChMk0b\"><span class=\"ryNqvb\">Gr\u016bdinto stiklo paveikslai puikiai derina modernum\u0105 ir jaukum\u0105. D\u0117l to jie tinka kiekvieno interjerui, nesvarbu, ar j\u016bs\u0173 stilius yra klasikinis, modernus, eklekti\u0161kas ar ka\u017ekur tarp j\u0173. <\/span><\/span><\/span><\/li>\n<li><span class=\"HwtZe\" lang=\"lt\"><span class=\"jCAhz ChMk0b\"><span class=\"ryNqvb\">Ar tai aukso am\u017eiaus menas? Ar tai pop menas? \u0160\u012f \u201ei\u0161galvot\u0105 \u0161un\u012f\u201c, kuris d\u0117vi ypating\u0105 kostium\u0105 vadiname didingu! Tai abstraktus menas, modernus, aptakus dizainas ir \u0161viesos \u017eaismas stikle, suteiks J\u016bs\u0173 erdvei unikalumo arba taps originalia dovanos id\u0117ja.\u00a0<\/span><\/span><br \/>\n<\/span><\/li>\n<li><span class=\"HwtZe\" lang=\"lt\"><span class=\"HwtZe\" lang=\"lt\"><span class=\"jCAhz ChMk0b\"><span class=\"ryNqvb\">Meno k\u016brinys sienai pagamintas i\u0161 auk\u0161tos kokyb\u0117s stipraus gr\u016bdinto stiklo.<\/span><\/span><\/span><\/span><\/li>\n<li>Paveikslas yra su pakabinimo sistema.<br \/>\n<table width=\"405\">\n<tbody>\n<tr>\n<td width=\"91\">I\u0161matavimai: Ilgis 110 cm \/ Plotis 70 cm.<\/td>\n<\/tr>\n<\/tbody>\n<\/table>\n<p><span class=\"HwtZe\" lang=\"lt\"><span class=\"jCAhz ChMk0b\"><span class=\"ryNqvb\">\u00a0<\/span><\/span><\/span><\/li>\n<\/ul>","protected":false},"excerpt":{"rendered":"<p>Gr\u016bdinto stiklo paveikslai puikiai derina modernum\u0105 ir jaukum\u0105. D\u0117l to jie tinka kiekvieno interjerui, nesvarbu, ar j\u016bs\u0173 stilius yra klasikinis, modernus, eklekti\u0161kas ar ka\u017ekur tarp j\u0173. Ar tai aukso am\u017eiaus menas? Ar tai pop menas? \u0160\u012f \u201ei\u0161galvot\u0105 \u0161un\u012f\u201c, kuris d\u0117vi ypating\u0105 kostium\u0105 vadiname didingu! Tai abstraktus menas, modernus, aptakus dizainas ir \u0161viesos \u017eaismas stikle, suteiks &hellip; <br \/><a href=\"https:\/\/duckdeco.lt\/en\/product\/stiklo-paveikslas-isgalvotas-suo\/\" class=\"more-link\">Continue reading <span class=\"screen-reader-text\">Stiklo tapyba \u201eI\u0161galvotas \u0161uo\u201c<\/span><\/a><\/p>","protected":false},"featured_media":13109,"template":"","meta":{"_monsterinsights_skip_tracking":false,"_monsterinsights_sitenote_active":false,"_monsterinsights_sitenote_note":"","_monsterinsights_sitenote_category":0},"product_brand":[],"product_cat":[103,95,143],"product_tag":[342,334,337],"class_list":{"0":"post-13108","1":"product","2":"type-product","3":"status-publish","4":"has-post-thumbnail","6":"product_cat-dovanu-idejos","7":"product_cat-interjerui","8":"product_cat-paveikslai","9":"product_tag-modernus-paveikslas","10":"product_tag-sienu-dekoras","11":"product_tag-stiklo-tapyba","13":"first","14":"instock","15":"taxable","16":"shipping-taxable","17":"purchasable","18":"product-type-simple"},"_links":{"self":[{"href":"https:\/\/duckdeco.lt\/en\/wp-json\/wp\/v2\/product\/13108","targetHints":{"allow":["GET"]}}],"collection":[{"href":"https:\/\/duckdeco.lt\/en\/wp-json\/wp\/v2\/product"}],"about":[{"href":"https:\/\/duckdeco.lt\/en\/wp-json\/wp\/v2\/types\/product"}],"version-history":[{"count":3,"href":"https:\/\/duckdeco.lt\/en\/wp-json\/wp\/v2\/product\/13108\/revisions"}],"predecessor-version":[{"id":13141,"href":"https:\/\/duckdeco.lt\/en\/wp-json\/wp\/v2\/product\/13108\/revisions\/13141"}],"wp:featuredmedia":[{"embeddable":true,"href":"https:\/\/duckdeco.lt\/en\/wp-json\/wp\/v2\/media\/13109"}],"wp:attachment":[{"href":"https:\/\/duckdeco.lt\/en\/wp-json\/wp\/v2\/media?parent=13108"}],"wp:term":[{"taxonomy":"product_brand","embeddable":true,"href":"https:\/\/duckdeco.lt\/en\/wp-json\/wp\/v2\/product_brand?post=13108"},{"taxonomy":"product_cat","embeddable":true,"href":"https:\/\/duckdeco.lt\/en\/wp-json\/wp\/v2\/product_cat?post=13108"},{"taxonomy":"product_tag","embeddable":true,"href":"https:\/\/duckdeco.lt\/en\/wp-json\/wp\/v2\/product_tag?post=13108"}],"curies":[{"name":"wp","href":"https:\/\/api.w.org\/{rel}","templated":true}]}}