{"id":13114,"date":"2024-05-09T16:46:58","date_gmt":"2024-05-09T13:46:58","guid":{"rendered":"https:\/\/duckdeco.com\/?post_type=product&#038;p=13114"},"modified":"2024-12-04T12:04:53","modified_gmt":"2024-12-04T10:04:53","slug":"stiklo-paveikslas-vandenynas","status":"publish","type":"product","link":"https:\/\/duckdeco.lt\/en\/product\/stiklo-paveikslas-vandenynas\/","title":{"rendered":"Stiklo tapyba \u201eVandenynas\u201c"},"content":{"rendered":"<ul>\n<li dir=\"ltr\"><span class=\"HwtZe\" lang=\"lt\"><span class=\"jCAhz ChMk0b\"><span class=\"ryNqvb\">Gr\u016bdinto stiklo paveikslai puikiai derina modernum\u0105 ir jaukum\u0105.<\/span><\/span> <span class=\"jCAhz ChMk0b\"><span class=\"ryNqvb\">D\u0117l to jie tinka kiekvieno interjerui, nesvarbu, ar j\u016bs\u0173 stilius yra klasikinis, modernus, eklekti\u0161kas ar ka\u017ekur tarp j\u0173.<\/span><\/span><\/span><\/li>\n<li dir=\"ltr\"><span class=\"HwtZe\" lang=\"lt\"><span class=\"jCAhz ChMk0b\"><span class=\"ryNqvb\">Pasinerkite \u012f gil\u0173 vandenyn\u0105, s\u0117d\u0117dami savo svetain\u0117je!<\/span><\/span> <span class=\"jCAhz ChMk0b\"><span class=\"ryNqvb\">Atgaivinkite povandenin\u012f pasaul\u012f bet kuriame kambaryje su \u0161iuo unikaliu meno k\u016briniu, kuris ry\u0161kiomis spalvomis ir tikrovi\u0161komis detal\u0117mis atrodo kaip tikras!<\/span><\/span>\u00a0<\/span><\/li>\n<li><span class=\"HwtZe\" lang=\"lt\"><span class=\"jCAhz ChMk0b\"><span class=\"ryNqvb\">Tai abstraktus menas, modernus, aptakus dizainas ir \u0161viesos \u017eaismas stikle, suteiks J\u016bs\u0173 erdvei unikalumo arba taps originalia dovanos id\u0117ja.\u00a0<\/span><\/span><br \/>\n<\/span><\/li>\n<li><span class=\"HwtZe\" lang=\"lt\"><span class=\"jCAhz ChMk0b\"><span class=\"ryNqvb\">Meno k\u016brinys sienai pagamintas i\u0161 auk\u0161tos kokyb\u0117s stipraus gr\u016bdinto stiklo.<\/span><\/span><\/span><\/li>\n<li>Paveikslas yra su pakabinimo sistema.<br \/>\n<table width=\"405\">\n<tbody>\n<tr>\n<td width=\"91\">I\u0161matavimai: Ilgis 110 cm \/ Plotis 70 cm.<\/td>\n<\/tr>\n<\/tbody>\n<\/table>\n<\/li>\n<\/ul>\n<div class=\"lRu31\" dir=\"ltr\">\n<div class=\"OvtS8d\"><\/div>\n<div id=\"ow2044\"><\/div>\n<\/div>\n<div class=\"UdTY9 WdefRb\" aria-hidden=\"true\" data-location=\"2\">\n<div class=\"kO6q6e\"><\/div>\n<\/div>","protected":false},"excerpt":{"rendered":"<p>Gr\u016bdinto stiklo paveikslai puikiai derina modernum\u0105 ir jaukum\u0105. D\u0117l to jie tinka kiekvieno interjerui, nesvarbu, ar j\u016bs\u0173 stilius yra klasikinis, modernus, eklekti\u0161kas ar ka\u017ekur tarp j\u0173. Pasinerkite \u012f gil\u0173 vandenyn\u0105, s\u0117d\u0117dami savo svetain\u0117je! Atgaivinkite povandenin\u012f pasaul\u012f bet kuriame kambaryje su \u0161iuo unikaliu meno k\u016briniu, kuris ry\u0161kiomis spalvomis ir tikrovi\u0161komis detal\u0117mis atrodo kaip tikras!\u00a0 Tai abstraktus &hellip; <br \/><a href=\"https:\/\/duckdeco.lt\/en\/product\/stiklo-paveikslas-vandenynas\/\" class=\"more-link\">Continue reading <span class=\"screen-reader-text\">Stiklo tapyba \u201eVandenynas\u201c<\/span><\/a><\/p>","protected":false},"featured_media":13115,"template":"","meta":{"_monsterinsights_skip_tracking":false,"_monsterinsights_sitenote_active":false,"_monsterinsights_sitenote_note":"","_monsterinsights_sitenote_category":0},"product_brand":[],"product_cat":[103,95,143],"product_tag":[342,334,337],"class_list":{"0":"post-13114","1":"product","2":"type-product","3":"status-publish","4":"has-post-thumbnail","6":"product_cat-dovanu-idejos","7":"product_cat-interjerui","8":"product_cat-paveikslai","9":"product_tag-modernus-paveikslas","10":"product_tag-sienu-dekoras","11":"product_tag-stiklo-tapyba","13":"first","14":"instock","15":"taxable","16":"shipping-taxable","17":"purchasable","18":"product-type-simple"},"_links":{"self":[{"href":"https:\/\/duckdeco.lt\/en\/wp-json\/wp\/v2\/product\/13114","targetHints":{"allow":["GET"]}}],"collection":[{"href":"https:\/\/duckdeco.lt\/en\/wp-json\/wp\/v2\/product"}],"about":[{"href":"https:\/\/duckdeco.lt\/en\/wp-json\/wp\/v2\/types\/product"}],"version-history":[{"count":3,"href":"https:\/\/duckdeco.lt\/en\/wp-json\/wp\/v2\/product\/13114\/revisions"}],"predecessor-version":[{"id":13130,"href":"https:\/\/duckdeco.lt\/en\/wp-json\/wp\/v2\/product\/13114\/revisions\/13130"}],"wp:featuredmedia":[{"embeddable":true,"href":"https:\/\/duckdeco.lt\/en\/wp-json\/wp\/v2\/media\/13115"}],"wp:attachment":[{"href":"https:\/\/duckdeco.lt\/en\/wp-json\/wp\/v2\/media?parent=13114"}],"wp:term":[{"taxonomy":"product_brand","embeddable":true,"href":"https:\/\/duckdeco.lt\/en\/wp-json\/wp\/v2\/product_brand?post=13114"},{"taxonomy":"product_cat","embeddable":true,"href":"https:\/\/duckdeco.lt\/en\/wp-json\/wp\/v2\/product_cat?post=13114"},{"taxonomy":"product_tag","embeddable":true,"href":"https:\/\/duckdeco.lt\/en\/wp-json\/wp\/v2\/product_tag?post=13114"}],"curies":[{"name":"wp","href":"https:\/\/api.w.org\/{rel}","templated":true}]}}