{"id":13142,"date":"2024-05-10T10:48:25","date_gmt":"2024-05-10T07:48:25","guid":{"rendered":"https:\/\/duckdeco.com\/?post_type=product&#038;p=13142"},"modified":"2024-12-04T11:44:04","modified_gmt":"2024-12-04T09:44:04","slug":"austas-paveikslas-kate","status":"publish","type":"product","link":"https:\/\/duckdeco.lt\/en\/product\/austas-paveikslas-kate\/","title":{"rendered":"Austas paveikslas \u201eKat\u0117\u201c"},"content":{"rendered":"<p>&nbsp;<\/p>\n<ul>\n<li><span class=\"HwtZe\" lang=\"lt\"><span class=\"jCAhz ChMk0b\"><span class=\"ryNqvb\">\u0160is austas sien\u0173 meno k\u016brinys taps j\u016bs\u0173 interjero i\u0161rai\u0161ka.<\/span><\/span> <span class=\"jCAhz ChMk0b\"><span class=\"ryNqvb\">Linksmas vielinio paveikslo dizainas su abstrak\u010dia kate suteikia nesenstan\u010di\u0105 ir eleganti\u0161k\u0105 i\u0161vaizd\u0105.<\/span><\/span> <\/span><\/li>\n<li class=\"lRu31\" dir=\"ltr\"><span class=\"HwtZe\" lang=\"lt\"><span class=\"jCAhz ChMk0b\"><span class=\"ryNqvb\">Tamsios spalvos gobelenas su raudonomis ir antracitin\u0117mis detal\u0117mis yra tvirtai supintas si\u016blais ir turi\u00a0 siaur\u0105 medin\u012f r\u0117m\u0105.\u00a0<\/span><\/span> <\/span><\/li>\n<li class=\"lRu31\" dir=\"ltr\">D\u0117l subtilios spalvin\u0117s gamos, lengvai der\u0117s skirtingo tipo interjeruose, bet to tai puiki dovana vertinantiems nat\u016bralum\u0105, trok\u0161tantiems originalumo.<\/li>\n<li class=\"lRu31\" dir=\"ltr\">Paveikslas yra su pakabinimo sistema.<br \/>\n<table width=\"405\">\n<tbody>\n<tr>\n<td width=\"91\">I\u0161matavimai: Ilgis 74 cm \/ Plotis 50 cm.<\/td>\n<\/tr>\n<\/tbody>\n<\/table>\n<\/li>\n<\/ul>\n<div class=\"UdTY9 WdefRb\" aria-hidden=\"true\" data-location=\"2\">\n<div class=\"kO6q6e\"><\/div>\n<\/div>","protected":false},"excerpt":{"rendered":"<p>&nbsp; \u0160is austas sien\u0173 meno k\u016brinys taps j\u016bs\u0173 interjero i\u0161rai\u0161ka. Linksmas vielinio paveikslo dizainas su abstrak\u010dia kate suteikia nesenstan\u010di\u0105 ir eleganti\u0161k\u0105 i\u0161vaizd\u0105. Tamsios spalvos gobelenas su raudonomis ir antracitin\u0117mis detal\u0117mis yra tvirtai supintas si\u016blais ir turi\u00a0 siaur\u0105 medin\u012f r\u0117m\u0105.\u00a0 D\u0117l subtilios spalvin\u0117s gamos, lengvai der\u0117s skirtingo tipo interjeruose, bet to tai puiki dovana vertinantiems nat\u016bralum\u0105, &hellip; <br \/><a href=\"https:\/\/duckdeco.lt\/en\/product\/austas-paveikslas-kate\/\" class=\"more-link\">Continue reading <span class=\"screen-reader-text\">Austas paveikslas \u201eKat\u0117\u201c<\/span><\/a><\/p>","protected":false},"featured_media":13143,"template":"","meta":{"_monsterinsights_skip_tracking":false,"_monsterinsights_sitenote_active":false,"_monsterinsights_sitenote_note":"","_monsterinsights_sitenote_category":0},"product_brand":[],"product_cat":[103,95,143],"product_tag":[335,336,332],"class_list":{"0":"post-13142","1":"product","2":"type-product","3":"status-publish","4":"has-post-thumbnail","6":"product_cat-dovanu-idejos","7":"product_cat-interjerui","8":"product_cat-paveikslai","9":"product_tag-austas-sienu-dekoras","10":"product_tag-kates-atvaizdas","11":"product_tag-paveikslas-namu-interjerui","13":"first","14":"instock","15":"taxable","16":"shipping-taxable","17":"purchasable","18":"product-type-simple"},"_links":{"self":[{"href":"https:\/\/duckdeco.lt\/en\/wp-json\/wp\/v2\/product\/13142","targetHints":{"allow":["GET"]}}],"collection":[{"href":"https:\/\/duckdeco.lt\/en\/wp-json\/wp\/v2\/product"}],"about":[{"href":"https:\/\/duckdeco.lt\/en\/wp-json\/wp\/v2\/types\/product"}],"version-history":[{"count":1,"href":"https:\/\/duckdeco.lt\/en\/wp-json\/wp\/v2\/product\/13142\/revisions"}],"predecessor-version":[{"id":13144,"href":"https:\/\/duckdeco.lt\/en\/wp-json\/wp\/v2\/product\/13142\/revisions\/13144"}],"wp:featuredmedia":[{"embeddable":true,"href":"https:\/\/duckdeco.lt\/en\/wp-json\/wp\/v2\/media\/13143"}],"wp:attachment":[{"href":"https:\/\/duckdeco.lt\/en\/wp-json\/wp\/v2\/media?parent=13142"}],"wp:term":[{"taxonomy":"product_brand","embeddable":true,"href":"https:\/\/duckdeco.lt\/en\/wp-json\/wp\/v2\/product_brand?post=13142"},{"taxonomy":"product_cat","embeddable":true,"href":"https:\/\/duckdeco.lt\/en\/wp-json\/wp\/v2\/product_cat?post=13142"},{"taxonomy":"product_tag","embeddable":true,"href":"https:\/\/duckdeco.lt\/en\/wp-json\/wp\/v2\/product_tag?post=13142"}],"curies":[{"name":"wp","href":"https:\/\/api.w.org\/{rel}","templated":true}]}}