{"id":13176,"date":"2024-05-13T08:47:03","date_gmt":"2024-05-13T05:47:03","guid":{"rendered":"https:\/\/duckdeco.com\/?post_type=product&#038;p=13176"},"modified":"2024-12-02T09:40:38","modified_gmt":"2024-12-02T07:40:38","slug":"vaza-rewa","status":"publish","type":"product","link":"https:\/\/duckdeco.lt\/en\/product\/vaza-rewa\/","title":{"rendered":"Vaza \u201eRewa\u201c"},"content":{"rendered":"<ul>\n<li>Keramikin\u0117 vaza i\u0161 Light &amp; Living prek\u0117s \u017eenklo kolekcijos. Ry\u0161ki spalva, subtilus dizainas, puikiai der\u0117s su vasarin\u0117mis lauko g\u0117l\u0117mis. Patogus dydis, nereikalauja daug vietos. Galite derinti kartu su kitomis pana\u0161aus tipo vazel\u0117mis ir sukurti nuotaiking\u0105 kompozicij\u0105.<\/li>\n<li>Detal\u0117s: med\u017eiaga &#8211; keramika.<\/li>\n<li>Spalva &#8211; geltona.<br \/>\n<table width=\"405\">\n<tbody>\n<tr>\n<td width=\"91\">I\u0161matavimai: Ilgis 14 cm \/ Plotis 14 cm \/ Auk\u0161tis 13 cm.<\/td>\n<\/tr>\n<\/tbody>\n<\/table>\n<p>.<\/li>\n<\/ul>","protected":false},"excerpt":{"rendered":"<p>Keramikin\u0117 vaza i\u0161 Light &amp; Living prek\u0117s \u017eenklo kolekcijos. Ry\u0161ki spalva, subtilus dizainas, puikiai der\u0117s su vasarin\u0117mis lauko g\u0117l\u0117mis. Patogus dydis, nereikalauja daug vietos. Galite derinti kartu su kitomis pana\u0161aus tipo vazel\u0117mis ir sukurti nuotaiking\u0105 kompozicij\u0105. Detal\u0117s: med\u017eiaga &#8211; keramika. Spalva &#8211; geltona. I\u0161matavimai: Ilgis 14 cm \/ Plotis 14 cm \/ Auk\u0161tis 13 cm. &hellip; <br \/><a href=\"https:\/\/duckdeco.lt\/en\/product\/vaza-rewa\/\" class=\"more-link\">Continue reading <span class=\"screen-reader-text\">Vaza \u201eRewa\u201c<\/span><\/a><\/p>","protected":false},"featured_media":13177,"template":"","meta":{"_monsterinsights_skip_tracking":false,"_monsterinsights_sitenote_active":false,"_monsterinsights_sitenote_note":"","_monsterinsights_sitenote_category":0},"product_brand":[],"product_cat":[103,95,101],"product_tag":[272,273,275,274],"class_list":{"0":"post-13176","1":"product","2":"type-product","3":"status-publish","4":"has-post-thumbnail","6":"product_cat-dovanu-idejos","7":"product_cat-interjerui","8":"product_cat-vazos","9":"product_tag-geltona-keramikine-vaza","10":"product_tag-minimalistinis-dizainas","11":"product_tag-ryski-spalva-interjere","12":"product_tag-vaza-gelems","14":"first","15":"instock","16":"taxable","17":"shipping-taxable","18":"purchasable","19":"product-type-simple"},"_links":{"self":[{"href":"https:\/\/duckdeco.lt\/en\/wp-json\/wp\/v2\/product\/13176","targetHints":{"allow":["GET"]}}],"collection":[{"href":"https:\/\/duckdeco.lt\/en\/wp-json\/wp\/v2\/product"}],"about":[{"href":"https:\/\/duckdeco.lt\/en\/wp-json\/wp\/v2\/types\/product"}],"version-history":[{"count":1,"href":"https:\/\/duckdeco.lt\/en\/wp-json\/wp\/v2\/product\/13176\/revisions"}],"predecessor-version":[{"id":13180,"href":"https:\/\/duckdeco.lt\/en\/wp-json\/wp\/v2\/product\/13176\/revisions\/13180"}],"wp:featuredmedia":[{"embeddable":true,"href":"https:\/\/duckdeco.lt\/en\/wp-json\/wp\/v2\/media\/13177"}],"wp:attachment":[{"href":"https:\/\/duckdeco.lt\/en\/wp-json\/wp\/v2\/media?parent=13176"}],"wp:term":[{"taxonomy":"product_brand","embeddable":true,"href":"https:\/\/duckdeco.lt\/en\/wp-json\/wp\/v2\/product_brand?post=13176"},{"taxonomy":"product_cat","embeddable":true,"href":"https:\/\/duckdeco.lt\/en\/wp-json\/wp\/v2\/product_cat?post=13176"},{"taxonomy":"product_tag","embeddable":true,"href":"https:\/\/duckdeco.lt\/en\/wp-json\/wp\/v2\/product_tag?post=13176"}],"curies":[{"name":"wp","href":"https:\/\/api.w.org\/{rel}","templated":true}]}}