{"id":13211,"date":"2024-05-13T11:41:32","date_gmt":"2024-05-13T08:41:32","guid":{"rendered":"https:\/\/duckdeco.com\/?post_type=product&#038;p=13211"},"modified":"2026-01-14T15:49:04","modified_gmt":"2026-01-14T13:49:04","slug":"inkilas-ramune","status":"publish","type":"product","link":"https:\/\/duckdeco.lt\/en\/product\/inkilas-ramune\/","title":{"rendered":"Inkilas \u201eRamun\u0117\u201c"},"content":{"rendered":"<ul>\n<li>Sukurtas ma\u017eiausiems pauk\u0161teliams, esant at\u0161iaurioms oro s\u0105lygoms suteikia pastog\u0119 ir apsaug\u0105 nuo pl\u0117\u0161r\u016bn\u0173.<\/li>\n<li>\u017daismingas sodybos akcentas, dekoruotas mielomis detal\u0117mis, dovan\u0173 id\u0117ja naujakuriams ar pavasario \u0161ven\u010di\u0173 proga.<\/li>\n<li>Detal\u0117s: med\u017eiaga \u2013 FSC sertifikuota mediena.<\/li>\n<li>Spalva &#8211; geltona.<\/li>\n<\/ul>\n<table width=\"439\">\n<tbody>\n<tr>\n<td width=\"91\">I\u0161matavimai: Ilgis 14 cm \/ Plotis 10 cm \/ Auk\u0161tis 21,5 cm.<\/td>\n<\/tr>\n<\/tbody>\n<\/table>","protected":false},"excerpt":{"rendered":"<p>Sukurtas ma\u017eiausiems pauk\u0161teliams, esant at\u0161iaurioms oro s\u0105lygoms suteikia pastog\u0119 ir apsaug\u0105 nuo pl\u0117\u0161r\u016bn\u0173. \u017daismingas sodybos akcentas, dekoruotas mielomis detal\u0117mis, dovan\u0173 id\u0117ja naujakuriams ar pavasario \u0161ven\u010di\u0173 proga. Detal\u0117s: med\u017eiaga \u2013 FSC sertifikuota mediena. Spalva &#8211; geltona. I\u0161matavimai: Ilgis 14 cm \/ Plotis 10 cm \/ Auk\u0161tis 21,5 cm.<\/p>","protected":false},"featured_media":13212,"template":"","meta":{"_monsterinsights_skip_tracking":false,"_monsterinsights_sitenote_active":false,"_monsterinsights_sitenote_note":"","_monsterinsights_sitenote_category":0},"product_brand":[],"product_cat":[103],"product_tag":[262,263,265,264],"class_list":{"0":"post-13211","1":"product","2":"type-product","3":"status-publish","4":"has-post-thumbnail","6":"product_cat-dovanu-idejos","7":"product_tag-dekoratyvinis-inkilas","8":"product_tag-pauksciu-namelis-is-fsc-sertifikuotos-medienos","9":"product_tag-pavasarine-tematika","10":"product_tag-sodo-dekoracija","12":"first","13":"outofstock","14":"featured","15":"taxable","16":"shipping-taxable","17":"purchasable","18":"product-type-simple"},"_links":{"self":[{"href":"https:\/\/duckdeco.lt\/en\/wp-json\/wp\/v2\/product\/13211","targetHints":{"allow":["GET"]}}],"collection":[{"href":"https:\/\/duckdeco.lt\/en\/wp-json\/wp\/v2\/product"}],"about":[{"href":"https:\/\/duckdeco.lt\/en\/wp-json\/wp\/v2\/types\/product"}],"version-history":[{"count":1,"href":"https:\/\/duckdeco.lt\/en\/wp-json\/wp\/v2\/product\/13211\/revisions"}],"predecessor-version":[{"id":13213,"href":"https:\/\/duckdeco.lt\/en\/wp-json\/wp\/v2\/product\/13211\/revisions\/13213"}],"wp:featuredmedia":[{"embeddable":true,"href":"https:\/\/duckdeco.lt\/en\/wp-json\/wp\/v2\/media\/13212"}],"wp:attachment":[{"href":"https:\/\/duckdeco.lt\/en\/wp-json\/wp\/v2\/media?parent=13211"}],"wp:term":[{"taxonomy":"product_brand","embeddable":true,"href":"https:\/\/duckdeco.lt\/en\/wp-json\/wp\/v2\/product_brand?post=13211"},{"taxonomy":"product_cat","embeddable":true,"href":"https:\/\/duckdeco.lt\/en\/wp-json\/wp\/v2\/product_cat?post=13211"},{"taxonomy":"product_tag","embeddable":true,"href":"https:\/\/duckdeco.lt\/en\/wp-json\/wp\/v2\/product_tag?post=13211"}],"curies":[{"name":"wp","href":"https:\/\/api.w.org\/{rel}","templated":true}]}}