{"id":13225,"date":"2024-05-13T13:18:42","date_gmt":"2024-05-13T10:18:42","guid":{"rendered":"https:\/\/duckdeco.com\/?post_type=product&#038;p=13225"},"modified":"2025-11-17T14:51:47","modified_gmt":"2025-11-17T12:51:47","slug":"vaza-douro-m","status":"publish","type":"product","link":"https:\/\/duckdeco.lt\/en\/product\/vaza-douro-m\/","title":{"rendered":"Vaza \u201eDouro\u201c M"},"content":{"rendered":"<ul>\n<li><span class=\"HwtZe\" lang=\"lt\"><span class=\"jCAhz ChMk0b\"><span class=\"ryNqvb\">Vaza \u201eDouro\u201c yra rafinuotas ir \u0161iuolaiki\u0161kas k\u016brinys, \u012fsp\u016bdinga ir unikali forma suteikia \u0161iuolaiki\u0161kumo. D\u0117l ypatingo dizaino vaza tikrai traukia ak\u012f, nesvarbu, kurioje nam\u0173 vietoje j\u0105 statysite. <\/span><\/span><\/span><\/li>\n<li><span class=\"HwtZe\" lang=\"lt\"><span class=\"jCAhz ChMk0b\"><span class=\"ryNqvb\">Rudas skaidrus stiklas suteikia vazai paslaptingumo ir elegancijos, tod\u0117l tai yra universalus akcentas, lengvai derantis prie skirting\u0173 interjero stili\u0173. <\/span><\/span><\/span><span class=\"HwtZe\" lang=\"lt\"><span class=\"jCAhz ChMk0b\"><span class=\"ryNqvb\">Nesvarbu, ar j\u016bs\u0173 interjeras yra minimalistinis, modernus ar klasikinis, Douro vaza suteikia aplinkai subtilios prabangos. <\/span><\/span><\/span><\/li>\n<li><span class=\"HwtZe\" lang=\"lt\"><span class=\"jCAhz ChMk0b\"><span class=\"ryNqvb\">Siekiant sukurti harmoning\u0105 ir vientis\u0105 kompozicij\u0105 galima derinti trij\u0173 skirting\u0173 dyd\u017ei\u0173 vazas. Tai ne tik funkcionalus objektas g\u0117l\u0117ms, bet ir meni\u0161kas dekoro elementas J\u016bs\u0173 namams.<\/span><\/span><\/span><\/li>\n<li><span class=\"HwtZe\" lang=\"lt\"><span class=\"jCAhz ChMk0b\"><span class=\"ryNqvb\"> Detal\u0117s: med\u017eiaga \u2013 stiklas. <\/span><\/span><\/span><\/li>\n<li><span class=\"HwtZe\" lang=\"lt\"><span class=\"jCAhz ChMk0b\"><span class=\"ryNqvb\">Spalva \u2013 ruda.<\/span><\/span><\/span><\/li>\n<\/ul>\n<table width=\"405\">\n<tbody>\n<tr>\n<td width=\"91\">I\u0161matavimai: Ilgis 17 cm \/ Plotis 17 cm \/ Auk\u0161tis 22 cm.<\/td>\n<\/tr>\n<\/tbody>\n<\/table>","protected":false},"excerpt":{"rendered":"<p>Vaza \u201eDouro\u201c yra rafinuotas ir \u0161iuolaiki\u0161kas k\u016brinys, \u012fsp\u016bdinga ir unikali forma suteikia \u0161iuolaiki\u0161kumo. D\u0117l ypatingo dizaino vaza tikrai traukia ak\u012f, nesvarbu, kurioje nam\u0173 vietoje j\u0105 statysite. Rudas skaidrus stiklas suteikia vazai paslaptingumo ir elegancijos, tod\u0117l tai yra universalus akcentas, lengvai derantis prie skirting\u0173 interjero stili\u0173. Nesvarbu, ar j\u016bs\u0173 interjeras yra minimalistinis, modernus ar klasikinis, Douro &hellip; <br \/><a href=\"https:\/\/duckdeco.lt\/en\/product\/vaza-douro-m\/\" class=\"more-link\">Continue reading <span class=\"screen-reader-text\">Vaza \u201eDouro\u201c M<\/span><\/a><\/p>","protected":false},"featured_media":13226,"template":"","meta":{"_monsterinsights_skip_tracking":false,"_monsterinsights_sitenote_active":false,"_monsterinsights_sitenote_note":"","_monsterinsights_sitenote_category":0},"product_brand":[],"product_cat":[103,95,101],"product_tag":[254,255,253],"class_list":{"0":"post-13225","1":"product","2":"type-product","3":"status-publish","4":"has-post-thumbnail","6":"product_cat-dovanu-idejos","7":"product_cat-interjerui","8":"product_cat-vazos","9":"product_tag-modernus-interjeras","10":"product_tag-netaisyklingos-formos-vaza","11":"product_tag-rudo-stiklo-vaza","13":"first","14":"outofstock","15":"taxable","16":"shipping-taxable","17":"purchasable","18":"product-type-simple"},"_links":{"self":[{"href":"https:\/\/duckdeco.lt\/en\/wp-json\/wp\/v2\/product\/13225","targetHints":{"allow":["GET"]}}],"collection":[{"href":"https:\/\/duckdeco.lt\/en\/wp-json\/wp\/v2\/product"}],"about":[{"href":"https:\/\/duckdeco.lt\/en\/wp-json\/wp\/v2\/types\/product"}],"version-history":[{"count":1,"href":"https:\/\/duckdeco.lt\/en\/wp-json\/wp\/v2\/product\/13225\/revisions"}],"predecessor-version":[{"id":13228,"href":"https:\/\/duckdeco.lt\/en\/wp-json\/wp\/v2\/product\/13225\/revisions\/13228"}],"wp:featuredmedia":[{"embeddable":true,"href":"https:\/\/duckdeco.lt\/en\/wp-json\/wp\/v2\/media\/13226"}],"wp:attachment":[{"href":"https:\/\/duckdeco.lt\/en\/wp-json\/wp\/v2\/media?parent=13225"}],"wp:term":[{"taxonomy":"product_brand","embeddable":true,"href":"https:\/\/duckdeco.lt\/en\/wp-json\/wp\/v2\/product_brand?post=13225"},{"taxonomy":"product_cat","embeddable":true,"href":"https:\/\/duckdeco.lt\/en\/wp-json\/wp\/v2\/product_cat?post=13225"},{"taxonomy":"product_tag","embeddable":true,"href":"https:\/\/duckdeco.lt\/en\/wp-json\/wp\/v2\/product_tag?post=13225"}],"curies":[{"name":"wp","href":"https:\/\/api.w.org\/{rel}","templated":true}]}}