{"id":13233,"date":"2024-05-13T14:28:53","date_gmt":"2024-05-13T11:28:53","guid":{"rendered":"https:\/\/duckdeco.com\/?post_type=product&#038;p=13233"},"modified":"2025-11-17T15:48:38","modified_gmt":"2025-11-17T13:48:38","slug":"spiralines-zvakes-rose","status":"publish","type":"product","link":"https:\/\/duckdeco.lt\/en\/product\/spiralines-zvakes-rose\/","title":{"rendered":"Spiralin\u0117s \u017evak\u0117s \u201eRose\u201c"},"content":{"rendered":"<ul>\n<li><span class=\"HwtZe\" lang=\"lt\"><span class=\"jCAhz ChMk0b\"><span class=\"ryNqvb\">Pasinerkite \u012f \u0161ilt\u0105 atmosfer\u0105 su HD COLLECTION prek\u0117s \u017eenklo spiralin\u0117mis \u017evak\u0117mis.<\/span><\/span> <span class=\"jCAhz ChMk0b\"><span class=\"ryNqvb\">Kruop\u0161\u010diai pagamintos i\u0161 auk\u0161tos kokyb\u0117s va\u0161ko, kiekviena \u017evak\u0117 turi skirting\u0105 spiral\u0117s ra\u0161t\u0105. <\/span><\/span><\/span><\/li>\n<li><span class=\"HwtZe\" lang=\"lt\"><span class=\"HwtZe\" lang=\"lt\"><span class=\"jCAhz ChMk0b\"><span class=\"ryNqvb\">Unikali \u017evaki\u0173 forma sukuria patraukl\u0173 vizualin\u012f efekt\u0105, suteikia rafinuotumo J\u016bs\u0173 erdvei. \u0160velni spalva suteiks jaukumo vakarien\u0117s metu arba poilsio zonoje. <\/span><\/span><\/span><\/span><\/li>\n<li><span class=\"HwtZe\" lang=\"lt\"><span class=\"HwtZe\" lang=\"lt\">Komplekt\u0105 sudaro 4 vnt. <\/span><\/span><\/li>\n<li><span class=\"HwtZe\" lang=\"lt\"><span class=\"HwtZe\" lang=\"lt\">Detal\u0117s: med\u017eiaga &#8211; va\u0161kas. <\/span><\/span><\/li>\n<li><span class=\"HwtZe\" lang=\"lt\"><span class=\"HwtZe\" lang=\"lt\">Spalva &#8211; ro\u017ein\u0117.<\/span><\/span><br \/>\n<table width=\"405\">\n<tbody>\n<tr>\n<td width=\"91\">I\u0161matavimai: Auk\u0161tis 31 cm.<\/td>\n<\/tr>\n<\/tbody>\n<\/table>\n<\/li>\n<\/ul>","protected":false},"excerpt":{"rendered":"<p>Pasinerkite \u012f \u0161ilt\u0105 atmosfer\u0105 su HD COLLECTION prek\u0117s \u017eenklo spiralin\u0117mis \u017evak\u0117mis. Kruop\u0161\u010diai pagamintos i\u0161 auk\u0161tos kokyb\u0117s va\u0161ko, kiekviena \u017evak\u0117 turi skirting\u0105 spiral\u0117s ra\u0161t\u0105. Unikali \u017evaki\u0173 forma sukuria patraukl\u0173 vizualin\u012f efekt\u0105, suteikia rafinuotumo J\u016bs\u0173 erdvei. \u0160velni spalva suteiks jaukumo vakarien\u0117s metu arba poilsio zonoje. Komplekt\u0105 sudaro 4 vnt. Detal\u0117s: med\u017eiaga &#8211; va\u0161kas. Spalva &#8211; ro\u017ein\u0117. I\u0161matavimai: &hellip; <br \/><a href=\"https:\/\/duckdeco.lt\/en\/product\/spiralines-zvakes-rose\/\" class=\"more-link\">Continue reading <span class=\"screen-reader-text\">Spiralin\u0117s \u017evak\u0117s \u201eRose\u201c<\/span><\/a><\/p>","protected":false},"featured_media":13234,"template":"","meta":{"_monsterinsights_skip_tracking":false,"_monsterinsights_sitenote_active":false,"_monsterinsights_sitenote_note":"","_monsterinsights_sitenote_category":0},"product_brand":[],"product_cat":[106,144],"product_tag":[508],"class_list":{"0":"post-13233","1":"product","2":"type-product","3":"status-publish","4":"has-post-thumbnail","6":"product_cat-dekoras-sventems","7":"product_cat-zvakes","8":"product_tag-spiralines-zvakes","10":"first","11":"outofstock","12":"taxable","13":"shipping-taxable","14":"purchasable","15":"product-type-simple"},"_links":{"self":[{"href":"https:\/\/duckdeco.lt\/en\/wp-json\/wp\/v2\/product\/13233","targetHints":{"allow":["GET"]}}],"collection":[{"href":"https:\/\/duckdeco.lt\/en\/wp-json\/wp\/v2\/product"}],"about":[{"href":"https:\/\/duckdeco.lt\/en\/wp-json\/wp\/v2\/types\/product"}],"version-history":[{"count":1,"href":"https:\/\/duckdeco.lt\/en\/wp-json\/wp\/v2\/product\/13233\/revisions"}],"predecessor-version":[{"id":13237,"href":"https:\/\/duckdeco.lt\/en\/wp-json\/wp\/v2\/product\/13233\/revisions\/13237"}],"wp:featuredmedia":[{"embeddable":true,"href":"https:\/\/duckdeco.lt\/en\/wp-json\/wp\/v2\/media\/13234"}],"wp:attachment":[{"href":"https:\/\/duckdeco.lt\/en\/wp-json\/wp\/v2\/media?parent=13233"}],"wp:term":[{"taxonomy":"product_brand","embeddable":true,"href":"https:\/\/duckdeco.lt\/en\/wp-json\/wp\/v2\/product_brand?post=13233"},{"taxonomy":"product_cat","embeddable":true,"href":"https:\/\/duckdeco.lt\/en\/wp-json\/wp\/v2\/product_cat?post=13233"},{"taxonomy":"product_tag","embeddable":true,"href":"https:\/\/duckdeco.lt\/en\/wp-json\/wp\/v2\/product_tag?post=13233"}],"curies":[{"name":"wp","href":"https:\/\/api.w.org\/{rel}","templated":true}]}}