{"id":13249,"date":"2024-05-13T15:39:40","date_gmt":"2024-05-13T12:39:40","guid":{"rendered":"https:\/\/duckdeco.com\/?post_type=product&#038;p=13249"},"modified":"2025-01-29T15:50:31","modified_gmt":"2025-01-29T13:50:31","slug":"cilindrine-zvake-eucalyptus","status":"publish","type":"product","link":"https:\/\/duckdeco.lt\/en\/product\/cilindrine-zvake-eucalyptus\/","title":{"rendered":"Cilindrin\u0117 \u017evak\u0117 \u201eEucalyptus\u201c"},"content":{"rendered":"<ul>\n<li><span class=\"HwtZe\" lang=\"lt\"><span class=\"HwtZe\" lang=\"lt\"><span class=\"jCAhz ChMk0b\"><span class=\"ryNqvb\">Rustik lys prek\u0117s \u017eenklo cilindrin\u0117s \u017evak\u0117s, i\u0161siskirian\u010dios \u012fsp\u016bdingu dyd\u017eiu ir blizgiomis spalvomis. Tai, kad \u017evak\u0117s yra vientisos spalvos n\u0117ra tr\u016bkumas, tai privalumas, kadangi taip liepsna gra\u017eiai prasiskverbia,\u00a0 leid\u017eia optimaliai m\u0117gautis \u017evaki\u0173 \u0161viesa. <\/span><\/span><\/span><\/span><\/li>\n<li><span class=\"HwtZe\" lang=\"lt\"><span class=\"HwtZe\" lang=\"lt\"><span class=\"jCAhz ChMk0b\"><span class=\"ryNqvb\">Derinkite to paties dizaino keli\u0173 skirting\u0173 spalv\u0173 bei dyd\u017ei\u0173 \u017evakes, kad sukurtum\u0117te tobul\u0105 atmosfer\u0105. <\/span><\/span><\/span><\/span><\/li>\n<li><span class=\"HwtZe\" lang=\"lt\"><span class=\"HwtZe\" lang=\"lt\"><span class=\"jCAhz ChMk0b\"><span class=\"ryNqvb\">Detal\u0117s: med\u017eiaga &#8211; va\u0161kas. <\/span><\/span><\/span><\/span><\/li>\n<li><span class=\"HwtZe\" lang=\"lt\"><span class=\"HwtZe\" lang=\"lt\"><span class=\"jCAhz ChMk0b\"><span class=\"ryNqvb\">Spalva &#8211; eukalipto. <\/span><\/span><\/span><\/span><\/li>\n<li><span class=\"HwtZe\" lang=\"lt\"><span class=\"HwtZe\" lang=\"lt\"><span class=\"jCAhz ChMk0b\"><span class=\"ryNqvb\">Dega +\/- 79 val.<br \/>\n<\/span><\/span><\/span><\/span><\/p>\n<table width=\"405\">\n<tbody>\n<tr>\n<td width=\"91\">I\u0161matavimai: Skersmuo 10 cm \/ Auk\u0161tis 15 cm.<\/td>\n<\/tr>\n<\/tbody>\n<\/table>\n<p><span class=\"HwtZe\" lang=\"lt\"><span class=\"jCAhz ChMk0b\"><span class=\"ryNqvb\"><br \/>\n<\/span><\/span><br \/>\n<\/span><\/li>\n<\/ul>","protected":false},"excerpt":{"rendered":"<p>Rustik lys prek\u0117s \u017eenklo cilindrin\u0117s \u017evak\u0117s, i\u0161siskirian\u010dios \u012fsp\u016bdingu dyd\u017eiu ir blizgiomis spalvomis. Tai, kad \u017evak\u0117s yra vientisos spalvos n\u0117ra tr\u016bkumas, tai privalumas, kadangi taip liepsna gra\u017eiai prasiskverbia,\u00a0 leid\u017eia optimaliai m\u0117gautis \u017evaki\u0173 \u0161viesa. Derinkite to paties dizaino keli\u0173 skirting\u0173 spalv\u0173 bei dyd\u017ei\u0173 \u017evakes, kad sukurtum\u0117te tobul\u0105 atmosfer\u0105. Detal\u0117s: med\u017eiaga &#8211; va\u0161kas. Spalva &#8211; eukalipto. Dega +\/- &hellip; <br \/><a href=\"https:\/\/duckdeco.lt\/en\/product\/cilindrine-zvake-eucalyptus\/\" class=\"more-link\">Continue reading <span class=\"screen-reader-text\">Cilindrin\u0117 \u017evak\u0117 \u201eEucalyptus\u201c<\/span><\/a><\/p>","protected":false},"featured_media":13250,"template":"","meta":{"_monsterinsights_skip_tracking":false,"_monsterinsights_sitenote_active":false,"_monsterinsights_sitenote_note":"","_monsterinsights_sitenote_category":0},"product_brand":[],"product_cat":[106,144],"product_tag":[],"class_list":{"0":"post-13249","1":"product","2":"type-product","3":"status-publish","4":"has-post-thumbnail","6":"product_cat-dekoras-sventems","7":"product_cat-zvakes","9":"first","10":"outofstock","11":"taxable","12":"shipping-taxable","13":"purchasable","14":"product-type-simple"},"_links":{"self":[{"href":"https:\/\/duckdeco.lt\/en\/wp-json\/wp\/v2\/product\/13249","targetHints":{"allow":["GET"]}}],"collection":[{"href":"https:\/\/duckdeco.lt\/en\/wp-json\/wp\/v2\/product"}],"about":[{"href":"https:\/\/duckdeco.lt\/en\/wp-json\/wp\/v2\/types\/product"}],"version-history":[{"count":2,"href":"https:\/\/duckdeco.lt\/en\/wp-json\/wp\/v2\/product\/13249\/revisions"}],"predecessor-version":[{"id":13261,"href":"https:\/\/duckdeco.lt\/en\/wp-json\/wp\/v2\/product\/13249\/revisions\/13261"}],"wp:featuredmedia":[{"embeddable":true,"href":"https:\/\/duckdeco.lt\/en\/wp-json\/wp\/v2\/media\/13250"}],"wp:attachment":[{"href":"https:\/\/duckdeco.lt\/en\/wp-json\/wp\/v2\/media?parent=13249"}],"wp:term":[{"taxonomy":"product_brand","embeddable":true,"href":"https:\/\/duckdeco.lt\/en\/wp-json\/wp\/v2\/product_brand?post=13249"},{"taxonomy":"product_cat","embeddable":true,"href":"https:\/\/duckdeco.lt\/en\/wp-json\/wp\/v2\/product_cat?post=13249"},{"taxonomy":"product_tag","embeddable":true,"href":"https:\/\/duckdeco.lt\/en\/wp-json\/wp\/v2\/product_tag?post=13249"}],"curies":[{"name":"wp","href":"https:\/\/api.w.org\/{rel}","templated":true}]}}