{"id":13295,"date":"2024-05-14T12:33:21","date_gmt":"2024-05-14T09:33:21","guid":{"rendered":"https:\/\/duckdeco.com\/?post_type=product&#038;p=13295"},"modified":"2026-02-27T11:21:08","modified_gmt":"2026-02-27T09:21:08","slug":"zvakes-iwory","status":"publish","type":"product","link":"https:\/\/duckdeco.lt\/en\/product\/zvakes-iwory\/","title":{"rendered":"\u017dvak\u0117s \u201eIwory\u201c"},"content":{"rendered":"<ul>\n<li class=\"lRu31\" dir=\"ltr\"><span class=\"HwtZe\" lang=\"lt\"><span class=\"jCAhz ChMk0b\"><span class=\"ryNqvb\">\u017dvaki\u0173 rinkin\u012f sudaro 2 vnt. <\/span><\/span><\/span><\/li>\n<li class=\"lRu31\" dir=\"ltr\"><span class=\"HwtZe\" lang=\"lt\"><span class=\"jCAhz ChMk0b\"><span class=\"ryNqvb\">Detal\u0117s: med\u017eiaga \u2013 va\u0161kas. <\/span><\/span><\/span><\/li>\n<li class=\"lRu31\" dir=\"ltr\"><span class=\"HwtZe\" lang=\"lt\"><span class=\"jCAhz ChMk0b\"><span class=\"ryNqvb\">Spalva \u2013 dramblio kaulo. <\/span><\/span><\/span><\/li>\n<\/ul>\n<div class=\"lRu31\" dir=\"ltr\">\n<table width=\"405\">\n<tbody>\n<tr>\n<td width=\"91\">I\u0161matavimai: Skersmuo 2,2 cm \/ Auk\u0161tis 25 cm.<\/td>\n<\/tr>\n<\/tbody>\n<\/table>\n<\/div>","protected":false},"excerpt":{"rendered":"<p>\u017dvaki\u0173 rinkin\u012f sudaro 2 vnt. Detal\u0117s: med\u017eiaga \u2013 va\u0161kas. Spalva \u2013 dramblio kaulo. I\u0161matavimai: Skersmuo 2,2 cm \/ Auk\u0161tis 25 cm.<\/p>","protected":false},"featured_media":13296,"template":"","meta":{"_monsterinsights_skip_tracking":false,"_monsterinsights_sitenote_active":false,"_monsterinsights_sitenote_note":"","_monsterinsights_sitenote_category":0},"product_brand":[],"product_cat":[106,144],"product_tag":[507],"class_list":{"0":"post-13295","1":"product","2":"type-product","3":"status-publish","4":"has-post-thumbnail","6":"product_cat-dekoras-sventems","7":"product_cat-zvakes","8":"product_tag-zvakiu-rinkinys","10":"first","11":"outofstock","12":"taxable","13":"shipping-taxable","14":"purchasable","15":"product-type-simple"},"_links":{"self":[{"href":"https:\/\/duckdeco.lt\/en\/wp-json\/wp\/v2\/product\/13295","targetHints":{"allow":["GET"]}}],"collection":[{"href":"https:\/\/duckdeco.lt\/en\/wp-json\/wp\/v2\/product"}],"about":[{"href":"https:\/\/duckdeco.lt\/en\/wp-json\/wp\/v2\/types\/product"}],"version-history":[{"count":3,"href":"https:\/\/duckdeco.lt\/en\/wp-json\/wp\/v2\/product\/13295\/revisions"}],"predecessor-version":[{"id":15076,"href":"https:\/\/duckdeco.lt\/en\/wp-json\/wp\/v2\/product\/13295\/revisions\/15076"}],"wp:featuredmedia":[{"embeddable":true,"href":"https:\/\/duckdeco.lt\/en\/wp-json\/wp\/v2\/media\/13296"}],"wp:attachment":[{"href":"https:\/\/duckdeco.lt\/en\/wp-json\/wp\/v2\/media?parent=13295"}],"wp:term":[{"taxonomy":"product_brand","embeddable":true,"href":"https:\/\/duckdeco.lt\/en\/wp-json\/wp\/v2\/product_brand?post=13295"},{"taxonomy":"product_cat","embeddable":true,"href":"https:\/\/duckdeco.lt\/en\/wp-json\/wp\/v2\/product_cat?post=13295"},{"taxonomy":"product_tag","embeddable":true,"href":"https:\/\/duckdeco.lt\/en\/wp-json\/wp\/v2\/product_tag?post=13295"}],"curies":[{"name":"wp","href":"https:\/\/api.w.org\/{rel}","templated":true}]}}