{"id":13299,"date":"2024-05-14T12:56:16","date_gmt":"2024-05-14T09:56:16","guid":{"rendered":"https:\/\/duckdeco.com\/?post_type=product&#038;p=13299"},"modified":"2026-02-27T11:20:12","modified_gmt":"2026-02-27T09:20:12","slug":"spiralines-zvakes-groen","status":"publish","type":"product","link":"https:\/\/duckdeco.lt\/en\/product\/spiralines-zvakes-groen\/","title":{"rendered":"Spiralin\u0117s \u017evak\u0117s \u201eGroen\u201c"},"content":{"rendered":"<ul>\n<li><span class=\"HwtZe\" lang=\"lt\"><span class=\"jCAhz ChMk0b\"><span class=\"ryNqvb\">Unikali \u017evaki\u0173 forma sukurs patraukl\u0173 vizualin\u012f efekt\u0105, sodri spalva suteiks elegancijos \u012fsp\u016bd\u012f \u0161ventin\u0117s vakarien\u0117s metu arba prid\u0117s jaukumo J\u016bs\u0173 poilsio zonoje. <\/span><\/span><\/span><\/li>\n<li>Komplekt\u0105 sudaro 6 vnt.<\/li>\n<li>Detal\u0117s: med\u017eiaga &#8211; va\u0161kas.<\/li>\n<li>Spalva &#8211; \u017ealia.<\/li>\n<\/ul>\n<div class=\"UdTY9 WdefRb\" aria-hidden=\"true\" data-location=\"2\">\n<div class=\"kO6q6e\">\n<ul>\n<li>\n<table width=\"405\">\n<tbody>\n<tr>\n<td width=\"91\">I\u0161matavimai: Skersmuo 2 cm \/ Auk\u0161tis 30 cm.<\/td>\n<\/tr>\n<\/tbody>\n<\/table>\n<\/li>\n<\/ul>\n<\/div>\n<\/div>","protected":false},"excerpt":{"rendered":"<p>Unikali \u017evaki\u0173 forma sukurs patraukl\u0173 vizualin\u012f efekt\u0105, sodri spalva suteiks elegancijos \u012fsp\u016bd\u012f \u0161ventin\u0117s vakarien\u0117s metu arba prid\u0117s jaukumo J\u016bs\u0173 poilsio zonoje. Komplekt\u0105 sudaro 6 vnt. Detal\u0117s: med\u017eiaga &#8211; va\u0161kas. Spalva &#8211; \u017ealia. I\u0161matavimai: Skersmuo 2 cm \/ Auk\u0161tis 30 cm.<\/p>","protected":false},"featured_media":13300,"template":"","meta":{"_monsterinsights_skip_tracking":false,"_monsterinsights_sitenote_active":false,"_monsterinsights_sitenote_note":"","_monsterinsights_sitenote_category":0},"product_brand":[],"product_cat":[106,144],"product_tag":[508],"class_list":{"0":"post-13299","1":"product","2":"type-product","3":"status-publish","4":"has-post-thumbnail","6":"product_cat-dekoras-sventems","7":"product_cat-zvakes","8":"product_tag-spiralines-zvakes","10":"first","11":"outofstock","12":"taxable","13":"shipping-taxable","14":"purchasable","15":"product-type-simple"},"_links":{"self":[{"href":"https:\/\/duckdeco.lt\/en\/wp-json\/wp\/v2\/product\/13299","targetHints":{"allow":["GET"]}}],"collection":[{"href":"https:\/\/duckdeco.lt\/en\/wp-json\/wp\/v2\/product"}],"about":[{"href":"https:\/\/duckdeco.lt\/en\/wp-json\/wp\/v2\/types\/product"}],"version-history":[{"count":3,"href":"https:\/\/duckdeco.lt\/en\/wp-json\/wp\/v2\/product\/13299\/revisions"}],"predecessor-version":[{"id":15074,"href":"https:\/\/duckdeco.lt\/en\/wp-json\/wp\/v2\/product\/13299\/revisions\/15074"}],"wp:featuredmedia":[{"embeddable":true,"href":"https:\/\/duckdeco.lt\/en\/wp-json\/wp\/v2\/media\/13300"}],"wp:attachment":[{"href":"https:\/\/duckdeco.lt\/en\/wp-json\/wp\/v2\/media?parent=13299"}],"wp:term":[{"taxonomy":"product_brand","embeddable":true,"href":"https:\/\/duckdeco.lt\/en\/wp-json\/wp\/v2\/product_brand?post=13299"},{"taxonomy":"product_cat","embeddable":true,"href":"https:\/\/duckdeco.lt\/en\/wp-json\/wp\/v2\/product_cat?post=13299"},{"taxonomy":"product_tag","embeddable":true,"href":"https:\/\/duckdeco.lt\/en\/wp-json\/wp\/v2\/product_tag?post=13299"}],"curies":[{"name":"wp","href":"https:\/\/api.w.org\/{rel}","templated":true}]}}