{"id":13317,"date":"2024-05-14T14:45:21","date_gmt":"2024-05-14T11:45:21","guid":{"rendered":"https:\/\/duckdeco.com\/?post_type=product&#038;p=13317"},"modified":"2025-11-17T15:49:39","modified_gmt":"2025-11-17T13:49:39","slug":"zvakes-roze","status":"publish","type":"product","link":"https:\/\/duckdeco.lt\/en\/product\/zvakes-roze\/","title":{"rendered":"\u017dvak\u0117s \u201eRoze\u201c"},"content":{"rendered":"<ul>\n<li><span class=\"HwtZe\" lang=\"lt\"><span class=\"jCAhz ChMk0b\"><span class=\"ryNqvb\">\u017daismingas vakarien\u0117s \u017evaki\u0173 rinkinys i\u0161 HD COLLECTION prek\u0117s \u017eenklo kolekcijos. Dviej\u0173 pereinan\u010di\u0173 spalv\u0173 derinys, sukurs patraukl\u0173 vizualin\u012f vaizd\u0105. Tai nuotaikingos \u017evak\u0117s, kurios puikiai tiks romanti\u0161kai vakarienei nuteiks ramiam ir harmoningam poilsiui. <\/span><\/span><\/span><\/li>\n<li><span class=\"HwtZe\" lang=\"lt\">Komplekt\u0105 sudaro 4 vnt. <\/span><\/li>\n<li><span class=\"HwtZe\" lang=\"lt\">Detal\u0117s: med\u017eiaga \u2013 va\u0161kas. <\/span><\/li>\n<li><span class=\"HwtZe\" lang=\"lt\">Spalva \u2013 balta \/ ro\u017ein\u0117.<\/span><br \/>\n<table width=\"405\">\n<tbody>\n<tr>\n<td width=\"91\">I\u0161matavimai: Skersmuo 3 cm \/ Auk\u0161tis 31 cm.<\/td>\n<\/tr>\n<\/tbody>\n<\/table>\n<\/li>\n<\/ul>","protected":false},"excerpt":{"rendered":"<p>\u017daismingas vakarien\u0117s \u017evaki\u0173 rinkinys i\u0161 HD COLLECTION prek\u0117s \u017eenklo kolekcijos. Dviej\u0173 pereinan\u010di\u0173 spalv\u0173 derinys, sukurs patraukl\u0173 vizualin\u012f vaizd\u0105. Tai nuotaikingos \u017evak\u0117s, kurios puikiai tiks romanti\u0161kai vakarienei nuteiks ramiam ir harmoningam poilsiui. Komplekt\u0105 sudaro 4 vnt. Detal\u0117s: med\u017eiaga \u2013 va\u0161kas. Spalva \u2013 balta \/ ro\u017ein\u0117. I\u0161matavimai: Skersmuo 3 cm \/ Auk\u0161tis 31 cm.<\/p>","protected":false},"featured_media":13324,"template":"","meta":{"_monsterinsights_skip_tracking":false,"_monsterinsights_sitenote_active":false,"_monsterinsights_sitenote_note":"","_monsterinsights_sitenote_category":0},"product_brand":[],"product_cat":[106,144],"product_tag":[463,507],"class_list":{"0":"post-13317","1":"product","2":"type-product","3":"status-publish","4":"has-post-thumbnail","6":"product_cat-dekoras-sventems","7":"product_cat-zvakes","8":"product_tag-dvispalves-zvakes","9":"product_tag-zvakiu-rinkinys","11":"first","12":"outofstock","13":"taxable","14":"shipping-taxable","15":"purchasable","16":"product-type-simple"},"_links":{"self":[{"href":"https:\/\/duckdeco.lt\/en\/wp-json\/wp\/v2\/product\/13317","targetHints":{"allow":["GET"]}}],"collection":[{"href":"https:\/\/duckdeco.lt\/en\/wp-json\/wp\/v2\/product"}],"about":[{"href":"https:\/\/duckdeco.lt\/en\/wp-json\/wp\/v2\/types\/product"}],"version-history":[{"count":1,"href":"https:\/\/duckdeco.lt\/en\/wp-json\/wp\/v2\/product\/13317\/revisions"}],"predecessor-version":[{"id":13319,"href":"https:\/\/duckdeco.lt\/en\/wp-json\/wp\/v2\/product\/13317\/revisions\/13319"}],"wp:featuredmedia":[{"embeddable":true,"href":"https:\/\/duckdeco.lt\/en\/wp-json\/wp\/v2\/media\/13324"}],"wp:attachment":[{"href":"https:\/\/duckdeco.lt\/en\/wp-json\/wp\/v2\/media?parent=13317"}],"wp:term":[{"taxonomy":"product_brand","embeddable":true,"href":"https:\/\/duckdeco.lt\/en\/wp-json\/wp\/v2\/product_brand?post=13317"},{"taxonomy":"product_cat","embeddable":true,"href":"https:\/\/duckdeco.lt\/en\/wp-json\/wp\/v2\/product_cat?post=13317"},{"taxonomy":"product_tag","embeddable":true,"href":"https:\/\/duckdeco.lt\/en\/wp-json\/wp\/v2\/product_tag?post=13317"}],"curies":[{"name":"wp","href":"https:\/\/api.w.org\/{rel}","templated":true}]}}