{"id":13351,"date":"2024-05-15T11:18:00","date_gmt":"2024-05-15T08:18:00","guid":{"rendered":"https:\/\/duckdeco.com\/?post_type=product&#038;p=13351"},"modified":"2025-11-10T15:58:20","modified_gmt":"2025-11-10T13:58:20","slug":"sienos-dekoracija-pauksciai","status":"publish","type":"product","link":"https:\/\/duckdeco.lt\/en\/product\/sienos-dekoracija-pauksciai\/","title":{"rendered":"Sienos dekoracija \u201ePauk\u0161\u010diai\u201c"},"content":{"rendered":"<ul>\n<li><span class=\"HwtZe\" lang=\"lt\"><span class=\"jCAhz ChMk0b\"><span class=\"ryNqvb\">Ie\u0161kote gra\u017eios spalvingos sienos dekoracijos?<\/span><\/span> tuomet<span class=\"jCAhz ChMk0b\"><span class=\"ryNqvb\"> Heinen Delft Blauw kolekcijos sienos l\u0117k\u0161t\u0117\u00a0 yra puikus pasirinkimas.<\/span><\/span> <span class=\"jCAhz ChMk0b\"><span class=\"ryNqvb\">Atrodo kaip \u012fprasta piet\u0173 l\u0117k\u0161t\u0117, bet dekoruota gra\u017eiu atspaudu.<\/span><\/span>\u00a0<\/span><\/li>\n<li><span class=\"HwtZe\" lang=\"lt\"><span class=\"jCAhz ChMk0b\"><span class=\"ryNqvb\">Gra\u017eus tipi\u0161k\u0173 oland\u0173 pauk\u0161\u010di\u0173 derinys, kartu su garsiomis oland\u0173 \u201efleitomis\u201c sukurs nuotaiking\u0105 atmosfer\u0105 J\u016bs\u0173 namuose. Sukurkite unikal\u0173 efekt\u0105 derindami skirting\u0173 dyd\u017ei\u0173, skirting\u0173 spaudini\u0173 l\u0117k\u0161tes.<\/span><\/span> <\/span><\/li>\n<li><span class=\"HwtZe\" lang=\"lt\"><span class=\"jCAhz ChMk0b\"><span class=\"ryNqvb\">Pagaminta i\u0161 auk\u0161tos kokyb\u0117s keramikos, turi pakabinimo vielel\u0119.<\/span><\/span> <\/span><\/li>\n<li>Spalva &#8211; m\u0117lyna \/ \u012fvairiaspalvis.<\/li>\n<\/ul>\n<table style=\"height: 44px;\" width=\"262\">\n<tbody>\n<tr>\n<td width=\"91\">I\u0161matavimai: Skersmuo 31,5 cm<\/td>\n<\/tr>\n<\/tbody>\n<\/table>\n<p>&nbsp;<\/p>","protected":false},"excerpt":{"rendered":"<p>Ie\u0161kote gra\u017eios spalvingos sienos dekoracijos? tuomet Heinen Delft Blauw kolekcijos sienos l\u0117k\u0161t\u0117\u00a0 yra puikus pasirinkimas. Atrodo kaip \u012fprasta piet\u0173 l\u0117k\u0161t\u0117, bet dekoruota gra\u017eiu atspaudu.\u00a0 Gra\u017eus tipi\u0161k\u0173 oland\u0173 pauk\u0161\u010di\u0173 derinys, kartu su garsiomis oland\u0173 \u201efleitomis\u201c sukurs nuotaiking\u0105 atmosfer\u0105 J\u016bs\u0173 namuose. Sukurkite unikal\u0173 efekt\u0105 derindami skirting\u0173 dyd\u017ei\u0173, skirting\u0173 spaudini\u0173 l\u0117k\u0161tes. Pagaminta i\u0161 auk\u0161tos kokyb\u0117s keramikos, turi pakabinimo &hellip; <br \/><a href=\"https:\/\/duckdeco.lt\/en\/product\/sienos-dekoracija-pauksciai\/\" class=\"more-link\">Continue reading <span class=\"screen-reader-text\">Sienos dekoracija \u201ePauk\u0161\u010diai\u201c<\/span><\/a><\/p>","protected":false},"featured_media":13352,"template":"","meta":{"_monsterinsights_skip_tracking":false,"_monsterinsights_sitenote_active":false,"_monsterinsights_sitenote_note":"","_monsterinsights_sitenote_category":0},"product_brand":[],"product_cat":[103,95],"product_tag":[506,505],"class_list":{"0":"post-13351","1":"product","2":"type-product","3":"status-publish","4":"has-post-thumbnail","6":"product_cat-dovanu-idejos","7":"product_cat-interjerui","8":"product_tag-pakabinama-lekste","9":"product_tag-sienos-dekoracija","11":"first","12":"instock","13":"taxable","14":"shipping-taxable","15":"purchasable","16":"product-type-simple"},"_links":{"self":[{"href":"https:\/\/duckdeco.lt\/en\/wp-json\/wp\/v2\/product\/13351","targetHints":{"allow":["GET"]}}],"collection":[{"href":"https:\/\/duckdeco.lt\/en\/wp-json\/wp\/v2\/product"}],"about":[{"href":"https:\/\/duckdeco.lt\/en\/wp-json\/wp\/v2\/types\/product"}],"version-history":[{"count":5,"href":"https:\/\/duckdeco.lt\/en\/wp-json\/wp\/v2\/product\/13351\/revisions"}],"predecessor-version":[{"id":15064,"href":"https:\/\/duckdeco.lt\/en\/wp-json\/wp\/v2\/product\/13351\/revisions\/15064"}],"wp:featuredmedia":[{"embeddable":true,"href":"https:\/\/duckdeco.lt\/en\/wp-json\/wp\/v2\/media\/13352"}],"wp:attachment":[{"href":"https:\/\/duckdeco.lt\/en\/wp-json\/wp\/v2\/media?parent=13351"}],"wp:term":[{"taxonomy":"product_brand","embeddable":true,"href":"https:\/\/duckdeco.lt\/en\/wp-json\/wp\/v2\/product_brand?post=13351"},{"taxonomy":"product_cat","embeddable":true,"href":"https:\/\/duckdeco.lt\/en\/wp-json\/wp\/v2\/product_cat?post=13351"},{"taxonomy":"product_tag","embeddable":true,"href":"https:\/\/duckdeco.lt\/en\/wp-json\/wp\/v2\/product_tag?post=13351"}],"curies":[{"name":"wp","href":"https:\/\/api.w.org\/{rel}","templated":true}]}}