{"id":13372,"date":"2024-05-15T12:57:13","date_gmt":"2024-05-15T09:57:13","guid":{"rendered":"https:\/\/duckdeco.com\/?post_type=product&#038;p=13372"},"modified":"2025-08-04T14:34:22","modified_gmt":"2025-08-04T11:34:22","slug":"sienos-dekoracija-mandala","status":"publish","type":"product","link":"https:\/\/duckdeco.lt\/en\/product\/sienos-dekoracija-mandala\/","title":{"rendered":"Sienos dekoracija \u201eMandala\u201c"},"content":{"rendered":"<ul>\n<li><span class=\"HwtZe\" lang=\"lt\"><span class=\"jCAhz ChMk0b\"><span class=\"ryNqvb\">Ie\u0161kote gra\u017eios spalvingos sienos dekoracijos?<\/span><\/span> tuomet<span class=\"jCAhz ChMk0b\"><span class=\"ryNqvb\"> Heinen Delft Blauw kolekcijos sienos l\u0117k\u0161t\u0117 yra puikus pasirinkimas.<\/span><\/span> <span class=\"jCAhz ChMk0b\"><span class=\"ryNqvb\">Atrodo kaip \u012fprasta piet\u0173 l\u0117k\u0161t\u0117, bet dekoruota gra\u017eiu atspaudu.<\/span><\/span> <span class=\"jCAhz ChMk0b\"><span class=\"ryNqvb\"><br \/>\n<\/span><\/span><\/span><\/li>\n<li><span class=\"HwtZe\" lang=\"lt\"><span class=\"jCAhz ChMk0b\"><span class=\"ryNqvb\">Hipnotizuojantys mandal\u0173 ra\u0161tai, optimizm\u0105 ir k\u016brybin\u0119 energij\u0105 \u017eadinanti geltona spalva, pauk\u0161tis simbolizuojantis vaiki\u0161k\u0105 atvirum\u0105, sukurs nuotaiking\u0105 atmosfer\u0105 J\u016bs\u0173 namuose. Sukurkite unikal\u0173 efekt\u0105 derindami skirting\u0173 dyd\u017ei\u0173, skirting\u0173 spaudini\u0173 l\u0117k\u0161tes.\u00a0<\/span><\/span> <\/span><\/li>\n<li><span class=\"HwtZe\" lang=\"lt\"><span class=\"jCAhz ChMk0b\"><span class=\"ryNqvb\">Pagaminta i\u0161 auk\u0161tos kokyb\u0117s keramikos, turi pakabinimo vielel\u0119.<\/span><\/span><br \/>\n<\/span><\/li>\n<li>Detal\u0117s: med\u017eiaga \u2013 keramika.<\/li>\n<li>Spalva \u2013 geltona \/ \u012fvairiaspalvis.<\/li>\n<\/ul>\n<table width=\"262\">\n<tbody>\n<tr>\n<td width=\"91\">I\u0161matavimai: Skersmuo 26,5 cm<\/td>\n<\/tr>\n<\/tbody>\n<\/table>\n<p>&nbsp;<\/p>","protected":false},"excerpt":{"rendered":"<p>Ie\u0161kote gra\u017eios spalvingos sienos dekoracijos? tuomet Heinen Delft Blauw kolekcijos sienos l\u0117k\u0161t\u0117 yra puikus pasirinkimas. Atrodo kaip \u012fprasta piet\u0173 l\u0117k\u0161t\u0117, bet dekoruota gra\u017eiu atspaudu. Hipnotizuojantys mandal\u0173 ra\u0161tai, optimizm\u0105 ir k\u016brybin\u0119 energij\u0105 \u017eadinanti geltona spalva, pauk\u0161tis simbolizuojantis vaiki\u0161k\u0105 atvirum\u0105, sukurs nuotaiking\u0105 atmosfer\u0105 J\u016bs\u0173 namuose. Sukurkite unikal\u0173 efekt\u0105 derindami skirting\u0173 dyd\u017ei\u0173, skirting\u0173 spaudini\u0173 l\u0117k\u0161tes.\u00a0 Pagaminta i\u0161 auk\u0161tos &hellip; <br \/><a href=\"https:\/\/duckdeco.lt\/en\/product\/sienos-dekoracija-mandala\/\" class=\"more-link\">Continue reading <span class=\"screen-reader-text\">Sienos dekoracija \u201eMandala\u201c<\/span><\/a><\/p>","protected":false},"featured_media":13373,"template":"","meta":{"_monsterinsights_skip_tracking":false,"_monsterinsights_sitenote_active":false,"_monsterinsights_sitenote_note":"","_monsterinsights_sitenote_category":0},"product_brand":[],"product_cat":[103,95],"product_tag":[506,505],"class_list":{"0":"post-13372","1":"product","2":"type-product","3":"status-publish","4":"has-post-thumbnail","6":"product_cat-dovanu-idejos","7":"product_cat-interjerui","8":"product_tag-pakabinama-lekste","9":"product_tag-sienos-dekoracija","11":"first","12":"outofstock","13":"taxable","14":"shipping-taxable","15":"purchasable","16":"product-type-simple"},"_links":{"self":[{"href":"https:\/\/duckdeco.lt\/en\/wp-json\/wp\/v2\/product\/13372","targetHints":{"allow":["GET"]}}],"collection":[{"href":"https:\/\/duckdeco.lt\/en\/wp-json\/wp\/v2\/product"}],"about":[{"href":"https:\/\/duckdeco.lt\/en\/wp-json\/wp\/v2\/types\/product"}],"version-history":[{"count":4,"href":"https:\/\/duckdeco.lt\/en\/wp-json\/wp\/v2\/product\/13372\/revisions"}],"predecessor-version":[{"id":15061,"href":"https:\/\/duckdeco.lt\/en\/wp-json\/wp\/v2\/product\/13372\/revisions\/15061"}],"wp:featuredmedia":[{"embeddable":true,"href":"https:\/\/duckdeco.lt\/en\/wp-json\/wp\/v2\/media\/13373"}],"wp:attachment":[{"href":"https:\/\/duckdeco.lt\/en\/wp-json\/wp\/v2\/media?parent=13372"}],"wp:term":[{"taxonomy":"product_brand","embeddable":true,"href":"https:\/\/duckdeco.lt\/en\/wp-json\/wp\/v2\/product_brand?post=13372"},{"taxonomy":"product_cat","embeddable":true,"href":"https:\/\/duckdeco.lt\/en\/wp-json\/wp\/v2\/product_cat?post=13372"},{"taxonomy":"product_tag","embeddable":true,"href":"https:\/\/duckdeco.lt\/en\/wp-json\/wp\/v2\/product_tag?post=13372"}],"curies":[{"name":"wp","href":"https:\/\/api.w.org\/{rel}","templated":true}]}}