{"id":13393,"date":"2024-05-15T15:32:30","date_gmt":"2024-05-15T12:32:30","guid":{"rendered":"https:\/\/duckdeco.com\/?post_type=product&#038;p=13393"},"modified":"2025-01-27T13:10:56","modified_gmt":"2025-01-27T11:10:56","slug":"sienos-dekoracija-elnias","status":"publish","type":"product","link":"https:\/\/duckdeco.lt\/en\/product\/sienos-dekoracija-elnias\/","title":{"rendered":"Sienos dekoracija \u201eElnias\u201c"},"content":{"rendered":"<ul>\n<li><span class=\"HwtZe\" lang=\"lt\"><span class=\"jCAhz ChMk0b\"><span class=\"ryNqvb\">Ie\u0161kote gra\u017eios spalvingos sienos dekoracijos?<\/span><\/span> tuomet<span class=\"jCAhz ChMk0b\"><span class=\"ryNqvb\"> Heinen Delft Blauw kolekcijos sienos l\u0117k\u0161t\u0117\u00a0 yra puikus pasirinkimas.<\/span><\/span> <span class=\"jCAhz ChMk0b\"><span class=\"ryNqvb\">Atrodo kaip \u012fprasta piet\u0173 l\u0117k\u0161t\u0117, bet dekoruota dailiu atspaudu.<\/span><\/span>\u00a0<\/span><\/li>\n<li>\u0160ioje sien\u0173 dekoracijoje pavaizduotas taurusis elnias, g\u0117li\u0173 fone. <span class=\"HwtZe\" lang=\"lt\"><span class=\"jCAhz ChMk0b\"><span class=\"ryNqvb\">Tai \u0161iuolaiki\u0161kas prisilietimas prie gamtos, gyvybinga spalvin\u0117 gama, itin tikrovi\u0161kas atvaizdas leis gro\u017e\u0117tis \u0161iuo gyv\u016bnu kiekvien\u0105 dien\u0105. Elegancija ir gamtos gro\u017eis tap\u0119s visuma, suteiks J\u016bs\u0173 interjerui kitok\u012f pos\u016bk\u012f, \u012fne\u0161 daugiau spalv\u0173, sukurdamas nuotaiking\u0105 atmosfer\u0105. Sukurkite unikal\u0173 efekt\u0105 derindami skirting\u0173 dyd\u017ei\u0173, skirting\u0173 spaudini\u0173 l\u0117k\u0161tes.<\/span><\/span><\/span><\/li>\n<li><span class=\"HwtZe\" lang=\"lt\"><span class=\"jCAhz ChMk0b\"><span class=\"ryNqvb\">Pagaminta i\u0161 auk\u0161tos kokyb\u0117s keramikos, turi pakabinimo vielel\u0119.\u00a0<\/span><\/span><br \/>\n<\/span><\/li>\n<li>Detal\u0117s: med\u017eiaga \u2013 keramika.<\/li>\n<li>Spalva \u2013 \u012fvairiaspalvis.<\/li>\n<\/ul>\n<table width=\"262\">\n<tbody>\n<tr>\n<td width=\"91\">I\u0161matavimai: Skersmuo 26,5 cm<\/td>\n<\/tr>\n<\/tbody>\n<\/table>","protected":false},"excerpt":{"rendered":"<p>Ie\u0161kote gra\u017eios spalvingos sienos dekoracijos? tuomet Heinen Delft Blauw kolekcijos sienos l\u0117k\u0161t\u0117\u00a0 yra puikus pasirinkimas. Atrodo kaip \u012fprasta piet\u0173 l\u0117k\u0161t\u0117, bet dekoruota dailiu atspaudu.\u00a0 \u0160ioje sien\u0173 dekoracijoje pavaizduotas taurusis elnias, g\u0117li\u0173 fone. Tai \u0161iuolaiki\u0161kas prisilietimas prie gamtos, gyvybinga spalvin\u0117 gama, itin tikrovi\u0161kas atvaizdas leis gro\u017e\u0117tis \u0161iuo gyv\u016bnu kiekvien\u0105 dien\u0105. Elegancija ir gamtos gro\u017eis tap\u0119s visuma, &hellip; <br \/><a href=\"https:\/\/duckdeco.lt\/en\/product\/sienos-dekoracija-elnias\/\" class=\"more-link\">Continue reading <span class=\"screen-reader-text\">Sienos dekoracija \u201eElnias\u201c<\/span><\/a><\/p>","protected":false},"featured_media":13396,"template":"","meta":{"_monsterinsights_skip_tracking":false,"_monsterinsights_sitenote_active":false,"_monsterinsights_sitenote_note":"","_monsterinsights_sitenote_category":0},"product_brand":[],"product_cat":[103,95],"product_tag":[506,505],"class_list":{"0":"post-13393","1":"product","2":"type-product","3":"status-publish","4":"has-post-thumbnail","6":"product_cat-dovanu-idejos","7":"product_cat-interjerui","8":"product_tag-pakabinama-lekste","9":"product_tag-sienos-dekoracija","11":"first","12":"instock","13":"taxable","14":"shipping-taxable","15":"purchasable","16":"product-type-simple"},"_links":{"self":[{"href":"https:\/\/duckdeco.lt\/en\/wp-json\/wp\/v2\/product\/13393","targetHints":{"allow":["GET"]}}],"collection":[{"href":"https:\/\/duckdeco.lt\/en\/wp-json\/wp\/v2\/product"}],"about":[{"href":"https:\/\/duckdeco.lt\/en\/wp-json\/wp\/v2\/types\/product"}],"version-history":[{"count":4,"href":"https:\/\/duckdeco.lt\/en\/wp-json\/wp\/v2\/product\/13393\/revisions"}],"predecessor-version":[{"id":15059,"href":"https:\/\/duckdeco.lt\/en\/wp-json\/wp\/v2\/product\/13393\/revisions\/15059"}],"wp:featuredmedia":[{"embeddable":true,"href":"https:\/\/duckdeco.lt\/en\/wp-json\/wp\/v2\/media\/13396"}],"wp:attachment":[{"href":"https:\/\/duckdeco.lt\/en\/wp-json\/wp\/v2\/media?parent=13393"}],"wp:term":[{"taxonomy":"product_brand","embeddable":true,"href":"https:\/\/duckdeco.lt\/en\/wp-json\/wp\/v2\/product_brand?post=13393"},{"taxonomy":"product_cat","embeddable":true,"href":"https:\/\/duckdeco.lt\/en\/wp-json\/wp\/v2\/product_cat?post=13393"},{"taxonomy":"product_tag","embeddable":true,"href":"https:\/\/duckdeco.lt\/en\/wp-json\/wp\/v2\/product_tag?post=13393"}],"curies":[{"name":"wp","href":"https:\/\/api.w.org\/{rel}","templated":true}]}}