{"id":13444,"date":"2024-05-16T09:49:42","date_gmt":"2024-05-16T06:49:42","guid":{"rendered":"https:\/\/duckdeco.com\/?post_type=product&#038;p=13444"},"modified":"2026-02-27T10:00:28","modified_gmt":"2026-02-27T08:00:28","slug":"pagalvele-roche","status":"publish","type":"product","link":"https:\/\/duckdeco.lt\/en\/product\/pagalvele-roche\/","title":{"rendered":"Pagalv\u0117l\u0117 \u201eRoche\u201c"},"content":{"rendered":"<ul>\n<li><span class=\"HwtZe\" lang=\"lt\"><span class=\"jCAhz ChMk0b\"><span class=\"ryNqvb\">Eichholtz prek\u0117s \u017eenklo pagalv\u0117 \u201eRoche\u201c &#8211; puo\u0161ni, subtilaus dizaino, b\u016btent tai, ko Jums reikia, jei norite suteikti savo namams spalv\u0173 dvelksmo. <\/span><\/span><\/span><span class=\"HwtZe\" lang=\"lt\"><span class=\"jCAhz ChMk0b\"><span class=\"ryNqvb\">Su \u017ealiu aksominiu u\u017evalkalu \u0161i prabangi pagalv\u0117 dera prie klasikini\u0173 ir \u0161iuolaikini\u0173 bald\u0173 bei skirtingo interjero stili\u0173. <\/span><\/span><\/span><\/li>\n<li><span class=\"HwtZe\" lang=\"lt\"><span class=\"jCAhz ChMk0b\"><span class=\"ryNqvb\">Pagaminta kvalifikuot\u0173 amatinink\u0173 rank\u0173 darbo. <\/span><\/span><\/span><\/li>\n<li><span class=\"HwtZe\" lang=\"lt\"><span class=\"jCAhz ChMk0b\"><span class=\"ryNqvb\">Detal\u0117s: med\u017eiaga &#8211; u\u017epildas &#8211; poliesteris \/ u\u017evalkalas &#8211; aksomas. <\/span><\/span><\/span><\/li>\n<li><span class=\"HwtZe\" lang=\"lt\"><span class=\"jCAhz ChMk0b\"><span class=\"ryNqvb\">Spalva &#8211; \u017ealia.<\/span><\/span><\/span><\/li>\n<\/ul>\n<table style=\"height: 73px;\" width=\"283\">\n<tbody>\n<tr>\n<td width=\"91\">I\u0161matavimai: Ilgis 60 cm \/ Plotis 60 cm<\/td>\n<\/tr>\n<\/tbody>\n<\/table>\n<p><span class=\"HwtZe\" lang=\"lt\"><span class=\"jCAhz ChMk0b\"><span class=\"ryNqvb\">\u00a0<\/span><\/span><\/span><\/p>\n<p>&nbsp;<\/p>\n<p><span class=\"HwtZe\" lang=\"lt\"><span class=\"jCAhz ChMk0b\"><span class=\"ryNqvb\">\u00a0<\/span><\/span><\/span><\/p>\n<p><span class=\"HwtZe\" lang=\"lt\">\u00a0<\/span><\/p>","protected":false},"excerpt":{"rendered":"<p>Eichholtz prek\u0117s \u017eenklo pagalv\u0117 \u201eRoche\u201c &#8211; puo\u0161ni, subtilaus dizaino, b\u016btent tai, ko Jums reikia, jei norite suteikti savo namams spalv\u0173 dvelksmo. Su \u017ealiu aksominiu u\u017evalkalu \u0161i prabangi pagalv\u0117 dera prie klasikini\u0173 ir \u0161iuolaikini\u0173 bald\u0173 bei skirtingo interjero stili\u0173. Pagaminta kvalifikuot\u0173 amatinink\u0173 rank\u0173 darbo. Detal\u0117s: med\u017eiaga &#8211; u\u017epildas &#8211; poliesteris \/ u\u017evalkalas &#8211; aksomas. Spalva &#8211; &hellip; <br \/><a href=\"https:\/\/duckdeco.lt\/en\/product\/pagalvele-roche\/\" class=\"more-link\">Continue reading <span class=\"screen-reader-text\">Pagalv\u0117l\u0117 \u201eRoche\u201c<\/span><\/a><\/p>","protected":false},"featured_media":13445,"template":"","meta":{"_monsterinsights_skip_tracking":false,"_monsterinsights_sitenote_active":false,"_monsterinsights_sitenote_note":"","_monsterinsights_sitenote_category":0},"product_brand":[],"product_cat":[103,95,137],"product_tag":[321,319],"class_list":{"0":"post-13444","1":"product","2":"type-product","3":"status-publish","4":"has-post-thumbnail","6":"product_cat-dovanu-idejos","7":"product_cat-interjerui","8":"product_cat-pagalveles-deco","9":"product_tag-aksomine-pagalvele","10":"product_tag-prabangi-interjero-detale","12":"first","13":"outofstock","14":"taxable","15":"shipping-taxable","16":"purchasable","17":"product-type-simple"},"_links":{"self":[{"href":"https:\/\/duckdeco.lt\/en\/wp-json\/wp\/v2\/product\/13444","targetHints":{"allow":["GET"]}}],"collection":[{"href":"https:\/\/duckdeco.lt\/en\/wp-json\/wp\/v2\/product"}],"about":[{"href":"https:\/\/duckdeco.lt\/en\/wp-json\/wp\/v2\/types\/product"}],"version-history":[{"count":4,"href":"https:\/\/duckdeco.lt\/en\/wp-json\/wp\/v2\/product\/13444\/revisions"}],"predecessor-version":[{"id":15053,"href":"https:\/\/duckdeco.lt\/en\/wp-json\/wp\/v2\/product\/13444\/revisions\/15053"}],"wp:featuredmedia":[{"embeddable":true,"href":"https:\/\/duckdeco.lt\/en\/wp-json\/wp\/v2\/media\/13445"}],"wp:attachment":[{"href":"https:\/\/duckdeco.lt\/en\/wp-json\/wp\/v2\/media?parent=13444"}],"wp:term":[{"taxonomy":"product_brand","embeddable":true,"href":"https:\/\/duckdeco.lt\/en\/wp-json\/wp\/v2\/product_brand?post=13444"},{"taxonomy":"product_cat","embeddable":true,"href":"https:\/\/duckdeco.lt\/en\/wp-json\/wp\/v2\/product_cat?post=13444"},{"taxonomy":"product_tag","embeddable":true,"href":"https:\/\/duckdeco.lt\/en\/wp-json\/wp\/v2\/product_tag?post=13444"}],"curies":[{"name":"wp","href":"https:\/\/api.w.org\/{rel}","templated":true}]}}