{"id":13476,"date":"2024-05-16T11:09:11","date_gmt":"2024-05-16T08:09:11","guid":{"rendered":"https:\/\/duckdeco.com\/?post_type=product&#038;p=13476"},"modified":"2025-01-27T12:18:20","modified_gmt":"2025-01-27T10:18:20","slug":"pakabinamas-veidrodis-juodas-70150-cm","status":"publish","type":"product","link":"https:\/\/duckdeco.lt\/en\/product\/pakabinamas-veidrodis-juodas-70150-cm\/","title":{"rendered":"Pakabinamas veidrodis juodas 70*150 cm"},"content":{"rendered":"<ul>\n<li>I\u0161siskiriantis netaisyklinga ovalo forma, su giliu mediniu r\u0117mu, \u0161is veidrodis puikus pasirinkimas siekiant susikurti unikali\u0105 aplink\u0105.<\/li>\n<li>Si\u016blomi trij\u0173 skirting\u0173 dyd\u017ei\u0173 veidrod\u017eiai, leis i\u0161gauti dar didesn\u012f efekt\u0105 derinant juos tarpusavyje.<\/li>\n<li>Detal\u0117s: med\u017eiaga \u2013 rie\u0161utmedis.<\/li>\n<li>Spalva \u2013 juoda (r\u0117mas);<\/li>\n<\/ul>\n<table width=\"405\">\n<tbody>\n<tr>\n<td width=\"91\">I\u0161matavimai: Plotis 70 cm \/ Auk\u0161tis 150 cm.<\/td>\n<\/tr>\n<\/tbody>\n<\/table>","protected":false},"excerpt":{"rendered":"<p>I\u0161siskiriantis netaisyklinga ovalo forma, su giliu mediniu r\u0117mu, \u0161is veidrodis puikus pasirinkimas siekiant susikurti unikali\u0105 aplink\u0105. Si\u016blomi trij\u0173 skirting\u0173 dyd\u017ei\u0173 veidrod\u017eiai, leis i\u0161gauti dar didesn\u012f efekt\u0105 derinant juos tarpusavyje. Detal\u0117s: med\u017eiaga \u2013 rie\u0161utmedis. Spalva \u2013 juoda (r\u0117mas); I\u0161matavimai: Plotis 70 cm \/ Auk\u0161tis 150 cm.<\/p>","protected":false},"featured_media":13472,"template":"","meta":{"_monsterinsights_skip_tracking":false,"_monsterinsights_sitenote_active":false,"_monsterinsights_sitenote_note":"","_monsterinsights_sitenote_category":0},"product_brand":[],"product_cat":[95,118],"product_tag":[411,413,410],"class_list":{"0":"post-13476","1":"product","2":"type-product","3":"status-publish","4":"has-post-thumbnail","6":"product_cat-interjerui","7":"product_cat-veidrodziai","8":"product_tag-pakabinamas-veidrodis","9":"product_tag-riesutmedis","10":"product_tag-stilinga-interjero-detale","12":"first","13":"instock","14":"taxable","15":"shipping-taxable","16":"purchasable","17":"product-type-simple"},"_links":{"self":[{"href":"https:\/\/duckdeco.lt\/en\/wp-json\/wp\/v2\/product\/13476","targetHints":{"allow":["GET"]}}],"collection":[{"href":"https:\/\/duckdeco.lt\/en\/wp-json\/wp\/v2\/product"}],"about":[{"href":"https:\/\/duckdeco.lt\/en\/wp-json\/wp\/v2\/types\/product"}],"version-history":[{"count":3,"href":"https:\/\/duckdeco.lt\/en\/wp-json\/wp\/v2\/product\/13476\/revisions"}],"predecessor-version":[{"id":15049,"href":"https:\/\/duckdeco.lt\/en\/wp-json\/wp\/v2\/product\/13476\/revisions\/15049"}],"wp:featuredmedia":[{"embeddable":true,"href":"https:\/\/duckdeco.lt\/en\/wp-json\/wp\/v2\/media\/13472"}],"wp:attachment":[{"href":"https:\/\/duckdeco.lt\/en\/wp-json\/wp\/v2\/media?parent=13476"}],"wp:term":[{"taxonomy":"product_brand","embeddable":true,"href":"https:\/\/duckdeco.lt\/en\/wp-json\/wp\/v2\/product_brand?post=13476"},{"taxonomy":"product_cat","embeddable":true,"href":"https:\/\/duckdeco.lt\/en\/wp-json\/wp\/v2\/product_cat?post=13476"},{"taxonomy":"product_tag","embeddable":true,"href":"https:\/\/duckdeco.lt\/en\/wp-json\/wp\/v2\/product_tag?post=13476"}],"curies":[{"name":"wp","href":"https:\/\/api.w.org\/{rel}","templated":true}]}}