{"id":13495,"date":"2024-05-17T12:14:55","date_gmt":"2024-05-17T09:14:55","guid":{"rendered":"https:\/\/duckdeco.com\/?post_type=product&#038;p=13495"},"modified":"2025-11-13T10:15:35","modified_gmt":"2025-11-13T08:15:35","slug":"delione-pauksciai","status":"publish","type":"product","link":"https:\/\/duckdeco.lt\/en\/product\/delione-pauksciai\/","title":{"rendered":"D\u0117lion\u0117 \u201ePauk\u0161\u010diai\u201c"},"content":{"rendered":"<ul>\n<li><span class=\"HwtZe\" lang=\"lt\"><span class=\"jCAhz ChMk0b\"><span class=\"ryNqvb\">D\u0117lion\u0117 \u201ePauk\u0161\u010diai\u201c i\u0161 Galison prek\u0117s \u017eenklo kolekcijos, parengta remiantis meninink\u0117s Wendy Gold senovini\u0173 pauk\u0161\u010di\u0173 ir g\u0117li\u0173 atvaizd\u0173, kolia\u017euot\u0173 ir surinkt\u0173 vir\u0161 JAV \u017eem\u0117lapio. <\/span><\/span><\/span><\/li>\n<li><span class=\"HwtZe\" lang=\"lt\"><span class=\"jCAhz ChMk0b\"><span class=\"ryNqvb\">D\u0117lion\u0117 pasi\u017eymi ry\u0161kiomis valstijos pauk\u0161\u010di\u0173 iliustracijomis \u017eem\u0117lapi\u0173 ir geografijos fone. Puikiai tinka istorijos ir geografijos myl\u0117tojams tai puikus b\u016bdas tyrin\u0117ti pauk\u0161\u010di\u0173 gro\u017e\u012f ir \u012fvairov\u0119. <\/span><\/span><\/span><\/li>\n<li><span class=\"HwtZe\" lang=\"lt\"><span class=\"jCAhz ChMk0b\"><span class=\"ryNqvb\">Suteiks daugyb\u0119 \u012ftraukian\u010di\u0173 valand\u0173 11 met\u0173 ir vyresniems galvos\u016bki\u0173 entuziastams.<\/span><\/span><\/span><\/li>\n<li><span class=\"HwtZe\" lang=\"lt\"><span class=\"jCAhz ChMk0b\"><span class=\"ryNqvb\">Galison d\u0117lion\u0117s supakuotos \u012f matin\u0117s apdailos tvirtas d\u0117\u017eutes, puikiai tinkan\u010dias dovanoti, pakartotinai naudoti ir saugoti. <\/span><\/span><\/span><\/li>\n<li><span class=\"HwtZe\" lang=\"lt\"><span class=\"jCAhz ChMk0b\"><span class=\"ryNqvb\">D\u0117lion\u0117 pagaminta i\u0161 90 % perdirbto popieriaus, pakuot\u0117 70 % perdirbto popieriaus bei FSC sertifikuotos med\u017eiagos. <\/span><\/span><\/span><span class=\"HwtZe\" lang=\"lt\"><span class=\"jCAhz ChMk0b\"><span class=\"ryNqvb\">Spausdinta netoksi\u0161ku ra\u0161alu<\/span><\/span>.\u00a0<\/span><\/li>\n<\/ul>\n<table width=\"405\">\n<tbody>\n<tr>\n<td width=\"91\">I\u0161matavimai: <span class=\"HwtZe\" lang=\"lt\"><span class=\"jCAhz ChMk0b\"><span class=\"ryNqvb\">D\u0117lion\u0117s dydis: 27 x 20, \/ 686 x 508 mm<\/span><\/span>\u00a0\u00a0 <\/span><span class=\"HwtZe\" lang=\"lt\"><span class=\"jCAhz ChMk0b\"><span class=\"ryNqvb\">D\u0117\u017eut\u0117s dydis: 11,5 x 8,5 x 2, \/ 292 x 216 x 51 mm<\/span><\/span><\/span> .<\/td>\n<\/tr>\n<\/tbody>\n<\/table>","protected":false},"excerpt":{"rendered":"<p>D\u0117lion\u0117 \u201ePauk\u0161\u010diai\u201c i\u0161 Galison prek\u0117s \u017eenklo kolekcijos, parengta remiantis meninink\u0117s Wendy Gold senovini\u0173 pauk\u0161\u010di\u0173 ir g\u0117li\u0173 atvaizd\u0173, kolia\u017euot\u0173 ir surinkt\u0173 vir\u0161 JAV \u017eem\u0117lapio. D\u0117lion\u0117 pasi\u017eymi ry\u0161kiomis valstijos pauk\u0161\u010di\u0173 iliustracijomis \u017eem\u0117lapi\u0173 ir geografijos fone. Puikiai tinka istorijos ir geografijos myl\u0117tojams tai puikus b\u016bdas tyrin\u0117ti pauk\u0161\u010di\u0173 gro\u017e\u012f ir \u012fvairov\u0119. Suteiks daugyb\u0119 \u012ftraukian\u010di\u0173 valand\u0173 11 met\u0173 ir vyresniems &hellip; <br \/><a href=\"https:\/\/duckdeco.lt\/en\/product\/delione-pauksciai\/\" class=\"more-link\">Continue reading <span class=\"screen-reader-text\">D\u0117lion\u0117 \u201ePauk\u0161\u010diai\u201c<\/span><\/a><\/p>","protected":false},"featured_media":13496,"template":"","meta":{"_monsterinsights_skip_tracking":false,"_monsterinsights_sitenote_active":false,"_monsterinsights_sitenote_note":"","_monsterinsights_sitenote_category":0},"product_brand":[],"product_cat":[103,104],"product_tag":[502,369,376,377],"class_list":{"0":"post-13495","1":"product","2":"type-product","3":"status-publish","4":"has-post-thumbnail","6":"product_cat-dovanu-idejos","7":"product_cat-vaikams","8":"product_tag-delione","9":"product_tag-dovanos-vaikams","10":"product_tag-perdirbtas-popierius","11":"product_tag-tvarus-zaislai","13":"first","14":"outofstock","15":"taxable","16":"shipping-taxable","17":"purchasable","18":"product-type-simple"},"_links":{"self":[{"href":"https:\/\/duckdeco.lt\/en\/wp-json\/wp\/v2\/product\/13495","targetHints":{"allow":["GET"]}}],"collection":[{"href":"https:\/\/duckdeco.lt\/en\/wp-json\/wp\/v2\/product"}],"about":[{"href":"https:\/\/duckdeco.lt\/en\/wp-json\/wp\/v2\/types\/product"}],"version-history":[{"count":3,"href":"https:\/\/duckdeco.lt\/en\/wp-json\/wp\/v2\/product\/13495\/revisions"}],"predecessor-version":[{"id":15043,"href":"https:\/\/duckdeco.lt\/en\/wp-json\/wp\/v2\/product\/13495\/revisions\/15043"}],"wp:featuredmedia":[{"embeddable":true,"href":"https:\/\/duckdeco.lt\/en\/wp-json\/wp\/v2\/media\/13496"}],"wp:attachment":[{"href":"https:\/\/duckdeco.lt\/en\/wp-json\/wp\/v2\/media?parent=13495"}],"wp:term":[{"taxonomy":"product_brand","embeddable":true,"href":"https:\/\/duckdeco.lt\/en\/wp-json\/wp\/v2\/product_brand?post=13495"},{"taxonomy":"product_cat","embeddable":true,"href":"https:\/\/duckdeco.lt\/en\/wp-json\/wp\/v2\/product_cat?post=13495"},{"taxonomy":"product_tag","embeddable":true,"href":"https:\/\/duckdeco.lt\/en\/wp-json\/wp\/v2\/product_tag?post=13495"}],"curies":[{"name":"wp","href":"https:\/\/api.w.org\/{rel}","templated":true}]}}