{"id":13498,"date":"2024-05-17T13:22:31","date_gmt":"2024-05-17T10:22:31","guid":{"rendered":"https:\/\/duckdeco.com\/?post_type=product&#038;p=13498"},"modified":"2025-01-27T11:59:43","modified_gmt":"2025-01-27T09:59:43","slug":"delione-vandenynas","status":"publish","type":"product","link":"https:\/\/duckdeco.lt\/en\/product\/delione-vandenynas\/","title":{"rendered":"D\u0117lion\u0117 \u201eVandens gyv\u016bnai\u201c"},"content":{"rendered":"<ul>\n<li><span class=\"HwtZe\" lang=\"lt\"><span class=\"jCAhz ChMk0b\"><span class=\"ryNqvb\">D\u0117lion\u0117 \u201eVandenynas\u201c i\u0161 Mudpuppy prek\u0117s \u017eenklo kolekcijos, kuri kuria kokybi\u0161kus, k\u016brybi\u0161kus \u017eaidimus, visi produktai atitinka CPSIA, ASTM ir CE saugos taisykles. <\/span><\/span><\/span><\/li>\n<li><span class=\"HwtZe\" lang=\"lt\"><span class=\"jCAhz ChMk0b\"><span class=\"ryNqvb\">K\u016brybi\u0161kai iliustruota d\u0117lion\u0117 pagal menininko Paulo Davizo k\u016brin\u012f. U\u017ebaigtame galvos\u016bkyje ry\u0161kios spalving\u0173 \u017euv\u0173, rykli\u0173 ir vandenyno gyvenimo iliustracijos. <\/span><\/span><\/span><\/li>\n<li><span class=\"HwtZe\" lang=\"lt\"><span class=\"jCAhz ChMk0b\"><span class=\"ryNqvb\">D\u0117lion\u0117 yra sud\u0117tinga, bet kartu naudinga edukacin\u0117 veikla visai \u0161eimai. <\/span><\/span><\/span><span class=\"HwtZe\" lang=\"lt\"><span class=\"jCAhz ChMk0b\"><span class=\"ryNqvb\">Suteiks daugyb\u0119 \u012ftraukian\u010di\u0173 valand\u0173 8 met\u0173 ir vyresniems galvos\u016bki\u0173 entuziastams.<\/span><\/span><\/span><\/li>\n<li><span class=\"HwtZe\" lang=\"lt\"><span class=\"jCAhz ChMk0b\"><span class=\"ryNqvb\">Mudpuppy d\u0117lion\u0117s supakuotos \u012f matin\u0117s apdailos tvirtas d\u0117\u017eutes, puikiai tinkan\u010dias dovanoti, pakartotinai naudoti ir saugoti. <\/span><\/span><\/span><\/li>\n<li><span class=\"HwtZe\" lang=\"lt\"><span class=\"jCAhz ChMk0b\"><span class=\"ryNqvb\">D\u0117lion\u0117 pagaminta i\u0161 90 % perdirbto popieriaus, pakuot\u0117 70 % perdirbto popieriaus bei FSC sertifikuotos med\u017eiagos. <\/span><\/span><\/span><span class=\"HwtZe\" lang=\"lt\"><span class=\"jCAhz ChMk0b\"><span class=\"ryNqvb\">Spausdinta netoksi\u0161ku ra\u0161alu<\/span><\/span><\/span><\/li>\n<\/ul>\n<table width=\"405\">\n<tbody>\n<tr>\n<td width=\"91\">I\u0161matavimai: <span class=\"HwtZe\" lang=\"lt\"><span class=\"jCAhz ChMk0b\"><span class=\"ryNqvb\">D\u0117lion\u0117s dydis: 27 x 20&#8243;, 68,5 x 51 cm <\/span><\/span><\/span><span class=\"HwtZe\" lang=\"lt\"><span class=\"jCAhz ChMk0b\"><span class=\"ryNqvb\">D\u0117\u017eut\u0117s dydis: 11,25 x 8,25 x 2&#8243;, 28,5 x 21 x 5 cm<\/span><\/span><\/span><\/td>\n<\/tr>\n<\/tbody>\n<\/table>\n<p>&nbsp;<\/p>","protected":false},"excerpt":{"rendered":"<p>D\u0117lion\u0117 \u201eVandenynas\u201c i\u0161 Mudpuppy prek\u0117s \u017eenklo kolekcijos, kuri kuria kokybi\u0161kus, k\u016brybi\u0161kus \u017eaidimus, visi produktai atitinka CPSIA, ASTM ir CE saugos taisykles. K\u016brybi\u0161kai iliustruota d\u0117lion\u0117 pagal menininko Paulo Davizo k\u016brin\u012f. U\u017ebaigtame galvos\u016bkyje ry\u0161kios spalving\u0173 \u017euv\u0173, rykli\u0173 ir vandenyno gyvenimo iliustracijos. D\u0117lion\u0117 yra sud\u0117tinga, bet kartu naudinga edukacin\u0117 veikla visai \u0161eimai. Suteiks daugyb\u0119 \u012ftraukian\u010di\u0173 valand\u0173 8 met\u0173 &hellip; <br \/><a href=\"https:\/\/duckdeco.lt\/en\/product\/delione-vandenynas\/\" class=\"more-link\">Continue reading <span class=\"screen-reader-text\">D\u0117lion\u0117 \u201eVandens gyv\u016bnai\u201c<\/span><\/a><\/p>","protected":false},"featured_media":13502,"template":"","meta":{"_monsterinsights_skip_tracking":false,"_monsterinsights_sitenote_active":false,"_monsterinsights_sitenote_note":"","_monsterinsights_sitenote_category":0},"product_brand":[],"product_cat":[103,104],"product_tag":[502,369,376,377],"class_list":{"0":"post-13498","1":"product","2":"type-product","3":"status-publish","4":"has-post-thumbnail","6":"product_cat-dovanu-idejos","7":"product_cat-vaikams","8":"product_tag-delione","9":"product_tag-dovanos-vaikams","10":"product_tag-perdirbtas-popierius","11":"product_tag-tvarus-zaislai","13":"first","14":"instock","15":"taxable","16":"shipping-taxable","17":"purchasable","18":"product-type-simple"},"_links":{"self":[{"href":"https:\/\/duckdeco.lt\/en\/wp-json\/wp\/v2\/product\/13498","targetHints":{"allow":["GET"]}}],"collection":[{"href":"https:\/\/duckdeco.lt\/en\/wp-json\/wp\/v2\/product"}],"about":[{"href":"https:\/\/duckdeco.lt\/en\/wp-json\/wp\/v2\/types\/product"}],"version-history":[{"count":4,"href":"https:\/\/duckdeco.lt\/en\/wp-json\/wp\/v2\/product\/13498\/revisions"}],"predecessor-version":[{"id":15041,"href":"https:\/\/duckdeco.lt\/en\/wp-json\/wp\/v2\/product\/13498\/revisions\/15041"}],"wp:featuredmedia":[{"embeddable":true,"href":"https:\/\/duckdeco.lt\/en\/wp-json\/wp\/v2\/media\/13502"}],"wp:attachment":[{"href":"https:\/\/duckdeco.lt\/en\/wp-json\/wp\/v2\/media?parent=13498"}],"wp:term":[{"taxonomy":"product_brand","embeddable":true,"href":"https:\/\/duckdeco.lt\/en\/wp-json\/wp\/v2\/product_brand?post=13498"},{"taxonomy":"product_cat","embeddable":true,"href":"https:\/\/duckdeco.lt\/en\/wp-json\/wp\/v2\/product_cat?post=13498"},{"taxonomy":"product_tag","embeddable":true,"href":"https:\/\/duckdeco.lt\/en\/wp-json\/wp\/v2\/product_tag?post=13498"}],"curies":[{"name":"wp","href":"https:\/\/api.w.org\/{rel}","templated":true}]}}