{"id":13512,"date":"2024-05-17T16:05:21","date_gmt":"2024-05-17T13:05:21","guid":{"rendered":"https:\/\/duckdeco.com\/?post_type=product&#038;p=13512"},"modified":"2025-09-16T11:30:40","modified_gmt":"2025-09-16T08:30:40","slug":"13512","status":"publish","type":"product","link":"https:\/\/duckdeco.lt\/en\/product\/13512\/","title":{"rendered":"Puodelis \u201eMi\u0161ko pauk\u0161teliai\u201c"},"content":{"rendered":"<ul>\n<li><span class=\"HwtZe\" lang=\"lt\"><span class=\"jCAhz ChMk0b\"><span class=\"ryNqvb\">M\u0117gaukit\u0117s savo m\u0117gstamu g\u0117rimu stilingai su Heinen Delft Blue puodeliu \u201eMi\u0161ko pauk\u0161teliai\u201c, pagamintu i\u0161 auk\u0161tos kokyb\u0117s keramikos.<br \/>\n<\/span><\/span><\/span><\/li>\n<li><span class=\"HwtZe\" lang=\"lt\"><span class=\"jCAhz ChMk0b\"><span class=\"ryNqvb\">Pauk\u0161\u010di\u0173 myl\u0117tojus su\u017eav\u0117s gyvas vaizdas ant \u0161io puodelio, kuriame mi\u0161ko pauk\u0161\u010diai s\u0117di ant \u0161ak\u0173.<\/span><\/span> <span class=\"jCAhz ChMk0b\"><span class=\"ryNqvb\">Vaizdas skrieja aplink puodel\u012f, tod\u0117l galite atrasti nauj\u0173 \u0161i\u0173 linksm\u0173 pauk\u0161\u010di\u0173 detali\u0173 i\u0161 skirting\u0173 kamp\u0173. <\/span><\/span><\/span><\/li>\n<li><span class=\"HwtZe\" lang=\"lt\"><span class=\"jCAhz ChMk0b\"><span class=\"ryNqvb\">Itin tikrovi\u0161kas, spalvingas atspaudas, \u017eavinga auksin\u0117 ranken\u0117l\u0117, nuteiks jaukiems vakarams prie arbatos puodelio. Tai stilinga bei prakti\u0161ka dovana J\u016bs\u0173 artimiesiems, kolegoms, kuri nud\u017eiugins bet kokia proga. <\/span><\/span><\/span><\/li>\n<li><span class=\"HwtZe\" lang=\"lt\"><span class=\"jCAhz ChMk0b\"><span class=\"ryNqvb\">Negalima plauti indaplov\u0117je bei naudoti mikrobang\u0173 krosnel\u0117je.<\/span><\/span><\/span><\/li>\n<li><span class=\"HwtZe\" lang=\"lt\"><span class=\"jCAhz ChMk0b\"><span class=\"ryNqvb\"> Detal\u0117s: med\u017eiaga &#8211; keramika.<\/span><\/span><\/span><\/li>\n<\/ul>\n<table style=\"height: 76px;\" width=\"444\">\n<tbody>\n<tr>\n<td width=\"91\">I\u0161matavimai: Talpa 300 ml \/ Skersmuo 8,5 cm \/ auk\u0161tis 9,5 cm<\/td>\n<\/tr>\n<\/tbody>\n<\/table>\n<p>&nbsp;<\/p>","protected":false},"excerpt":{"rendered":"<p>M\u0117gaukit\u0117s savo m\u0117gstamu g\u0117rimu stilingai su Heinen Delft Blue puodeliu \u201eMi\u0161ko pauk\u0161teliai\u201c, pagamintu i\u0161 auk\u0161tos kokyb\u0117s keramikos. Pauk\u0161\u010di\u0173 myl\u0117tojus su\u017eav\u0117s gyvas vaizdas ant \u0161io puodelio, kuriame mi\u0161ko pauk\u0161\u010diai s\u0117di ant \u0161ak\u0173. Vaizdas skrieja aplink puodel\u012f, tod\u0117l galite atrasti nauj\u0173 \u0161i\u0173 linksm\u0173 pauk\u0161\u010di\u0173 detali\u0173 i\u0161 skirting\u0173 kamp\u0173. Itin tikrovi\u0161kas, spalvingas atspaudas, \u017eavinga auksin\u0117 ranken\u0117l\u0117, nuteiks jaukiems &hellip; <br \/><a href=\"https:\/\/duckdeco.lt\/en\/product\/13512\/\" class=\"more-link\">Continue reading <span class=\"screen-reader-text\">Puodelis \u201eMi\u0161ko pauk\u0161teliai\u201c<\/span><\/a><\/p>","protected":false},"featured_media":13519,"template":"","meta":{"_monsterinsights_skip_tracking":false,"_monsterinsights_sitenote_active":false,"_monsterinsights_sitenote_note":"","_monsterinsights_sitenote_category":0},"product_brand":[],"product_cat":[103,109],"product_tag":[503],"class_list":{"0":"post-13512","1":"product","2":"type-product","3":"status-publish","4":"has-post-thumbnail","6":"product_cat-dovanu-idejos","7":"product_cat-serviravimo-indai","8":"product_tag-keramikinis-puodelis","10":"first","11":"instock","12":"taxable","13":"shipping-taxable","14":"purchasable","15":"product-type-simple"},"_links":{"self":[{"href":"https:\/\/duckdeco.lt\/en\/wp-json\/wp\/v2\/product\/13512","targetHints":{"allow":["GET"]}}],"collection":[{"href":"https:\/\/duckdeco.lt\/en\/wp-json\/wp\/v2\/product"}],"about":[{"href":"https:\/\/duckdeco.lt\/en\/wp-json\/wp\/v2\/types\/product"}],"version-history":[{"count":4,"href":"https:\/\/duckdeco.lt\/en\/wp-json\/wp\/v2\/product\/13512\/revisions"}],"predecessor-version":[{"id":15039,"href":"https:\/\/duckdeco.lt\/en\/wp-json\/wp\/v2\/product\/13512\/revisions\/15039"}],"wp:featuredmedia":[{"embeddable":true,"href":"https:\/\/duckdeco.lt\/en\/wp-json\/wp\/v2\/media\/13519"}],"wp:attachment":[{"href":"https:\/\/duckdeco.lt\/en\/wp-json\/wp\/v2\/media?parent=13512"}],"wp:term":[{"taxonomy":"product_brand","embeddable":true,"href":"https:\/\/duckdeco.lt\/en\/wp-json\/wp\/v2\/product_brand?post=13512"},{"taxonomy":"product_cat","embeddable":true,"href":"https:\/\/duckdeco.lt\/en\/wp-json\/wp\/v2\/product_cat?post=13512"},{"taxonomy":"product_tag","embeddable":true,"href":"https:\/\/duckdeco.lt\/en\/wp-json\/wp\/v2\/product_tag?post=13512"}],"curies":[{"name":"wp","href":"https:\/\/api.w.org\/{rel}","templated":true}]}}