{"id":13521,"date":"2024-05-20T08:40:54","date_gmt":"2024-05-20T05:40:54","guid":{"rendered":"https:\/\/duckdeco.com\/?post_type=product&#038;p=13521"},"modified":"2025-01-27T11:55:31","modified_gmt":"2025-01-27T09:55:31","slug":"puodelis-suo-su-cigaru","status":"publish","type":"product","link":"https:\/\/duckdeco.lt\/en\/product\/puodelis-suo-su-cigaru\/","title":{"rendered":"Puodelis  \u201e\u0160uo su cigaru\u201c"},"content":{"rendered":"<ul>\n<li><span class=\"HwtZe\" lang=\"lt\"><span class=\"jCAhz ChMk0b\"><span class=\"ryNqvb\">M\u0117gaukit\u0117s savo m\u0117gstamu g\u0117rimu stilingai su Heinen Delft Blue puodeliu \u201e\u0160uo su cigaru\u201c, pagamintu i\u0161 auk\u0161tos kokyb\u0117s keramikos. <\/span><\/span><\/span><\/li>\n<li><span class=\"HwtZe\" lang=\"lt\"><span class=\"jCAhz ChMk0b\"><span class=\"ryNqvb\">\u0160\u012f puodel\u012f puo\u0161ia didingas Winstono Churchillio stiliaus buldogas, su cilindru, dideliu cigaru ir tvarkinga striuke \u2013 \u012fsp\u016bdingu senojo Did\u017eiosios Britanijos ministro pirmininko \u012fvaizd\u017eiu.<\/span><\/span> <\/span><\/li>\n<li><span class=\"HwtZe\" lang=\"lt\">Ekstravaganti\u0161kas atspaudas, daili sta\u010diakamp\u0117 auksin\u0117 ranken\u0117l\u0117. \u0160is<span class=\"jCAhz ChMk0b\"><span class=\"ryNqvb\"> puodelis puikiai papildys J\u016bs\u0173 serviravimo reikmen\u0173 kolekcij\u0105. <\/span><\/span><\/span><span class=\"HwtZe\" lang=\"lt\"><span class=\"jCAhz ChMk0b\"><span class=\"ryNqvb\">Tai stilinga bei prakti\u0161ka dovana J\u016bs\u0173 artimiesiems, kolegoms, kuri nud\u017eiugins bet kokia proga. <\/span><\/span><\/span><\/li>\n<li><span class=\"HwtZe\" lang=\"lt\"><span class=\"jCAhz ChMk0b\"><span class=\"ryNqvb\">Negalima plauti indaplov\u0117je bei naudoti mikrobang\u0173 krosnel\u0117je.<\/span><\/span><\/span><\/li>\n<li><span class=\"HwtZe\" lang=\"lt\"><span class=\"jCAhz ChMk0b\"><span class=\"ryNqvb\"> Detal\u0117s: med\u017eiaga \u2013 keramika.<\/span><\/span><\/span><\/li>\n<\/ul>\n<table width=\"444\">\n<tbody>\n<tr>\n<td width=\"91\">I\u0161matavimai: Talpa 300 ml \/ Skersmuo 8,5 cm \/ auk\u0161tis 9,5 cm<\/td>\n<\/tr>\n<\/tbody>\n<\/table>\n<p>&nbsp;<\/p>","protected":false},"excerpt":{"rendered":"<p>M\u0117gaukit\u0117s savo m\u0117gstamu g\u0117rimu stilingai su Heinen Delft Blue puodeliu \u201e\u0160uo su cigaru\u201c, pagamintu i\u0161 auk\u0161tos kokyb\u0117s keramikos. \u0160\u012f puodel\u012f puo\u0161ia didingas Winstono Churchillio stiliaus buldogas, su cilindru, dideliu cigaru ir tvarkinga striuke \u2013 \u012fsp\u016bdingu senojo Did\u017eiosios Britanijos ministro pirmininko \u012fvaizd\u017eiu. Ekstravaganti\u0161kas atspaudas, daili sta\u010diakamp\u0117 auksin\u0117 ranken\u0117l\u0117. \u0160is puodelis puikiai papildys J\u016bs\u0173 serviravimo reikmen\u0173 kolekcij\u0105. &hellip; <br \/><a href=\"https:\/\/duckdeco.lt\/en\/product\/puodelis-suo-su-cigaru\/\" class=\"more-link\">Continue reading <span class=\"screen-reader-text\">Puodelis  \u201e\u0160uo su cigaru\u201c<\/span><\/a><\/p>","protected":false},"featured_media":13525,"template":"","meta":{"_monsterinsights_skip_tracking":false,"_monsterinsights_sitenote_active":false,"_monsterinsights_sitenote_note":"","_monsterinsights_sitenote_category":0},"product_brand":[],"product_cat":[103,109],"product_tag":[503],"class_list":{"0":"post-13521","1":"product","2":"type-product","3":"status-publish","4":"has-post-thumbnail","6":"product_cat-dovanu-idejos","7":"product_cat-serviravimo-indai","8":"product_tag-keramikinis-puodelis","10":"first","11":"instock","12":"taxable","13":"shipping-taxable","14":"purchasable","15":"product-type-simple"},"_links":{"self":[{"href":"https:\/\/duckdeco.lt\/en\/wp-json\/wp\/v2\/product\/13521","targetHints":{"allow":["GET"]}}],"collection":[{"href":"https:\/\/duckdeco.lt\/en\/wp-json\/wp\/v2\/product"}],"about":[{"href":"https:\/\/duckdeco.lt\/en\/wp-json\/wp\/v2\/types\/product"}],"version-history":[{"count":3,"href":"https:\/\/duckdeco.lt\/en\/wp-json\/wp\/v2\/product\/13521\/revisions"}],"predecessor-version":[{"id":15037,"href":"https:\/\/duckdeco.lt\/en\/wp-json\/wp\/v2\/product\/13521\/revisions\/15037"}],"wp:featuredmedia":[{"embeddable":true,"href":"https:\/\/duckdeco.lt\/en\/wp-json\/wp\/v2\/media\/13525"}],"wp:attachment":[{"href":"https:\/\/duckdeco.lt\/en\/wp-json\/wp\/v2\/media?parent=13521"}],"wp:term":[{"taxonomy":"product_brand","embeddable":true,"href":"https:\/\/duckdeco.lt\/en\/wp-json\/wp\/v2\/product_brand?post=13521"},{"taxonomy":"product_cat","embeddable":true,"href":"https:\/\/duckdeco.lt\/en\/wp-json\/wp\/v2\/product_cat?post=13521"},{"taxonomy":"product_tag","embeddable":true,"href":"https:\/\/duckdeco.lt\/en\/wp-json\/wp\/v2\/product_tag?post=13521"}],"curies":[{"name":"wp","href":"https:\/\/api.w.org\/{rel}","templated":true}]}}