{"id":13530,"date":"2024-05-20T09:31:59","date_gmt":"2024-05-20T06:31:59","guid":{"rendered":"https:\/\/duckdeco.com\/?post_type=product&#038;p=13530"},"modified":"2025-01-27T11:53:43","modified_gmt":"2025-01-27T09:53:43","slug":"puodelis-zuvytes","status":"publish","type":"product","link":"https:\/\/duckdeco.lt\/en\/product\/puodelis-zuvytes\/","title":{"rendered":"Puodelis \u201e\u017duvyt\u0117s\u201c"},"content":{"rendered":"<ul>\n<li><span class=\"HwtZe\" lang=\"lt\"><span class=\"jCAhz ChMk0b\"><span class=\"ryNqvb\">M\u0117gaukit\u0117s savo m\u0117gstamu g\u0117rimu stilingai su Heinen Delft Blue puodeliu \u201e\u017duvyt\u0117s\u201c, pagamintu i\u0161 auk\u0161tos kokyb\u0117s keramikos.\u00a0<\/span><\/span><\/span><\/li>\n<li><span class=\"HwtZe\" lang=\"lt\"><span class=\"jCAhz ChMk0b\"><span class=\"ryNqvb\">Itin tikrovi\u0161kas atspaudas, \u017eavinga minimalistin\u0117 auksin\u0117 ranken\u0117l\u0117, nuteiks jaukiems vakarams prie arbatos puodelio. Tai stilinga bei prakti\u0161ka dovana J\u016bs\u0173 artimiesiems, kolegoms, kuri nud\u017eiugins bet kokia proga. <\/span><\/span><\/span><\/li>\n<li><span class=\"HwtZe\" lang=\"lt\"><span class=\"jCAhz ChMk0b\"><span class=\"ryNqvb\">Negalima plauti indaplov\u0117je bei naudoti mikrobang\u0173 krosnel\u0117je.<\/span><\/span><\/span><\/li>\n<li><span class=\"HwtZe\" lang=\"lt\"><span class=\"jCAhz ChMk0b\"><span class=\"ryNqvb\"> Detal\u0117s: med\u017eiaga \u2013 keramika.<\/span><\/span><\/span><\/li>\n<\/ul>\n<table width=\"444\">\n<tbody>\n<tr>\n<td width=\"91\">I\u0161matavimai: Talpa 300 ml \/ Skersmuo 8,5 cm \/ auk\u0161tis 9,5 cm<\/td>\n<\/tr>\n<\/tbody>\n<\/table>\n<p>&nbsp;<\/p>","protected":false},"excerpt":{"rendered":"<p>M\u0117gaukit\u0117s savo m\u0117gstamu g\u0117rimu stilingai su Heinen Delft Blue puodeliu \u201e\u017duvyt\u0117s\u201c, pagamintu i\u0161 auk\u0161tos kokyb\u0117s keramikos.\u00a0 Itin tikrovi\u0161kas atspaudas, \u017eavinga minimalistin\u0117 auksin\u0117 ranken\u0117l\u0117, nuteiks jaukiems vakarams prie arbatos puodelio. Tai stilinga bei prakti\u0161ka dovana J\u016bs\u0173 artimiesiems, kolegoms, kuri nud\u017eiugins bet kokia proga. Negalima plauti indaplov\u0117je bei naudoti mikrobang\u0173 krosnel\u0117je. Detal\u0117s: med\u017eiaga \u2013 keramika. I\u0161matavimai: Talpa &hellip; <br \/><a href=\"https:\/\/duckdeco.lt\/en\/product\/puodelis-zuvytes\/\" class=\"more-link\">Continue reading <span class=\"screen-reader-text\">Puodelis \u201e\u017duvyt\u0117s\u201c<\/span><\/a><\/p>","protected":false},"featured_media":13532,"template":"","meta":{"_monsterinsights_skip_tracking":false,"_monsterinsights_sitenote_active":false,"_monsterinsights_sitenote_note":"","_monsterinsights_sitenote_category":0},"product_brand":[],"product_cat":[103,109],"product_tag":[503],"class_list":{"0":"post-13530","1":"product","2":"type-product","3":"status-publish","4":"has-post-thumbnail","6":"product_cat-dovanu-idejos","7":"product_cat-serviravimo-indai","8":"product_tag-keramikinis-puodelis","10":"first","11":"instock","12":"taxable","13":"shipping-taxable","14":"purchasable","15":"product-type-simple"},"_links":{"self":[{"href":"https:\/\/duckdeco.lt\/en\/wp-json\/wp\/v2\/product\/13530","targetHints":{"allow":["GET"]}}],"collection":[{"href":"https:\/\/duckdeco.lt\/en\/wp-json\/wp\/v2\/product"}],"about":[{"href":"https:\/\/duckdeco.lt\/en\/wp-json\/wp\/v2\/types\/product"}],"version-history":[{"count":3,"href":"https:\/\/duckdeco.lt\/en\/wp-json\/wp\/v2\/product\/13530\/revisions"}],"predecessor-version":[{"id":15033,"href":"https:\/\/duckdeco.lt\/en\/wp-json\/wp\/v2\/product\/13530\/revisions\/15033"}],"wp:featuredmedia":[{"embeddable":true,"href":"https:\/\/duckdeco.lt\/en\/wp-json\/wp\/v2\/media\/13532"}],"wp:attachment":[{"href":"https:\/\/duckdeco.lt\/en\/wp-json\/wp\/v2\/media?parent=13530"}],"wp:term":[{"taxonomy":"product_brand","embeddable":true,"href":"https:\/\/duckdeco.lt\/en\/wp-json\/wp\/v2\/product_brand?post=13530"},{"taxonomy":"product_cat","embeddable":true,"href":"https:\/\/duckdeco.lt\/en\/wp-json\/wp\/v2\/product_cat?post=13530"},{"taxonomy":"product_tag","embeddable":true,"href":"https:\/\/duckdeco.lt\/en\/wp-json\/wp\/v2\/product_tag?post=13530"}],"curies":[{"name":"wp","href":"https:\/\/api.w.org\/{rel}","templated":true}]}}