{"id":13568,"date":"2024-05-28T13:04:12","date_gmt":"2024-05-28T10:04:12","guid":{"rendered":"https:\/\/duckdeco.com\/?post_type=product&#038;p=13568"},"modified":"2025-01-27T11:08:00","modified_gmt":"2025-01-27T09:08:00","slug":"sodo-fakelas-zvake-2","status":"publish","type":"product","link":"https:\/\/duckdeco.lt\/en\/product\/sodo-fakelas-zvake-2\/","title":{"rendered":"Sodo fakelas &#8211; \u017evak\u0117"},"content":{"rendered":"<ul>\n<li>Sodo fakelas \u2013 \u017evak\u0117 ant bambuko lazdel\u0117s yra puikus sprendimas, norint m\u0117gautis liepsnos \u017eaismu lauke nekuriant lau\u017eo! \u017dvak\u0117 \u2013 fakelas pagaminta i\u0161 perdirbto parafino \u2013 tvaraus produkto.<\/li>\n<li>Lauko \u017evaki\u0173 lydymosi temperat\u016bra yra tokia pati kaip ir \u012fprast\u0173 \u017evaki\u0173, o tai rei\u0161kia, kad jos gali i\u0161tirpti \/ sulinkti tiesioginiuose saul\u0117s spinduliuose.<\/li>\n<li>Detal\u0117s: med\u017eiaga &#8211; parafinas.<\/li>\n<li>Spalva \u2013 r\u016bd\u017ei\u0173.<\/li>\n<\/ul>\n<table width=\"705\">\n<tbody>\n<tr>\n<td width=\"91\">I\u0161matavimai: Fakelo bendras auk\u0161tis 68 cm \/ \u017evak\u0117s skersmuo 3,8 cm \/ auk\u0161tis 20 cm<\/td>\n<\/tr>\n<\/tbody>\n<\/table>","protected":false},"excerpt":{"rendered":"<p>Sodo fakelas \u2013 \u017evak\u0117 ant bambuko lazdel\u0117s yra puikus sprendimas, norint m\u0117gautis liepsnos \u017eaismu lauke nekuriant lau\u017eo! \u017dvak\u0117 \u2013 fakelas pagaminta i\u0161 perdirbto parafino \u2013 tvaraus produkto. Lauko \u017evaki\u0173 lydymosi temperat\u016bra yra tokia pati kaip ir \u012fprast\u0173 \u017evaki\u0173, o tai rei\u0161kia, kad jos gali i\u0161tirpti \/ sulinkti tiesioginiuose saul\u0117s spinduliuose. Detal\u0117s: med\u017eiaga &#8211; parafinas. Spalva &hellip; <br \/><a href=\"https:\/\/duckdeco.lt\/en\/product\/sodo-fakelas-zvake-2\/\" class=\"more-link\">Continue reading <span class=\"screen-reader-text\">Sodo fakelas &#8211; \u017evak\u0117<\/span><\/a><\/p>","protected":false},"featured_media":13569,"template":"","meta":{"_monsterinsights_skip_tracking":false,"_monsterinsights_sitenote_active":false,"_monsterinsights_sitenote_note":"","_monsterinsights_sitenote_category":0},"product_brand":[],"product_cat":[144],"product_tag":[491,200,425],"class_list":{"0":"post-13568","1":"product","2":"type-product","3":"status-publish","4":"has-post-thumbnail","6":"product_cat-zvakes","7":"product_tag-fakelas","8":"product_tag-lauko-zvake","9":"product_tag-perdirbtas-parafinas","11":"first","12":"instock","13":"taxable","14":"shipping-taxable","15":"purchasable","16":"product-type-simple"},"_links":{"self":[{"href":"https:\/\/duckdeco.lt\/en\/wp-json\/wp\/v2\/product\/13568","targetHints":{"allow":["GET"]}}],"collection":[{"href":"https:\/\/duckdeco.lt\/en\/wp-json\/wp\/v2\/product"}],"about":[{"href":"https:\/\/duckdeco.lt\/en\/wp-json\/wp\/v2\/types\/product"}],"version-history":[{"count":3,"href":"https:\/\/duckdeco.lt\/en\/wp-json\/wp\/v2\/product\/13568\/revisions"}],"predecessor-version":[{"id":15030,"href":"https:\/\/duckdeco.lt\/en\/wp-json\/wp\/v2\/product\/13568\/revisions\/15030"}],"wp:featuredmedia":[{"embeddable":true,"href":"https:\/\/duckdeco.lt\/en\/wp-json\/wp\/v2\/media\/13569"}],"wp:attachment":[{"href":"https:\/\/duckdeco.lt\/en\/wp-json\/wp\/v2\/media?parent=13568"}],"wp:term":[{"taxonomy":"product_brand","embeddable":true,"href":"https:\/\/duckdeco.lt\/en\/wp-json\/wp\/v2\/product_brand?post=13568"},{"taxonomy":"product_cat","embeddable":true,"href":"https:\/\/duckdeco.lt\/en\/wp-json\/wp\/v2\/product_cat?post=13568"},{"taxonomy":"product_tag","embeddable":true,"href":"https:\/\/duckdeco.lt\/en\/wp-json\/wp\/v2\/product_tag?post=13568"}],"curies":[{"name":"wp","href":"https:\/\/api.w.org\/{rel}","templated":true}]}}