{"id":13579,"date":"2024-05-28T14:38:42","date_gmt":"2024-05-28T11:38:42","guid":{"rendered":"https:\/\/duckdeco.com\/?post_type=product&#038;p=13579"},"modified":"2025-01-27T11:05:16","modified_gmt":"2025-01-27T09:05:16","slug":"zvakide-sheva","status":"publish","type":"product","link":"https:\/\/duckdeco.lt\/en\/product\/zvakide-sheva\/","title":{"rendered":"Vinta\u017ein\u0117 \u017evakid\u0117 \u201eSheva\u201c"},"content":{"rendered":"<ul>\n<li>Light &amp; Living prek\u0117s \u017eenklo sendinto stiliaus oksiduoto vario \u017evakid\u0117, solidus nenuobod\u017eios spalvos interjero aksesuaras.<\/li>\n<li>Puikus pasirinkimas, kai norisi suteikti savo aplinkai i\u0161skirtinumo, nesenstan\u010dios elegancijos poj\u016bt\u012f. Derinant kelias to paties tipo \u017evakides galima sukurti \u012fsp\u016bding\u0105 \u0161ventinio stalo dekor\u0105.<\/li>\n<li>Detal\u0117s: med\u017eiaga &#8211; aliuminis.<\/li>\n<li>Spalva &#8211; oksiduoto vario. .<\/li>\n<\/ul>\n<table width=\"405\">\n<tbody>\n<tr>\n<td width=\"91\">I\u0161matavimai: Skersmuo 10 cm\u00a0 \/ Auk\u0161tis 34 cm.<\/td>\n<\/tr>\n<\/tbody>\n<\/table>\n<p>&nbsp;<\/p>\n<p>&nbsp;<\/p>","protected":false},"excerpt":{"rendered":"<p>Light &amp; Living prek\u0117s \u017eenklo sendinto stiliaus oksiduoto vario \u017evakid\u0117, solidus nenuobod\u017eios spalvos interjero aksesuaras. Puikus pasirinkimas, kai norisi suteikti savo aplinkai i\u0161skirtinumo, nesenstan\u010dios elegancijos poj\u016bt\u012f. Derinant kelias to paties tipo \u017evakides galima sukurti \u012fsp\u016bding\u0105 \u0161ventinio stalo dekor\u0105. Detal\u0117s: med\u017eiaga &#8211; aliuminis. Spalva &#8211; oksiduoto vario. . I\u0161matavimai: Skersmuo 10 cm\u00a0 \/ Auk\u0161tis 34 cm. &hellip; <br \/><a href=\"https:\/\/duckdeco.lt\/en\/product\/zvakide-sheva\/\" class=\"more-link\">Continue reading <span class=\"screen-reader-text\">Vinta\u017ein\u0117 \u017evakid\u0117 \u201eSheva\u201c<\/span><\/a><\/p>","protected":false},"featured_media":13581,"template":"","meta":{"_monsterinsights_skip_tracking":false,"_monsterinsights_sitenote_active":false,"_monsterinsights_sitenote_note":"","_monsterinsights_sitenote_category":0},"product_brand":[],"product_cat":[106,107],"product_tag":[488,489,452],"class_list":{"0":"post-13579","1":"product","2":"type-product","3":"status-publish","4":"has-post-thumbnail","6":"product_cat-dekoras-sventems","7":"product_cat-stilingos-zvakides-zvakes","8":"product_tag-oksiduoto-vario-zvakide","9":"product_tag-vintazinis-stilius","10":"product_tag-zvakiu-laikiklis","12":"first","13":"instock","14":"taxable","15":"shipping-taxable","16":"purchasable","17":"product-type-simple"},"_links":{"self":[{"href":"https:\/\/duckdeco.lt\/en\/wp-json\/wp\/v2\/product\/13579","targetHints":{"allow":["GET"]}}],"collection":[{"href":"https:\/\/duckdeco.lt\/en\/wp-json\/wp\/v2\/product"}],"about":[{"href":"https:\/\/duckdeco.lt\/en\/wp-json\/wp\/v2\/types\/product"}],"version-history":[{"count":4,"href":"https:\/\/duckdeco.lt\/en\/wp-json\/wp\/v2\/product\/13579\/revisions"}],"predecessor-version":[{"id":14967,"href":"https:\/\/duckdeco.lt\/en\/wp-json\/wp\/v2\/product\/13579\/revisions\/14967"}],"wp:featuredmedia":[{"embeddable":true,"href":"https:\/\/duckdeco.lt\/en\/wp-json\/wp\/v2\/media\/13581"}],"wp:attachment":[{"href":"https:\/\/duckdeco.lt\/en\/wp-json\/wp\/v2\/media?parent=13579"}],"wp:term":[{"taxonomy":"product_brand","embeddable":true,"href":"https:\/\/duckdeco.lt\/en\/wp-json\/wp\/v2\/product_brand?post=13579"},{"taxonomy":"product_cat","embeddable":true,"href":"https:\/\/duckdeco.lt\/en\/wp-json\/wp\/v2\/product_cat?post=13579"},{"taxonomy":"product_tag","embeddable":true,"href":"https:\/\/duckdeco.lt\/en\/wp-json\/wp\/v2\/product_tag?post=13579"}],"curies":[{"name":"wp","href":"https:\/\/api.w.org\/{rel}","templated":true}]}}