{"id":13611,"date":"2024-06-03T11:28:22","date_gmt":"2024-06-03T08:28:22","guid":{"rendered":"https:\/\/duckdeco.com\/?post_type=product&#038;p=13611"},"modified":"2025-01-27T10:57:03","modified_gmt":"2025-01-27T08:57:03","slug":"marmurinis-padekliukas","status":"publish","type":"product","link":"https:\/\/duckdeco.lt\/en\/product\/marmurinis-padekliukas\/","title":{"rendered":"Marmurinis pad\u0117kliukas"},"content":{"rendered":"<ul>\n<li class=\"lRu31\" dir=\"ltr\"><span class=\"HwtZe\" lang=\"lt\"><span class=\"HwtZe\" lang=\"lt\"><span class=\"jCAhz JxVs2d ChMk0b\"><span class=\"ryNqvb\">Unikalaus dizaino, rank\u0173 darbo pad\u0117kliukas pagamintas i\u0161 nat\u016bralaus marmuro akmens.<br \/>\n<\/span><\/span><\/span><\/span><\/li>\n<li class=\"lRu31\" dir=\"ltr\"><span class=\"HwtZe\" lang=\"lt\"><span class=\"HwtZe\" lang=\"lt\"><span class=\"jCAhz JxVs2d ChMk0b\"><span class=\"ryNqvb\">Naudokite kaip pad\u0117kliuk\u0105 puodeliams, kuris ne tik apsaugos J\u016bs\u0173 stal\u0105 nuo kar\u0161to g\u0117rimo, bet ir papuo\u0161 J\u016bs\u0173 erdv\u0119. Taip pat \u0161ie pad\u0117kliukai gali atlikti dekoro funkcij\u0105, naudokite kaip laikikl\u012f \u017evak\u0117ms.\u00a0<\/span><\/span><\/span><\/span><\/li>\n<li class=\"lRu31\" dir=\"ltr\"><span class=\"HwtZe\" lang=\"lt\"><span class=\"HwtZe\" lang=\"lt\"><span class=\"jCAhz JxVs2d ChMk0b\"><span class=\"ryNqvb\">Detal\u0117s: med\u017eiaga &#8211; marmuras. <\/span><\/span><\/span><\/span><\/li>\n<li class=\"lRu31\" dir=\"ltr\"><span class=\"HwtZe\" lang=\"lt\"><span class=\"HwtZe\" lang=\"lt\"><span class=\"jCAhz JxVs2d ChMk0b\"><span class=\"ryNqvb\">Spalva &#8211; balta.<br \/>\n<\/span><\/span><\/span><\/span><\/p>\n<table width=\"425\">\n<tbody>\n<tr>\n<td width=\"91\">I\u0161matavimai: Skersmuo 10 cm \/ Auk\u0161tis 1 cm.<\/td>\n<\/tr>\n<\/tbody>\n<\/table>\n<p><span class=\"HwtZe\" lang=\"lt\"><span class=\"jCAhz JxVs2d ChMk0b\"><span class=\"ryNqvb\">\u00a0<\/span><\/span><\/span><\/p>\n<div class=\"OvtS8d\"><\/div>\n<div id=\"ow1580\">\n<div class=\"lRu31\" dir=\"ltr\"><\/div>\n<div class=\"UdTY9 WdefRb\" aria-hidden=\"true\" data-location=\"2\">\n<div class=\"kO6q6e\"><\/div>\n<\/div>\n<\/div>\n<\/li>\n<\/ul>\n<div dir=\"ltr\"><\/div>\n<div class=\"UdTY9 WdefRb\" aria-hidden=\"true\" data-location=\"2\">\n<div class=\"kO6q6e\"><\/div>\n<\/div>\n<div class=\"XL3Kf XExWNc\">\n<div class=\"a8FIud X0rvP\">\n<div data-show-delay-ms=\"250\" data-append-to-body=\"false\" data-propagate-tooltip-mouseover-events=\"true\" data-anchor-corner=\"bottom-end\" data-enable-skip-handler=\"false\" data-popup-corner=\"top-end\">\n<div><\/div>\n<\/div>\n<\/div>\n<\/div>\n<div class=\"XL3Kf XExWNc\">\n<div class=\"a8FIud X0rvP\">\n<div data-show-delay-ms=\"250\" data-append-to-body=\"false\" data-propagate-tooltip-mouseover-events=\"true\" data-anchor-corner=\"bottom-end\" data-enable-skip-handler=\"false\" data-popup-corner=\"top-end\"><\/div>\n<\/div>\n<\/div>\n<div class=\"ebT7ne VOLvac sMVRZe\">\n<div class=\"F0pQVc\"><\/div>\n<\/div>\n<div class=\"VO9ucd\">\n<div class=\"aJIq1d\" dir=\"ltr\" data-language-code=\"lt\" data-language-name=\"lietuvi\u0173\" data-text=\"Apsaugokite stalo pavir\u0161i\u0173 \u2013 4 balto marmuro pad\u0117kliuk\u0173 rinkinys g\u0117rimams turi neslid\u0173 mink\u0161t\u0105 kam\u0161t\u012f kiekvieno pad\u0117kliuko gale. Tai u\u017etikrina kavos staliuko, medinio stalo apsaug\u0105 namuose; arba prie j\u016bs\u0173 biuro stalo. Puikiai tinka kar\u0161tiems ir \u0161altiems g\u0117rimams \u2013 nesvarbu, ar geriate puodel\u012f kar\u0161tos kavos, taur\u0119 \u0161alto limonado ar skardin\u0119 alaus, kiekvienas i\u0161 m\u016bs\u0173 balto marmuro kavos staliuko pad\u0117kliuk\u0173 yra pakankamai platus j\u016bs\u0173 g\u0117rimui. Unikalus dizainas \u2013 Skirtingai nuo kit\u0173 keramini\u0173 g\u0117rimus sugerian\u010di\u0173 pad\u0117kliuk\u0173, m\u016bs\u0173 pad\u0117kliuk\u0173 rinkinys yra pagamintas i\u0161 nat\u016bralaus marmuro akmens, i\u0161gaunamo karjeruose. Kiekvienas marmurinis g\u0117rim\u0173 pad\u0117kliukas yra patvarus ir turi unikal\u0173 ra\u0161t\u0105, nepana\u0161\u0173 \u012f visus kitus! Elegancijos prisilietimas \u2013 m\u016bs\u0173 eleganti\u0161ki puodeli\u0173 pad\u0117kliukai tinka prie bet kokio baldo ar nam\u0173 interjero. Pad\u0117kite m\u016bs\u0173 marmurinius akmeninius pad\u0117kliukus ant marmurini\u0173, medini\u0173, stiklini\u0173, laminuot\u0173 ar \u0161iferio stal\u0173. Prabang\u016bs vyno priedai \u2013 \u0161ie marmuriniai g\u0117rim\u0173 pad\u0117kliukai yra eleganti\u0161ka dovana draugams ir \u0161eimos nariams! \u0160ie vyno aksesuarai yra puikios Motinos dienos, gimtadienio, Kal\u0117d\u0173, Pad\u0117kos dienos, nam\u0173 dekoravimo ar namus su\u0161ildan\u010dios dovanos naujoms nam\u0173 id\u0117joms!\" data-crosslingual-hint=\"\" data-location=\"2\" data-enable-toggle-playback-speed=\"true\" data-results-count=\"1\" data-result-index=\"1\">\n<div class=\"m0Qfkd\"><\/div>\n<\/div>\n<\/div>","protected":false},"excerpt":{"rendered":"<p>Unikalaus dizaino, rank\u0173 darbo pad\u0117kliukas pagamintas i\u0161 nat\u016bralaus marmuro akmens. Naudokite kaip pad\u0117kliuk\u0105 puodeliams, kuris ne tik apsaugos J\u016bs\u0173 stal\u0105 nuo kar\u0161to g\u0117rimo, bet ir papuo\u0161 J\u016bs\u0173 erdv\u0119. Taip pat \u0161ie pad\u0117kliukai gali atlikti dekoro funkcij\u0105, naudokite kaip laikikl\u012f \u017evak\u0117ms.\u00a0 Detal\u0117s: med\u017eiaga &#8211; marmuras. Spalva &#8211; balta. I\u0161matavimai: Skersmuo 10 cm \/ Auk\u0161tis 1 cm. &hellip; <br \/><a href=\"https:\/\/duckdeco.lt\/en\/product\/marmurinis-padekliukas\/\" class=\"more-link\">Continue reading <span class=\"screen-reader-text\">Marmurinis pad\u0117kliukas<\/span><\/a><\/p>","protected":false},"featured_media":13612,"template":"","meta":{"_monsterinsights_skip_tracking":false,"_monsterinsights_sitenote_active":false,"_monsterinsights_sitenote_note":"","_monsterinsights_sitenote_category":0},"product_brand":[],"product_cat":[106,95],"product_tag":[221,292,452],"class_list":{"0":"post-13611","1":"product","2":"type-product","3":"status-publish","4":"has-post-thumbnail","6":"product_cat-dekoras-sventems","7":"product_cat-interjerui","8":"product_tag-marmurinis-padekliukas","9":"product_tag-ranku-darbo","10":"product_tag-zvakiu-laikiklis","12":"first","13":"instock","14":"taxable","15":"shipping-taxable","16":"purchasable","17":"product-type-simple"},"_links":{"self":[{"href":"https:\/\/duckdeco.lt\/en\/wp-json\/wp\/v2\/product\/13611","targetHints":{"allow":["GET"]}}],"collection":[{"href":"https:\/\/duckdeco.lt\/en\/wp-json\/wp\/v2\/product"}],"about":[{"href":"https:\/\/duckdeco.lt\/en\/wp-json\/wp\/v2\/types\/product"}],"version-history":[{"count":4,"href":"https:\/\/duckdeco.lt\/en\/wp-json\/wp\/v2\/product\/13611\/revisions"}],"predecessor-version":[{"id":15026,"href":"https:\/\/duckdeco.lt\/en\/wp-json\/wp\/v2\/product\/13611\/revisions\/15026"}],"wp:featuredmedia":[{"embeddable":true,"href":"https:\/\/duckdeco.lt\/en\/wp-json\/wp\/v2\/media\/13612"}],"wp:attachment":[{"href":"https:\/\/duckdeco.lt\/en\/wp-json\/wp\/v2\/media?parent=13611"}],"wp:term":[{"taxonomy":"product_brand","embeddable":true,"href":"https:\/\/duckdeco.lt\/en\/wp-json\/wp\/v2\/product_brand?post=13611"},{"taxonomy":"product_cat","embeddable":true,"href":"https:\/\/duckdeco.lt\/en\/wp-json\/wp\/v2\/product_cat?post=13611"},{"taxonomy":"product_tag","embeddable":true,"href":"https:\/\/duckdeco.lt\/en\/wp-json\/wp\/v2\/product_tag?post=13611"}],"curies":[{"name":"wp","href":"https:\/\/api.w.org\/{rel}","templated":true}]}}