{"id":13616,"date":"2024-06-03T12:14:48","date_gmt":"2024-06-03T09:14:48","guid":{"rendered":"https:\/\/duckdeco.com\/?post_type=product&#038;p=13616"},"modified":"2025-01-27T10:54:07","modified_gmt":"2025-01-27T08:54:07","slug":"asotis-vaza-pienes-pukas","status":"publish","type":"product","link":"https:\/\/duckdeco.lt\/en\/product\/asotis-vaza-pienes-pukas\/","title":{"rendered":"Vaza &#8211; \u0105sotis \u201ePien\u0117s p\u016bkas\u201c"},"content":{"rendered":"<ul>\n<li>Stilingas, eleganti\u0161kas \u0105sotis dekoruotas pieno p\u016bko motyvais, puikiais tiks kaip aksesuaras \u017eemi\u0161k\u0173 spalv\u0173 interjere.<\/li>\n<li>Galima naudoti kaip vaz\u0105 laukin\u0117ms g\u0117l\u0117ms. \u012esp\u016bdingai atrodyt\u0173 su \u017eydin\u010dia laukini\u0173 mork\u0173 puok\u0161te. Pastatykite j\u012f ant nat\u016bralaus med\u017eio stalvir\u0161io ir negal\u0117site atitraukti aki\u0173.<\/li>\n<li>Detal\u0117s: med\u017eiaga &#8211; keramika.<\/li>\n<li>Spalva &#8211; dramblio kaulo.<\/li>\n<\/ul>\n<table width=\"405\">\n<tbody>\n<tr>\n<td width=\"91\">I\u0161matavimai: Skersmuo 13,5 cm \/ Auk\u0161tis 30 cm.<\/td>\n<\/tr>\n<\/tbody>\n<\/table>\n<p>&nbsp;<\/p>","protected":false},"excerpt":{"rendered":"<p>Stilingas, eleganti\u0161kas \u0105sotis dekoruotas pieno p\u016bko motyvais, puikiais tiks kaip aksesuaras \u017eemi\u0161k\u0173 spalv\u0173 interjere. Galima naudoti kaip vaz\u0105 laukin\u0117ms g\u0117l\u0117ms. \u012esp\u016bdingai atrodyt\u0173 su \u017eydin\u010dia laukini\u0173 mork\u0173 puok\u0161te. Pastatykite j\u012f ant nat\u016bralaus med\u017eio stalvir\u0161io ir negal\u0117site atitraukti aki\u0173. Detal\u0117s: med\u017eiaga &#8211; keramika. Spalva &#8211; dramblio kaulo. I\u0161matavimai: Skersmuo 13,5 cm \/ Auk\u0161tis 30 cm. &nbsp;<\/p>","protected":false},"featured_media":13617,"template":"","meta":{"_monsterinsights_skip_tracking":false,"_monsterinsights_sitenote_active":false,"_monsterinsights_sitenote_note":"","_monsterinsights_sitenote_category":0},"product_brand":[],"product_cat":[103,95,101],"product_tag":[481,480],"class_list":{"0":"post-13616","1":"product","2":"type-product","3":"status-publish","4":"has-post-thumbnail","6":"product_cat-dovanu-idejos","7":"product_cat-interjerui","8":"product_cat-vazos","9":"product_tag-pienes-puko-motyvai","10":"product_tag-vaza-asotis","12":"first","13":"instock","14":"taxable","15":"shipping-taxable","16":"purchasable","17":"product-type-simple"},"_links":{"self":[{"href":"https:\/\/duckdeco.lt\/en\/wp-json\/wp\/v2\/product\/13616","targetHints":{"allow":["GET"]}}],"collection":[{"href":"https:\/\/duckdeco.lt\/en\/wp-json\/wp\/v2\/product"}],"about":[{"href":"https:\/\/duckdeco.lt\/en\/wp-json\/wp\/v2\/types\/product"}],"version-history":[{"count":4,"href":"https:\/\/duckdeco.lt\/en\/wp-json\/wp\/v2\/product\/13616\/revisions"}],"predecessor-version":[{"id":15024,"href":"https:\/\/duckdeco.lt\/en\/wp-json\/wp\/v2\/product\/13616\/revisions\/15024"}],"wp:featuredmedia":[{"embeddable":true,"href":"https:\/\/duckdeco.lt\/en\/wp-json\/wp\/v2\/media\/13617"}],"wp:attachment":[{"href":"https:\/\/duckdeco.lt\/en\/wp-json\/wp\/v2\/media?parent=13616"}],"wp:term":[{"taxonomy":"product_brand","embeddable":true,"href":"https:\/\/duckdeco.lt\/en\/wp-json\/wp\/v2\/product_brand?post=13616"},{"taxonomy":"product_cat","embeddable":true,"href":"https:\/\/duckdeco.lt\/en\/wp-json\/wp\/v2\/product_cat?post=13616"},{"taxonomy":"product_tag","embeddable":true,"href":"https:\/\/duckdeco.lt\/en\/wp-json\/wp\/v2\/product_tag?post=13616"}],"curies":[{"name":"wp","href":"https:\/\/api.w.org\/{rel}","templated":true}]}}