{"id":13631,"date":"2024-06-03T15:19:24","date_gmt":"2024-06-03T12:19:24","guid":{"rendered":"https:\/\/duckdeco.com\/?post_type=product&#038;p=13631"},"modified":"2025-01-27T10:51:42","modified_gmt":"2025-01-27T08:51:42","slug":"vaza-kvintetas","status":"publish","type":"product","link":"https:\/\/duckdeco.lt\/en\/product\/vaza-kvintetas\/","title":{"rendered":"Vaza \u201eKvintetas\u201c"},"content":{"rendered":"<ul>\n<li>Originali keramikin\u0117, glaz\u016bruota vaza tinkanti tiek klasikiniams, tiek moderniems interjerams. Grak\u0161\u010diai stovi rodos vos remdamasi \u012f pavir\u0161i\u0173. Tai ak\u012f traukiantis meno k\u016brinys, kuris nustelbs kiekvien\u0105 savo unikalia i\u0161vaizda.<\/li>\n<li>Sujungta i\u0161 5 dali\u0173, tod\u0117l nesunkiai sukursite nuostabi\u0105 g\u0117li\u0173 kompozicij\u0105. Net ir be g\u0117li\u0173 ji puikuosis kaip dekoro akcentas J\u016bs\u0173 namuose. Tai puiki dovanos id\u0117ja m\u0117gstantiems i\u0161skirtinum\u0105.<\/li>\n<li>Detal\u0117s: med\u017eiaga &#8211; fajansas (akyta keramika).<\/li>\n<li>Spalva &#8211; m\u0117lyna \/ ruda.<br \/>\n<table style=\"height: 74px;\" width=\"433\">\n<tbody>\n<tr>\n<td width=\"91\">I\u0161matavimai: Gylis16,5 cm \/ Plotis 22 cm \/ Auk\u0161tis 24 cm.<\/td>\n<\/tr>\n<\/tbody>\n<\/table>\n<p>&nbsp;<\/p>\n<p>.<\/li>\n<\/ul>","protected":false},"excerpt":{"rendered":"<p>Originali keramikin\u0117, glaz\u016bruota vaza tinkanti tiek klasikiniams, tiek moderniems interjerams. Grak\u0161\u010diai stovi rodos vos remdamasi \u012f pavir\u0161i\u0173. Tai ak\u012f traukiantis meno k\u016brinys, kuris nustelbs kiekvien\u0105 savo unikalia i\u0161vaizda. Sujungta i\u0161 5 dali\u0173, tod\u0117l nesunkiai sukursite nuostabi\u0105 g\u0117li\u0173 kompozicij\u0105. Net ir be g\u0117li\u0173 ji puikuosis kaip dekoro akcentas J\u016bs\u0173 namuose. Tai puiki dovanos id\u0117ja m\u0117gstantiems i\u0161skirtinum\u0105. &hellip; <br \/><a href=\"https:\/\/duckdeco.lt\/en\/product\/vaza-kvintetas\/\" class=\"more-link\">Continue reading <span class=\"screen-reader-text\">Vaza \u201eKvintetas\u201c<\/span><\/a><\/p>","protected":false},"featured_media":13632,"template":"","meta":{"_monsterinsights_skip_tracking":false,"_monsterinsights_sitenote_active":false,"_monsterinsights_sitenote_note":"","_monsterinsights_sitenote_category":0},"product_brand":[],"product_cat":[103,95,101],"product_tag":[215,216],"class_list":{"0":"post-13631","1":"product","2":"type-product","3":"status-publish","4":"has-post-thumbnail","6":"product_cat-dovanu-idejos","7":"product_cat-interjerui","8":"product_cat-vazos","9":"product_tag-kvinteto-tipo-vaza","10":"product_tag-vaza-is-fajanso","12":"first","13":"instock","14":"taxable","15":"shipping-taxable","16":"purchasable","17":"product-type-simple"},"_links":{"self":[{"href":"https:\/\/duckdeco.lt\/en\/wp-json\/wp\/v2\/product\/13631","targetHints":{"allow":["GET"]}}],"collection":[{"href":"https:\/\/duckdeco.lt\/en\/wp-json\/wp\/v2\/product"}],"about":[{"href":"https:\/\/duckdeco.lt\/en\/wp-json\/wp\/v2\/types\/product"}],"version-history":[{"count":3,"href":"https:\/\/duckdeco.lt\/en\/wp-json\/wp\/v2\/product\/13631\/revisions"}],"predecessor-version":[{"id":15023,"href":"https:\/\/duckdeco.lt\/en\/wp-json\/wp\/v2\/product\/13631\/revisions\/15023"}],"wp:featuredmedia":[{"embeddable":true,"href":"https:\/\/duckdeco.lt\/en\/wp-json\/wp\/v2\/media\/13632"}],"wp:attachment":[{"href":"https:\/\/duckdeco.lt\/en\/wp-json\/wp\/v2\/media?parent=13631"}],"wp:term":[{"taxonomy":"product_brand","embeddable":true,"href":"https:\/\/duckdeco.lt\/en\/wp-json\/wp\/v2\/product_brand?post=13631"},{"taxonomy":"product_cat","embeddable":true,"href":"https:\/\/duckdeco.lt\/en\/wp-json\/wp\/v2\/product_cat?post=13631"},{"taxonomy":"product_tag","embeddable":true,"href":"https:\/\/duckdeco.lt\/en\/wp-json\/wp\/v2\/product_tag?post=13631"}],"curies":[{"name":"wp","href":"https:\/\/api.w.org\/{rel}","templated":true}]}}