{"id":13635,"date":"2024-06-03T15:57:56","date_gmt":"2024-06-03T12:57:56","guid":{"rendered":"https:\/\/duckdeco.com\/?post_type=product&#038;p=13635"},"modified":"2025-11-17T16:05:50","modified_gmt":"2025-11-17T14:05:50","slug":"zvake-amsterdamas-s","status":"publish","type":"product","link":"https:\/\/duckdeco.lt\/en\/product\/zvake-amsterdamas-s\/","title":{"rendered":"Stulpin\u0117 \u017evak\u0117 \u201eAmsterdamas\u201c S"},"content":{"rendered":"<ul>\n<li><span class=\"HwtZe\" lang=\"lt\"><span class=\"jCAhz JxVs2d ChMk0b\"><span class=\"ryNqvb\"> Stilinga stulpin\u0117 \u017evak\u0117 suteiks \u0161ilt\u0105 ir jauki\u0105 atmosfer\u0105, n<\/span><\/span><\/span><span class=\"HwtZe\" lang=\"lt\"><span class=\"jCAhz JxVs2d ChMk0b\"><span class=\"ryNqvb\">esvarbu, ar d\u0117site kaip centrin\u0119 detal\u0119 ant valgomojo stalo, lentynos ar \u017evakid\u0117je, \u017evak\u0117 \u201eAmsterdamas\u201csu\u017eav\u0117s savo patraukliu dizainu ir \u0161velnia \u0161viesa. Yra dviej\u0173 skirting\u0173 dyd\u017ei\u0173, derinkite juos tarpusavyje.<\/span><\/span><\/span><\/li>\n<li><span class=\"HwtZe\" lang=\"lt\"><span class=\"jCAhz JxVs2d ChMk0b\"><span class=\"ryNqvb\">Auk\u0161tos kokyb\u0117s va\u0161kas, tolygus ir \u0161varus degimas be d\u016bm\u0173 ar varvan\u010dio va\u0161ko. Dega iki 36 val.<\/span><\/span><\/span><\/li>\n<li>Spalva &#8211; tamsiai ruda.<br \/>\n<table width=\"405\">\n<tbody>\n<tr>\n<td width=\"91\">I\u0161matavimai: Skersmuo 7,5 cm \/ Auk\u0161tis 7,5 cm.<\/td>\n<\/tr>\n<\/tbody>\n<\/table>\n<p>&nbsp;<\/p>\n<p>.<\/li>\n<\/ul>","protected":false},"excerpt":{"rendered":"<p>Stilinga stulpin\u0117 \u017evak\u0117 suteiks \u0161ilt\u0105 ir jauki\u0105 atmosfer\u0105, nesvarbu, ar d\u0117site kaip centrin\u0119 detal\u0119 ant valgomojo stalo, lentynos ar \u017evakid\u0117je, \u017evak\u0117 \u201eAmsterdamas\u201csu\u017eav\u0117s savo patraukliu dizainu ir \u0161velnia \u0161viesa. Yra dviej\u0173 skirting\u0173 dyd\u017ei\u0173, derinkite juos tarpusavyje. Auk\u0161tos kokyb\u0117s va\u0161kas, tolygus ir \u0161varus degimas be d\u016bm\u0173 ar varvan\u010dio va\u0161ko. Dega iki 36 val. Spalva &#8211; tamsiai ruda. &hellip; <br \/><a href=\"https:\/\/duckdeco.lt\/en\/product\/zvake-amsterdamas-s\/\" class=\"more-link\">Continue reading <span class=\"screen-reader-text\">Stulpin\u0117 \u017evak\u0117 \u201eAmsterdamas\u201c S<\/span><\/a><\/p>","protected":false},"featured_media":13637,"template":"","meta":{"_monsterinsights_skip_tracking":false,"_monsterinsights_sitenote_active":false,"_monsterinsights_sitenote_note":"","_monsterinsights_sitenote_category":0},"product_brand":[],"product_cat":[106,144],"product_tag":[424,295,213],"class_list":{"0":"post-13635","1":"product","2":"type-product","3":"status-publish","4":"has-post-thumbnail","6":"product_cat-dekoras-sventems","7":"product_cat-zvakes","8":"product_tag-ilgas-degimo-laikas","9":"product_tag-naturalaus-vasko","10":"product_tag-ruda-stulpine-zvake","12":"first","13":"outofstock","14":"taxable","15":"shipping-taxable","16":"purchasable","17":"product-type-simple"},"_links":{"self":[{"href":"https:\/\/duckdeco.lt\/en\/wp-json\/wp\/v2\/product\/13635","targetHints":{"allow":["GET"]}}],"collection":[{"href":"https:\/\/duckdeco.lt\/en\/wp-json\/wp\/v2\/product"}],"about":[{"href":"https:\/\/duckdeco.lt\/en\/wp-json\/wp\/v2\/types\/product"}],"version-history":[{"count":4,"href":"https:\/\/duckdeco.lt\/en\/wp-json\/wp\/v2\/product\/13635\/revisions"}],"predecessor-version":[{"id":15021,"href":"https:\/\/duckdeco.lt\/en\/wp-json\/wp\/v2\/product\/13635\/revisions\/15021"}],"wp:featuredmedia":[{"embeddable":true,"href":"https:\/\/duckdeco.lt\/en\/wp-json\/wp\/v2\/media\/13637"}],"wp:attachment":[{"href":"https:\/\/duckdeco.lt\/en\/wp-json\/wp\/v2\/media?parent=13635"}],"wp:term":[{"taxonomy":"product_brand","embeddable":true,"href":"https:\/\/duckdeco.lt\/en\/wp-json\/wp\/v2\/product_brand?post=13635"},{"taxonomy":"product_cat","embeddable":true,"href":"https:\/\/duckdeco.lt\/en\/wp-json\/wp\/v2\/product_cat?post=13635"},{"taxonomy":"product_tag","embeddable":true,"href":"https:\/\/duckdeco.lt\/en\/wp-json\/wp\/v2\/product_tag?post=13635"}],"curies":[{"name":"wp","href":"https:\/\/api.w.org\/{rel}","templated":true}]}}