{"id":13653,"date":"2024-06-04T09:43:08","date_gmt":"2024-06-04T06:43:08","guid":{"rendered":"https:\/\/duckdeco.com\/?post_type=product&#038;p=13653"},"modified":"2025-01-27T10:46:00","modified_gmt":"2025-01-27T08:46:00","slug":"vaza-marble","status":"publish","type":"product","link":"https:\/\/duckdeco.lt\/en\/product\/vaza-marble\/","title":{"rendered":"Vaza \u201eMarble\u201c"},"content":{"rendered":"<ul>\n<li>Interjero i\u0161baigtumui reikalinga didel\u0117 vaza &#8211; turb\u016bt sutiksite su \u0161iuo teiginiu. Si\u016blome jums \u0161i\u0105 pastelin\u0117s \u0161iltos spalvos marmurinio dekoro vaz\u0105, kuri harmoningai \u012fsilies \u012f J\u016bs\u0173 interjer\u0105.<\/li>\n<li>Vaza pagaminta i\u0161 metalo, nereiks baimintis j\u0105 sudau\u017eyti. \u012emerkite \u012fvairias sausas ar gyv\u0173 g\u0117li\u0173 kompozicijas ir tur\u0117site stulbinant\u012f rezultat\u0105.<\/li>\n<li>Detal\u0117s: med\u017eiaga &#8211; metalas.<\/li>\n<li>Spalva &#8211; kremin\u0117.<br \/>\n<table width=\"405\">\n<tbody>\n<tr>\n<td width=\"91\">I\u0161matavimai: Skersmuo 34,5 cm \/ Auk\u0161tis 42,5 cm.<\/td>\n<\/tr>\n<\/tbody>\n<\/table>\n<p>&nbsp;<\/li>\n<\/ul>","protected":false},"excerpt":{"rendered":"<p>Interjero i\u0161baigtumui reikalinga didel\u0117 vaza &#8211; turb\u016bt sutiksite su \u0161iuo teiginiu. Si\u016blome jums \u0161i\u0105 pastelin\u0117s \u0161iltos spalvos marmurinio dekoro vaz\u0105, kuri harmoningai \u012fsilies \u012f J\u016bs\u0173 interjer\u0105. Vaza pagaminta i\u0161 metalo, nereiks baimintis j\u0105 sudau\u017eyti. \u012emerkite \u012fvairias sausas ar gyv\u0173 g\u0117li\u0173 kompozicijas ir tur\u0117site stulbinant\u012f rezultat\u0105. Detal\u0117s: med\u017eiaga &#8211; metalas. Spalva &#8211; kremin\u0117. I\u0161matavimai: Skersmuo 34,5 &hellip; <br \/><a href=\"https:\/\/duckdeco.lt\/en\/product\/vaza-marble\/\" class=\"more-link\">Continue reading <span class=\"screen-reader-text\">Vaza \u201eMarble\u201c<\/span><\/a><\/p>","protected":false},"featured_media":13658,"template":"","meta":{"_monsterinsights_skip_tracking":false,"_monsterinsights_sitenote_active":false,"_monsterinsights_sitenote_note":"","_monsterinsights_sitenote_category":0},"product_brand":[],"product_cat":[103,95,101],"product_tag":[479],"class_list":{"0":"post-13653","1":"product","2":"type-product","3":"status-publish","4":"has-post-thumbnail","6":"product_cat-dovanu-idejos","7":"product_cat-interjerui","8":"product_cat-vazos","9":"product_tag-metaline-vaza","11":"first","12":"instock","13":"taxable","14":"shipping-taxable","15":"purchasable","16":"product-type-simple"},"_links":{"self":[{"href":"https:\/\/duckdeco.lt\/en\/wp-json\/wp\/v2\/product\/13653","targetHints":{"allow":["GET"]}}],"collection":[{"href":"https:\/\/duckdeco.lt\/en\/wp-json\/wp\/v2\/product"}],"about":[{"href":"https:\/\/duckdeco.lt\/en\/wp-json\/wp\/v2\/types\/product"}],"version-history":[{"count":3,"href":"https:\/\/duckdeco.lt\/en\/wp-json\/wp\/v2\/product\/13653\/revisions"}],"predecessor-version":[{"id":13659,"href":"https:\/\/duckdeco.lt\/en\/wp-json\/wp\/v2\/product\/13653\/revisions\/13659"}],"wp:featuredmedia":[{"embeddable":true,"href":"https:\/\/duckdeco.lt\/en\/wp-json\/wp\/v2\/media\/13658"}],"wp:attachment":[{"href":"https:\/\/duckdeco.lt\/en\/wp-json\/wp\/v2\/media?parent=13653"}],"wp:term":[{"taxonomy":"product_brand","embeddable":true,"href":"https:\/\/duckdeco.lt\/en\/wp-json\/wp\/v2\/product_brand?post=13653"},{"taxonomy":"product_cat","embeddable":true,"href":"https:\/\/duckdeco.lt\/en\/wp-json\/wp\/v2\/product_cat?post=13653"},{"taxonomy":"product_tag","embeddable":true,"href":"https:\/\/duckdeco.lt\/en\/wp-json\/wp\/v2\/product_tag?post=13653"}],"curies":[{"name":"wp","href":"https:\/\/api.w.org\/{rel}","templated":true}]}}