{"id":13663,"date":"2024-06-04T12:22:50","date_gmt":"2024-06-04T09:22:50","guid":{"rendered":"https:\/\/duckdeco.com\/?post_type=product&#038;p=13663"},"modified":"2025-10-29T13:41:33","modified_gmt":"2025-10-29T11:41:33","slug":"dekoratyvinis-laikiklis-astuonkojis","status":"publish","type":"product","link":"https:\/\/duckdeco.lt\/en\/product\/dekoratyvinis-laikiklis-astuonkojis\/","title":{"rendered":"Dekoratyvinis laikiklis &#8211; a\u0161tuonkojis"},"content":{"rendered":"<ul>\n<li class=\"lRu31\" dir=\"ltr\"><span class=\"HwtZe\" lang=\"lt\"><span class=\"jCAhz JxVs2d ChMk0b\"><span class=\"ryNqvb\">\u0160is \u017eaismingai suprojektuotas dekoratyvinis akcentas demonstruoja ketaus a\u0161tuonkojo siluet\u0105. <\/span><\/span> <span class=\"jCAhz JxVs2d ChMk0b\"><span class=\"ryNqvb\">Pad\u0117kite telefon\u0105 arba plan\u0161etin\u012f kompiuter\u012f ant 2 priekini\u0173 a\u0161tuonkojo kojeli\u0173 ir m\u0117gaukit\u0117s vaizdo \u012fra\u0161ais arba vadovaukit\u0117s receptais gamindami. <\/span><\/span><\/span><\/li>\n<li class=\"lRu31\" dir=\"ltr\"><span class=\"HwtZe\" lang=\"lt\"><span class=\"jCAhz JxVs2d ChMk0b\"><span class=\"ryNqvb\">Tai taip pat daili puo\u0161mena J\u016bs\u0173 ra\u0161omajam stalui ar knyg\u0173 lentynai, ir neabejotinai puiki dovana draugams ir artimiesiems.\u00a0 <\/span><\/span> <\/span><\/li>\n<li class=\"lRu31\" dir=\"ltr\"><span class=\"HwtZe\" lang=\"lt\"><span class=\"jCAhz JxVs2d ChMk0b\"><span class=\"ryNqvb\">Atminkite, kad \u0161is laikiklis suderinamas tik su tam tikrais telefon\u0173 ir plan\u0161etini\u0173 kompiuteri\u0173 modeliais (idealiausiai tinka i\u0161maniesiems \u012frenginiams, kuri\u0173 auk\u0161tis + \/- 10 mm.).\u00a0 <\/span><\/span><\/span><\/li>\n<li class=\"lRu31\" dir=\"ltr\"><span class=\"HwtZe\" lang=\"lt\">Detal\u0117s: med\u017eiaga &#8211;<span class=\"jCAhz JxVs2d ChMk0b\"><span class=\"ryNqvb\"> 100% ketus. <\/span><\/span><\/span><\/li>\n<li class=\"lRu31\" dir=\"ltr\"><span class=\"HwtZe\" lang=\"lt\"><span class=\"HwtZe\" lang=\"lt\"><span class=\"jCAhz JxVs2d ChMk0b\"><span class=\"ryNqvb\">Spalva &#8211; oksiduoto vario.<br \/>\n<\/span><\/span><\/span><\/span><\/p>\n<table width=\"405\">\n<tbody>\n<tr>\n<td width=\"91\">I\u0161matavimai: Ilgis 15 cm \/ Plotis 12 cm \/ Auk\u0161tis 11 cm.<\/td>\n<\/tr>\n<\/tbody>\n<\/table>\n<p>&nbsp;<\/p>\n<p><span class=\"HwtZe\" lang=\"lt\"><span class=\"jCAhz JxVs2d ChMk0b\"><span class=\"ryNqvb\">\u00a0<\/span><\/span><\/span><\/p>\n<div><\/div>\n<div id=\"ow2969\"><span class=\"HwtZe\" lang=\"lt\"><span class=\"jCAhz JxVs2d ChMk0b\"><span class=\"ryNqvb\">\u00a0<\/span><\/span><\/span><\/div>\n<\/li>\n<\/ul>","protected":false},"excerpt":{"rendered":"<p>\u0160is \u017eaismingai suprojektuotas dekoratyvinis akcentas demonstruoja ketaus a\u0161tuonkojo siluet\u0105. Pad\u0117kite telefon\u0105 arba plan\u0161etin\u012f kompiuter\u012f ant 2 priekini\u0173 a\u0161tuonkojo kojeli\u0173 ir m\u0117gaukit\u0117s vaizdo \u012fra\u0161ais arba vadovaukit\u0117s receptais gamindami. Tai taip pat daili puo\u0161mena J\u016bs\u0173 ra\u0161omajam stalui ar knyg\u0173 lentynai, ir neabejotinai puiki dovana draugams ir artimiesiems.\u00a0 Atminkite, kad \u0161is laikiklis suderinamas tik su tam tikrais telefon\u0173 &hellip; <br \/><a href=\"https:\/\/duckdeco.lt\/en\/product\/dekoratyvinis-laikiklis-astuonkojis\/\" class=\"more-link\">Continue reading <span class=\"screen-reader-text\">Dekoratyvinis laikiklis &#8211; a\u0161tuonkojis<\/span><\/a><\/p>","protected":false},"featured_media":13676,"template":"","meta":{"_monsterinsights_skip_tracking":false,"_monsterinsights_sitenote_active":false,"_monsterinsights_sitenote_note":"","_monsterinsights_sitenote_category":0},"product_brand":[],"product_cat":[103,95,130],"product_tag":[477,478,210],"class_list":{"0":"post-13663","1":"product","2":"type-product","3":"status-publish","4":"has-post-thumbnail","6":"product_cat-dovanu-idejos","7":"product_cat-interjerui","8":"product_cat-statuleles-deco","9":"product_tag-daugiafunkcinis-laikiklis","10":"product_tag-dekoratyvinis-astuonkojis","11":"product_tag-originali-interjero-detale","13":"first","14":"instock","15":"taxable","16":"shipping-taxable","17":"purchasable","18":"product-type-simple"},"_links":{"self":[{"href":"https:\/\/duckdeco.lt\/en\/wp-json\/wp\/v2\/product\/13663","targetHints":{"allow":["GET"]}}],"collection":[{"href":"https:\/\/duckdeco.lt\/en\/wp-json\/wp\/v2\/product"}],"about":[{"href":"https:\/\/duckdeco.lt\/en\/wp-json\/wp\/v2\/types\/product"}],"version-history":[{"count":2,"href":"https:\/\/duckdeco.lt\/en\/wp-json\/wp\/v2\/product\/13663\/revisions"}],"predecessor-version":[{"id":13668,"href":"https:\/\/duckdeco.lt\/en\/wp-json\/wp\/v2\/product\/13663\/revisions\/13668"}],"wp:featuredmedia":[{"embeddable":true,"href":"https:\/\/duckdeco.lt\/en\/wp-json\/wp\/v2\/media\/13676"}],"wp:attachment":[{"href":"https:\/\/duckdeco.lt\/en\/wp-json\/wp\/v2\/media?parent=13663"}],"wp:term":[{"taxonomy":"product_brand","embeddable":true,"href":"https:\/\/duckdeco.lt\/en\/wp-json\/wp\/v2\/product_brand?post=13663"},{"taxonomy":"product_cat","embeddable":true,"href":"https:\/\/duckdeco.lt\/en\/wp-json\/wp\/v2\/product_cat?post=13663"},{"taxonomy":"product_tag","embeddable":true,"href":"https:\/\/duckdeco.lt\/en\/wp-json\/wp\/v2\/product_tag?post=13663"}],"curies":[{"name":"wp","href":"https:\/\/api.w.org\/{rel}","templated":true}]}}