{"id":13670,"date":"2024-06-04T13:18:39","date_gmt":"2024-06-04T10:18:39","guid":{"rendered":"https:\/\/duckdeco.com\/?post_type=product&#038;p=13670"},"modified":"2025-10-07T09:35:14","modified_gmt":"2025-10-07T06:35:14","slug":"bambuko-kopecios-200-m","status":"publish","type":"product","link":"https:\/\/duckdeco.lt\/en\/product\/bambuko-kopecios-200-m\/","title":{"rendered":"Bambuko kop\u0117\u010dios 2,00 m"},"content":{"rendered":"<ul>\n<li>Ne tik tvirtos, bet ir draugi\u0161kos aplinkai, dekoratyvin\u0117s rank\u0173 darbo kop\u0117\u010dios pagamintos i\u0161 bambuko, Indonezijoje. Tai puikus vonios kambario aksesuaras. Pakabinkite rank\u0161luos\u010dius, naudokite kaip akcent\u0105 prie\u0161kambaryje ar virtuv\u0117je.<\/li>\n<li>Kartais reikia tiesiog vienos detal\u0117s, kad suteiktum\u0117te aplinkai \u0161armo \u2013 u\u017emeskite g\u0117l\u0117ta skar\u0105 pavasari\u0161kai nuotaikai ar ra\u0161tuot\u0105 \u0161alik\u0105 art\u0117jant kal\u0117diniam laikotarpiui.<\/li>\n<li>Keep in mind that wood, a natural product, can change due to humidity fluctuations and temperature differences. The wood can always have small cracks and irregularities, this is a feature of uniqueness.<br \/>\n<table width=\"493\">\n<tbody>\n<tr>\n<td width=\"91\">I\u0161matavimai: Plotis 40 cm \/ Auk\u0161tis 2,00 m \/ lazdel\u0117s skersmuo 5 cm<\/td>\n<\/tr>\n<\/tbody>\n<\/table>\n<\/li>\n<\/ul>","protected":false},"excerpt":{"rendered":"<p>Ne tik tvirtos, bet ir draugi\u0161kos aplinkai, dekoratyvin\u0117s rank\u0173 darbo kop\u0117\u010dios pagamintos i\u0161 bambuko, Indonezijoje. Tai puikus vonios kambario aksesuaras. Pakabinkite rank\u0161luos\u010dius, naudokite kaip akcent\u0105 prie\u0161kambaryje ar virtuv\u0117je. Kartais reikia tiesiog vienos detal\u0117s, kad suteiktum\u0117te aplinkai \u0161armo \u2013 u\u017emeskite g\u0117l\u0117ta skar\u0105 pavasari\u0161kai nuotaikai ar ra\u0161tuot\u0105 \u0161alik\u0105 art\u0117jant kal\u0117diniam laikotarpiui. Atminkite, kad nat\u016bralus produktas mediena gali &hellip; <br \/><a href=\"https:\/\/duckdeco.lt\/en\/product\/bambuko-kopecios-200-m\/\" class=\"more-link\">Continue reading <span class=\"screen-reader-text\">Bambuko kop\u0117\u010dios 2,00 m<\/span><\/a><\/p>","protected":false},"featured_media":13671,"template":"","meta":{"_monsterinsights_skip_tracking":false,"_monsterinsights_sitenote_active":false,"_monsterinsights_sitenote_note":"","_monsterinsights_sitenote_category":0},"product_brand":[],"product_cat":[95],"product_tag":[475,292,476],"class_list":{"0":"post-13670","1":"product","2":"type-product","3":"status-publish","4":"has-post-thumbnail","6":"product_cat-interjerui","7":"product_tag-bambukines-kopeteles","8":"product_tag-ranku-darbo","9":"product_tag-vonios-kambariui","11":"first","12":"instock","13":"taxable","14":"shipping-taxable","15":"purchasable","16":"product-type-simple"},"_links":{"self":[{"href":"https:\/\/duckdeco.lt\/en\/wp-json\/wp\/v2\/product\/13670","targetHints":{"allow":["GET"]}}],"collection":[{"href":"https:\/\/duckdeco.lt\/en\/wp-json\/wp\/v2\/product"}],"about":[{"href":"https:\/\/duckdeco.lt\/en\/wp-json\/wp\/v2\/types\/product"}],"version-history":[{"count":3,"href":"https:\/\/duckdeco.lt\/en\/wp-json\/wp\/v2\/product\/13670\/revisions"}],"predecessor-version":[{"id":15019,"href":"https:\/\/duckdeco.lt\/en\/wp-json\/wp\/v2\/product\/13670\/revisions\/15019"}],"wp:featuredmedia":[{"embeddable":true,"href":"https:\/\/duckdeco.lt\/en\/wp-json\/wp\/v2\/media\/13671"}],"wp:attachment":[{"href":"https:\/\/duckdeco.lt\/en\/wp-json\/wp\/v2\/media?parent=13670"}],"wp:term":[{"taxonomy":"product_brand","embeddable":true,"href":"https:\/\/duckdeco.lt\/en\/wp-json\/wp\/v2\/product_brand?post=13670"},{"taxonomy":"product_cat","embeddable":true,"href":"https:\/\/duckdeco.lt\/en\/wp-json\/wp\/v2\/product_cat?post=13670"},{"taxonomy":"product_tag","embeddable":true,"href":"https:\/\/duckdeco.lt\/en\/wp-json\/wp\/v2\/product_tag?post=13670"}],"curies":[{"name":"wp","href":"https:\/\/api.w.org\/{rel}","templated":true}]}}