{"id":13729,"date":"2024-09-19T10:35:10","date_gmt":"2024-09-19T07:35:10","guid":{"rendered":"https:\/\/duckdeco.lt\/?post_type=product&#038;p=13729"},"modified":"2025-09-19T09:12:31","modified_gmt":"2025-09-19T06:12:31","slug":"remelis-atidarytuvas","status":"publish","type":"product","link":"https:\/\/duckdeco.lt\/en\/product\/remelis-atidarytuvas\/","title":{"rendered":"R\u0117melis &#8211; atidarytuvas"},"content":{"rendered":"<ul>\n<li><span class=\"HwtZe\" lang=\"lt\"><span class=\"jCAhz ChMk0b\"><span class=\"ryNqvb\">Medinis sieninis buteli\u0173 atidarytuvas puiki ir prakti\u0161ka dovanos id\u0117ja tikram alaus m\u0117g\u0117jui.<\/span><\/span> Kabinkite ant virtuv\u0117s sienos arba poilsio zonoje vir\u0161 g\u0117rim\u0173 spintel\u0117s.<\/span><\/li>\n<li><span class=\"HwtZe\" lang=\"lt\"><span class=\"HwtZe\" lang=\"lt\">Detal\u0117s: med\u017eiaga &#8211; mediena, metalas.\u00a0<\/span><\/span><br \/>\n<table style=\"height: 68px;\" width=\"547\">\n<tbody>\n<tr>\n<td width=\"91\">I\u0161matavimai: Ilgis 35 cm \/ Plotis 25 cm \/ medienos storis apie 1,2 cm.<\/td>\n<\/tr>\n<\/tbody>\n<\/table>\n<p>&nbsp;<\/li>\n<\/ul>","protected":false},"excerpt":{"rendered":"<p>Medinis sieninis buteli\u0173 atidarytuvas puiki ir prakti\u0161ka dovanos id\u0117ja tikram alaus m\u0117g\u0117jui. Kabinkite ant virtuv\u0117s sienos arba poilsio zonoje vir\u0161 g\u0117rim\u0173 spintel\u0117s. Detal\u0117s: med\u017eiaga &#8211; mediena, metalas.\u00a0 I\u0161matavimai: Ilgis 35 cm \/ Plotis 25 cm \/ medienos storis apie 1,2 cm. &nbsp;<\/p>","protected":false},"featured_media":13734,"template":"","meta":{"_monsterinsights_skip_tracking":false,"_monsterinsights_sitenote_active":false,"_monsterinsights_sitenote_note":"","_monsterinsights_sitenote_category":0},"product_brand":[],"product_cat":[103,95],"product_tag":[198,197],"class_list":{"0":"post-13729","1":"product","2":"type-product","3":"status-publish","4":"has-post-thumbnail","6":"product_cat-dovanu-idejos","7":"product_cat-interjerui","8":"product_tag-praktiska-dovana","9":"product_tag-remelis-su-atidarytuvu","11":"first","12":"outofstock","13":"taxable","14":"shipping-taxable","15":"purchasable","16":"product-type-simple"},"_links":{"self":[{"href":"https:\/\/duckdeco.lt\/en\/wp-json\/wp\/v2\/product\/13729","targetHints":{"allow":["GET"]}}],"collection":[{"href":"https:\/\/duckdeco.lt\/en\/wp-json\/wp\/v2\/product"}],"about":[{"href":"https:\/\/duckdeco.lt\/en\/wp-json\/wp\/v2\/types\/product"}],"version-history":[{"count":3,"href":"https:\/\/duckdeco.lt\/en\/wp-json\/wp\/v2\/product\/13729\/revisions"}],"predecessor-version":[{"id":13733,"href":"https:\/\/duckdeco.lt\/en\/wp-json\/wp\/v2\/product\/13729\/revisions\/13733"}],"wp:featuredmedia":[{"embeddable":true,"href":"https:\/\/duckdeco.lt\/en\/wp-json\/wp\/v2\/media\/13734"}],"wp:attachment":[{"href":"https:\/\/duckdeco.lt\/en\/wp-json\/wp\/v2\/media?parent=13729"}],"wp:term":[{"taxonomy":"product_brand","embeddable":true,"href":"https:\/\/duckdeco.lt\/en\/wp-json\/wp\/v2\/product_brand?post=13729"},{"taxonomy":"product_cat","embeddable":true,"href":"https:\/\/duckdeco.lt\/en\/wp-json\/wp\/v2\/product_cat?post=13729"},{"taxonomy":"product_tag","embeddable":true,"href":"https:\/\/duckdeco.lt\/en\/wp-json\/wp\/v2\/product_tag?post=13729"}],"curies":[{"name":"wp","href":"https:\/\/api.w.org\/{rel}","templated":true}]}}