{"id":13743,"date":"2024-09-19T14:58:51","date_gmt":"2024-09-19T11:58:51","guid":{"rendered":"https:\/\/duckdeco.lt\/?post_type=product&#038;p=13743"},"modified":"2025-01-27T10:27:02","modified_gmt":"2025-01-27T08:27:02","slug":"vaza-spatters-bottle","status":"publish","type":"product","link":"https:\/\/duckdeco.lt\/en\/product\/vaza-spatters-bottle\/","title":{"rendered":"Vaza \u201e Spatters Bottle\u201c"},"content":{"rendered":"<ul>\n<li><span class=\"HwtZe\" lang=\"lt\"><span class=\"jCAhz ChMk0b\"><span class=\"ryNqvb\">Present Time kolekcijos vaza yra unikalus k\u016brinys, kuris vienu ypu u\u017epildo bet koki\u0105 tu\u0161\u010di\u0105 erdv\u0119.<\/span><\/span><\/span><\/li>\n<li><span class=\"HwtZe\" lang=\"lt\"><span class=\"jCAhz ChMk0b\"><span class=\"ryNqvb\">Tvirtas ra\u0161tas suteikia dinami\u0161kumo ir paslaptingumo, tod\u0117l \u0161i vaza pati savaime traukia ak\u012f. Nesvarbu ar renkat\u0117s vienspalv\u0119 dekoratyvin\u0119 \u0161akel\u0119,\u00a0 ar tiesiog paliekate j\u0105 be nieko tai visais atvejais stilingas ir funkcionalus b\u016bdas papuo\u0161ti interjer\u0105. <\/span><\/span><\/span><\/li>\n<li><span class=\"HwtZe\" lang=\"lt\"><span class=\"jCAhz ChMk0b\"><span class=\"ryNqvb\">Detal\u0117s: med\u017eiaga &#8211; stiklas. <\/span><\/span><\/span><\/li>\n<li>Neatspari vandeniui.<\/li>\n<li><span class=\"HwtZe\" lang=\"lt\"><span class=\"jCAhz ChMk0b\"><span class=\"ryNqvb\">Spalva &#8211; geltona.<br \/>\n<\/span><\/span><\/span><\/li>\n<\/ul>\n<div class=\"lRu31\" dir=\"ltr\">\n<div class=\"OvtS8d\">\n<table width=\"405\">\n<tbody>\n<tr>\n<td width=\"91\">I\u0161matavimai: Auk\u0161tis 32 cm \/ Skersmuo 26 cm.<\/td>\n<\/tr>\n<\/tbody>\n<\/table>\n<p>&nbsp;<\/p>\n<\/div>\n<div id=\"ow19\"><\/div>\n<\/div>\n<div class=\"UdTY9 WdefRb\" aria-hidden=\"true\" data-location=\"2\">\n<div class=\"kO6q6e\"><\/div>\n<\/div>\n<p><span class=\"HwtZe\" lang=\"lt\"><span class=\"jCAhz ChMk0b\"><span class=\"ryNqvb\">\u00a0<\/span><\/span><\/span><\/p>","protected":false},"excerpt":{"rendered":"<p>Present Time kolekcijos vaza yra unikalus k\u016brinys, kuris vienu ypu u\u017epildo bet koki\u0105 tu\u0161\u010di\u0105 erdv\u0119. Tvirtas ra\u0161tas suteikia dinami\u0161kumo ir paslaptingumo, tod\u0117l \u0161i vaza pati savaime traukia ak\u012f. Nesvarbu ar renkat\u0117s vienspalv\u0119 dekoratyvin\u0119 \u0161akel\u0119,\u00a0 ar tiesiog paliekate j\u0105 be nieko tai visais atvejais stilingas ir funkcionalus b\u016bdas papuo\u0161ti interjer\u0105. Detal\u0117s: med\u017eiaga &#8211; stiklas. Neatspari vandeniui. &hellip; <br \/><a href=\"https:\/\/duckdeco.lt\/en\/product\/vaza-spatters-bottle\/\" class=\"more-link\">Continue reading <span class=\"screen-reader-text\">Vaza \u201e Spatters Bottle\u201c<\/span><\/a><\/p>","protected":false},"featured_media":13744,"template":"","meta":{"_monsterinsights_skip_tracking":false,"_monsterinsights_sitenote_active":false,"_monsterinsights_sitenote_note":"","_monsterinsights_sitenote_category":0},"product_brand":[],"product_cat":[103,101],"product_tag":[212,473,472],"class_list":{"0":"post-13743","1":"product","2":"type-product","3":"status-publish","4":"has-post-thumbnail","6":"product_cat-dovanu-idejos","7":"product_cat-vazos","8":"product_tag-modernus-dizainas","9":"product_tag-neatspari-vandeniui","10":"product_tag-stikline-vaza","12":"first","13":"instock","14":"taxable","15":"shipping-taxable","16":"purchasable","17":"product-type-simple"},"_links":{"self":[{"href":"https:\/\/duckdeco.lt\/en\/wp-json\/wp\/v2\/product\/13743","targetHints":{"allow":["GET"]}}],"collection":[{"href":"https:\/\/duckdeco.lt\/en\/wp-json\/wp\/v2\/product"}],"about":[{"href":"https:\/\/duckdeco.lt\/en\/wp-json\/wp\/v2\/types\/product"}],"version-history":[{"count":3,"href":"https:\/\/duckdeco.lt\/en\/wp-json\/wp\/v2\/product\/13743\/revisions"}],"predecessor-version":[{"id":15012,"href":"https:\/\/duckdeco.lt\/en\/wp-json\/wp\/v2\/product\/13743\/revisions\/15012"}],"wp:featuredmedia":[{"embeddable":true,"href":"https:\/\/duckdeco.lt\/en\/wp-json\/wp\/v2\/media\/13744"}],"wp:attachment":[{"href":"https:\/\/duckdeco.lt\/en\/wp-json\/wp\/v2\/media?parent=13743"}],"wp:term":[{"taxonomy":"product_brand","embeddable":true,"href":"https:\/\/duckdeco.lt\/en\/wp-json\/wp\/v2\/product_brand?post=13743"},{"taxonomy":"product_cat","embeddable":true,"href":"https:\/\/duckdeco.lt\/en\/wp-json\/wp\/v2\/product_cat?post=13743"},{"taxonomy":"product_tag","embeddable":true,"href":"https:\/\/duckdeco.lt\/en\/wp-json\/wp\/v2\/product_tag?post=13743"}],"curies":[{"name":"wp","href":"https:\/\/api.w.org\/{rel}","templated":true}]}}