{"id":13752,"date":"2024-09-20T10:35:22","date_gmt":"2024-09-20T07:35:22","guid":{"rendered":"https:\/\/duckdeco.lt\/?post_type=product&#038;p=13752"},"modified":"2025-01-27T10:23:17","modified_gmt":"2025-01-27T08:23:17","slug":"vaza-tayka-16-5-cm","status":"publish","type":"product","link":"https:\/\/duckdeco.lt\/en\/product\/vaza-tayka-16-5-cm\/","title":{"rendered":"Vaza \u201eTayka\u201c 16.5 cm"},"content":{"rendered":"<ul>\n<li>Vaza \u201eTayka\u201c i\u0161 Light &amp; Living prek\u0117s \u017eenklo kolekcijos, \u012fmantrus dizainas, pastelin\u0117s spalvos, der\u0117s skirtingo tipo interjeruose.<\/li>\n<li>Tai ne tik savo funkcij\u0105 atliekanti vaza, pamerkite \u012f j\u0105 g\u0117li\u0173, arba tiesiog pastatykite matomiausioje vietoje, \u012fne\u0161kite gaivos savo namams.<\/li>\n<li>Detal\u0117s: med\u017eiaga \u2013 keramika.<\/li>\n<li>Spalva \u2013 geltona.<br \/>\n<table width=\"405\">\n<tbody>\n<tr>\n<td width=\"91\">I\u0161matavimai: Auk\u0161tis 16.5 cm \/ Skersmuo 12.5 cm.<\/td>\n<\/tr>\n<\/tbody>\n<\/table>\n<p>&nbsp;<\/li>\n<\/ul>","protected":false},"excerpt":{"rendered":"<p>Vaza \u201eTayka\u201c i\u0161 Light &amp; Living prek\u0117s \u017eenklo kolekcijos, \u012fmantrus dizainas, pastelin\u0117s spalvos, der\u0117s skirtingo tipo interjeruose. Tai ne tik savo funkcij\u0105 atliekanti vaza, pamerkite \u012f j\u0105 g\u0117li\u0173, arba tiesiog pastatykite matomiausioje vietoje, \u012fne\u0161kite gaivos savo namams. Detal\u0117s: med\u017eiaga \u2013 keramika. Spalva \u2013 geltona. I\u0161matavimai: Auk\u0161tis 16.5 cm \/ Skersmuo 12.5 cm. &nbsp;<\/p>","protected":false},"featured_media":13753,"template":"","meta":{"_monsterinsights_skip_tracking":false,"_monsterinsights_sitenote_active":false,"_monsterinsights_sitenote_note":"","_monsterinsights_sitenote_category":0},"product_brand":[],"product_cat":[103,101],"product_tag":[272,471],"class_list":{"0":"post-13752","1":"product","2":"type-product","3":"status-publish","4":"has-post-thumbnail","6":"product_cat-dovanu-idejos","7":"product_cat-vazos","8":"product_tag-geltona-keramikine-vaza","9":"product_tag-ryski-spalva-interjerui","11":"first","12":"instock","13":"taxable","14":"shipping-taxable","15":"purchasable","16":"product-type-simple"},"_links":{"self":[{"href":"https:\/\/duckdeco.lt\/en\/wp-json\/wp\/v2\/product\/13752","targetHints":{"allow":["GET"]}}],"collection":[{"href":"https:\/\/duckdeco.lt\/en\/wp-json\/wp\/v2\/product"}],"about":[{"href":"https:\/\/duckdeco.lt\/en\/wp-json\/wp\/v2\/types\/product"}],"version-history":[{"count":3,"href":"https:\/\/duckdeco.lt\/en\/wp-json\/wp\/v2\/product\/13752\/revisions"}],"predecessor-version":[{"id":15008,"href":"https:\/\/duckdeco.lt\/en\/wp-json\/wp\/v2\/product\/13752\/revisions\/15008"}],"wp:featuredmedia":[{"embeddable":true,"href":"https:\/\/duckdeco.lt\/en\/wp-json\/wp\/v2\/media\/13753"}],"wp:attachment":[{"href":"https:\/\/duckdeco.lt\/en\/wp-json\/wp\/v2\/media?parent=13752"}],"wp:term":[{"taxonomy":"product_brand","embeddable":true,"href":"https:\/\/duckdeco.lt\/en\/wp-json\/wp\/v2\/product_brand?post=13752"},{"taxonomy":"product_cat","embeddable":true,"href":"https:\/\/duckdeco.lt\/en\/wp-json\/wp\/v2\/product_cat?post=13752"},{"taxonomy":"product_tag","embeddable":true,"href":"https:\/\/duckdeco.lt\/en\/wp-json\/wp\/v2\/product_tag?post=13752"}],"curies":[{"name":"wp","href":"https:\/\/api.w.org\/{rel}","templated":true}]}}