{"id":13852,"date":"2024-10-15T11:29:37","date_gmt":"2024-10-15T08:29:37","guid":{"rendered":"https:\/\/duckdeco.lt\/?post_type=product&#038;p=13852"},"modified":"2024-12-10T12:12:21","modified_gmt":"2024-12-10T10:12:21","slug":"pakabinama-dekoracija-zvaigzde","status":"publish","type":"product","link":"https:\/\/duckdeco.lt\/en\/product\/pakabinama-dekoracija-zvaigzde\/","title":{"rendered":"I\u0161lankstoma \u017evaig\u017ed\u0117"},"content":{"rendered":"<ul>\n<li><span class=\"HwtZe\" lang=\"lt\"><span class=\"jCAhz ChMk0b\"><span class=\"ryNqvb\">Popierin\u0117 dekoracija pagaminta i\u0161 tvirto, patvaraus popieriaus, daugkartinio naudojimo, galima sulankstyti saugojimui ir naudoti kelis kartus. <\/span><\/span> <span class=\"jCAhz ChMk0b\"><span class=\"ryNqvb\">Lengva naudoti: pristatomos sulankstytos, galite surinkti kartu su \u0161eima, labai paprasta.<\/span><\/span><\/span><\/li>\n<li><span class=\"HwtZe\" lang=\"lt\"><span class=\"jCAhz ChMk0b\"><span class=\"ryNqvb\">Pakabinkite dideles popierines \u017evaig\u017edutes vir\u0161 stalo, kad sukurtum\u0117te stebukling\u0105 efekt\u0105!<\/span><\/span>\u00a0<\/span><\/li>\n<li><span class=\"HwtZe\" lang=\"lt\"><span class=\"jCAhz ChMk0b\"><span class=\"ryNqvb\">Ar esate u\u017e tvarum\u0105? Tuomet j\u016bs\u0173 kolekcijoje tikrai netur\u0117t\u0173 tr\u016bkti \u0161ios gra\u017eios dekoracijos.<\/span><\/span> <\/span><\/li>\n<li><span class=\"HwtZe\" lang=\"lt\"><span class=\"jCAhz ChMk0b\"><span class=\"ryNqvb\">Pritvirtintas virvele, kad b\u016bt\u0173 lengva pakabinti, galite kabinti juos nuo lub\u0173 arba priklijuoti prie sienos.<\/span><\/span><\/span><\/li>\n<li><span class=\"HwtZe\" lang=\"lt\">Universalus naudojimas tiks ne vien kaip Kal\u0117din\u0117 dekoracija, p<\/span><span class=\"HwtZe\" lang=\"lt\"><span class=\"jCAhz ChMk0b\"><span class=\"ryNqvb\">akabinkite dideles popierines \u017evaig\u017edutes vir\u0161 stalo, kad sukurtum\u0117te stebukling\u0105 efekt\u0105, <\/span><\/span><\/span><span class=\"HwtZe\" lang=\"lt\">papuo\u0161kite savo \u0161vent\u0117s viet\u0105, pasiruo\u0161kite darbo vakar\u0117liui ar kt,. <\/span><\/li>\n<li><span class=\"HwtZe\" lang=\"lt\">Detal\u0117s: med\u017eiaga \u2013 kartonas. <\/span><\/li>\n<li><span class=\"HwtZe\" lang=\"lt\">Spalva \u2013 \u017ealia.\u00a0\u00a0<\/span><br \/>\n<table width=\"405\">\n<tbody>\n<tr>\n<td width=\"91\">I\u0161matavimai: Skersmuo 60 cm \/ Auk\u0161tis 5 cm<\/td>\n<\/tr>\n<\/tbody>\n<\/table>\n<\/li>\n<\/ul>","protected":false},"excerpt":{"rendered":"<p>Popierin\u0117 dekoracija pagaminta i\u0161 tvirto, patvaraus popieriaus, daugkartinio naudojimo, galima sulankstyti saugojimui ir naudoti kelis kartus. Lengva naudoti: pristatomos sulankstytos, galite surinkti kartu su \u0161eima, labai paprasta. Pakabinkite dideles popierines \u017evaig\u017edutes vir\u0161 stalo, kad sukurtum\u0117te stebukling\u0105 efekt\u0105!\u00a0 Ar esate u\u017e tvarum\u0105? Tuomet j\u016bs\u0173 kolekcijoje tikrai netur\u0117t\u0173 tr\u016bkti \u0161ios gra\u017eios dekoracijos. Pritvirtintas virvele, kad b\u016bt\u0173 lengva &hellip; <br \/><a href=\"https:\/\/duckdeco.lt\/en\/product\/pakabinama-dekoracija-zvaigzde\/\" class=\"more-link\">Continue reading <span class=\"screen-reader-text\">I\u0161lankstoma \u017evaig\u017ed\u0117<\/span><\/a><\/p>","protected":false},"featured_media":13854,"template":"","meta":{"_monsterinsights_skip_tracking":false,"_monsterinsights_sitenote_active":false,"_monsterinsights_sitenote_note":"","_monsterinsights_sitenote_category":0},"product_brand":[],"product_cat":[106],"product_tag":[440,149,438],"class_list":{"0":"post-13852","1":"product","2":"type-product","3":"status-publish","4":"has-post-thumbnail","6":"product_cat-dekoras-sventems","7":"product_tag-islankstoma-zvaigzde","8":"product_tag-sventine-dekoracija","9":"product_tag-tvarus-papuosimai","11":"first","12":"instock","13":"taxable","14":"shipping-taxable","15":"purchasable","16":"product-type-simple"},"_links":{"self":[{"href":"https:\/\/duckdeco.lt\/en\/wp-json\/wp\/v2\/product\/13852","targetHints":{"allow":["GET"]}}],"collection":[{"href":"https:\/\/duckdeco.lt\/en\/wp-json\/wp\/v2\/product"}],"about":[{"href":"https:\/\/duckdeco.lt\/en\/wp-json\/wp\/v2\/types\/product"}],"version-history":[{"count":4,"href":"https:\/\/duckdeco.lt\/en\/wp-json\/wp\/v2\/product\/13852\/revisions"}],"predecessor-version":[{"id":14939,"href":"https:\/\/duckdeco.lt\/en\/wp-json\/wp\/v2\/product\/13852\/revisions\/14939"}],"wp:featuredmedia":[{"embeddable":true,"href":"https:\/\/duckdeco.lt\/en\/wp-json\/wp\/v2\/media\/13854"}],"wp:attachment":[{"href":"https:\/\/duckdeco.lt\/en\/wp-json\/wp\/v2\/media?parent=13852"}],"wp:term":[{"taxonomy":"product_brand","embeddable":true,"href":"https:\/\/duckdeco.lt\/en\/wp-json\/wp\/v2\/product_brand?post=13852"},{"taxonomy":"product_cat","embeddable":true,"href":"https:\/\/duckdeco.lt\/en\/wp-json\/wp\/v2\/product_cat?post=13852"},{"taxonomy":"product_tag","embeddable":true,"href":"https:\/\/duckdeco.lt\/en\/wp-json\/wp\/v2\/product_tag?post=13852"}],"curies":[{"name":"wp","href":"https:\/\/api.w.org\/{rel}","templated":true}]}}