{"id":14785,"date":"2024-12-03T14:36:28","date_gmt":"2024-12-03T12:36:28","guid":{"rendered":"https:\/\/duckdeco.lt\/?post_type=product&#038;p=14785"},"modified":"2024-12-10T10:46:55","modified_gmt":"2024-12-10T08:46:55","slug":"dziuto-kilimelis-40-cm","status":"publish","type":"product","link":"https:\/\/duckdeco.lt\/en\/product\/dziuto-kilimelis-40-cm\/","title":{"rendered":"D\u017eiuto kilim\u0117lis 40 cm"},"content":{"rendered":"<ul>\n<li>Rank\u0173 darbo kilim\u0117lis, kuris puikiai papildys J\u016bs\u0173 interjer\u0105 kaip dekoro elementas. Naudokite juos ne tik ant valgomojo stalo, jie der\u0117s po g\u0117li\u0173 vazonu ar dekoracijomis, tiek svetain\u0117je, tiek vonios kambaryje. Nat\u016bral\u016bs \u0161io kilim\u0117lio pynimo ir tekst\u016bros svyravimai papildo jo gro\u017e\u012f ir autenti\u0161kum\u0105.<\/li>\n<li>Detal\u0117s: med\u017eiaga &#8211; d\u017eiutas \/ j\u016br\u017eol\u0117.<\/li>\n<li>Spalva &#8211; nat\u016brali ruda.<br \/>\n<table width=\"405\">\n<tbody>\n<tr>\n<td width=\"91\">I\u0161matavimai: Skersmuo 40 cm<\/td>\n<\/tr>\n<\/tbody>\n<\/table>\n<\/li>\n<\/ul>","protected":false},"excerpt":{"rendered":"<p>Rank\u0173 darbo kilim\u0117lis, kuris puikiai papildys J\u016bs\u0173 interjer\u0105 kaip dekoro elementas. Naudokite juos ne tik ant valgomojo stalo, jie der\u0117s po g\u0117li\u0173 vazonu ar dekoracijomis, tiek svetain\u0117je, tiek vonios kambaryje. Nat\u016bral\u016bs \u0161io kilim\u0117lio pynimo ir tekst\u016bros svyravimai papildo jo gro\u017e\u012f ir autenti\u0161kum\u0105. Detal\u0117s: med\u017eiaga &#8211; d\u017eiutas \/ j\u016br\u017eol\u0117. Spalva &#8211; nat\u016brali ruda. I\u0161matavimai: Skersmuo 40 &hellip; <br \/><a href=\"https:\/\/duckdeco.lt\/en\/product\/dziuto-kilimelis-40-cm\/\" class=\"more-link\">Continue reading <span class=\"screen-reader-text\">D\u017eiuto kilim\u0117lis 40 cm<\/span><\/a><\/p>","protected":false},"featured_media":14786,"template":"","meta":{"_monsterinsights_skip_tracking":false,"_monsterinsights_sitenote_active":false,"_monsterinsights_sitenote_note":"","_monsterinsights_sitenote_category":0},"product_brand":[],"product_cat":[95],"product_tag":[422,423,292,128,127],"class_list":{"0":"post-14785","1":"product","2":"type-product","3":"status-publish","4":"has-post-thumbnail","6":"product_cat-interjerui","7":"product_tag-dziuto-kilimelis","8":"product_tag-naturali-tekstura","9":"product_tag-ranku-darbo","10":"product_tag-svetainei","11":"product_tag-valgomajam","13":"first","14":"instock","15":"taxable","16":"shipping-taxable","17":"purchasable","18":"product-type-simple"},"_links":{"self":[{"href":"https:\/\/duckdeco.lt\/en\/wp-json\/wp\/v2\/product\/14785","targetHints":{"allow":["GET"]}}],"collection":[{"href":"https:\/\/duckdeco.lt\/en\/wp-json\/wp\/v2\/product"}],"about":[{"href":"https:\/\/duckdeco.lt\/en\/wp-json\/wp\/v2\/types\/product"}],"version-history":[{"count":1,"href":"https:\/\/duckdeco.lt\/en\/wp-json\/wp\/v2\/product\/14785\/revisions"}],"predecessor-version":[{"id":14787,"href":"https:\/\/duckdeco.lt\/en\/wp-json\/wp\/v2\/product\/14785\/revisions\/14787"}],"wp:featuredmedia":[{"embeddable":true,"href":"https:\/\/duckdeco.lt\/en\/wp-json\/wp\/v2\/media\/14786"}],"wp:attachment":[{"href":"https:\/\/duckdeco.lt\/en\/wp-json\/wp\/v2\/media?parent=14785"}],"wp:term":[{"taxonomy":"product_brand","embeddable":true,"href":"https:\/\/duckdeco.lt\/en\/wp-json\/wp\/v2\/product_brand?post=14785"},{"taxonomy":"product_cat","embeddable":true,"href":"https:\/\/duckdeco.lt\/en\/wp-json\/wp\/v2\/product_cat?post=14785"},{"taxonomy":"product_tag","embeddable":true,"href":"https:\/\/duckdeco.lt\/en\/wp-json\/wp\/v2\/product_tag?post=14785"}],"curies":[{"name":"wp","href":"https:\/\/api.w.org\/{rel}","templated":true}]}}