{"id":14788,"date":"2024-12-03T15:10:30","date_gmt":"2024-12-03T13:10:30","guid":{"rendered":"https:\/\/duckdeco.lt\/?post_type=product&#038;p=14788"},"modified":"2025-01-20T08:28:04","modified_gmt":"2025-01-20T06:28:04","slug":"jurzoles-kilimelis-38-cm","status":"publish","type":"product","link":"https:\/\/duckdeco.lt\/en\/product\/jurzoles-kilimelis-38-cm\/","title":{"rendered":"J\u016br\u017eol\u0117s kilim\u0117lis 38 cm"},"content":{"rendered":"<ul>\n<li><span class=\"HwtZe\" lang=\"lt\"><span class=\"jCAhz ChMk0b\"><span class=\"ryNqvb\">Nat\u016bralus ir originalus rank\u0173 darbo kilim\u0117lis, prakti\u0161kas ir dekoratyvus akcentas J\u016bs\u0173 namuose. Naudokite ant valgomojo stalo, kaip dekoracij\u0105 svetain\u0117je, ar vonios kambaryje, \u0161is prakti\u0161kas kilim\u0117lis \u012fne\u0161 nat\u016brali\u0173 spalv\u0173. <\/span><\/span><\/span><\/li>\n<li><span class=\"HwtZe\" lang=\"lt\"><span class=\"jCAhz ChMk0b\"><span class=\"ryNqvb\">Detal\u0117s: med\u017eiaga &#8211; j\u016br\u017eol\u0117. <\/span><\/span><\/span><\/li>\n<li><span class=\"HwtZe\" lang=\"lt\"><span class=\"HwtZe\" lang=\"lt\"><span class=\"jCAhz ChMk0b\"><span class=\"ryNqvb\">Spalva &#8211; nat\u016brali ruda.<br \/>\n<\/span><\/span><\/span><\/span><\/p>\n<table width=\"405\">\n<tbody>\n<tr>\n<td width=\"91\">I\u0161matavimai: Skersmuo 38 cm<\/td>\n<\/tr>\n<\/tbody>\n<\/table>\n<p><span class=\"HwtZe\" lang=\"lt\"><span class=\"jCAhz ChMk0b\"><span class=\"ryNqvb\"><br \/>\n<\/span><\/span><\/span><span class=\"HwtZe\" lang=\"lt\"><span class=\"jCAhz ChMk0b\"><span class=\"ryNqvb\">.<\/span><\/span><\/span><\/li>\n<\/ul>","protected":false},"excerpt":{"rendered":"<p>Nat\u016bralus ir originalus rank\u0173 darbo kilim\u0117lis, prakti\u0161kas ir dekoratyvus akcentas J\u016bs\u0173 namuose. Naudokite ant valgomojo stalo, kaip dekoracij\u0105 svetain\u0117je, ar vonios kambaryje, \u0161is prakti\u0161kas kilim\u0117lis \u012fne\u0161 nat\u016brali\u0173 spalv\u0173. Detal\u0117s: med\u017eiaga &#8211; j\u016br\u017eol\u0117. Spalva &#8211; nat\u016brali ruda. I\u0161matavimai: Skersmuo 38 cm .<\/p>","protected":false},"featured_media":14792,"template":"","meta":{"_monsterinsights_skip_tracking":false,"_monsterinsights_sitenote_active":false,"_monsterinsights_sitenote_note":"","_monsterinsights_sitenote_category":0},"product_brand":[],"product_cat":[95],"product_tag":[420,292,128,421,127],"class_list":{"0":"post-14788","1":"product","2":"type-product","3":"status-publish","4":"has-post-thumbnail","6":"product_cat-interjerui","7":"product_tag-jurzoles-kilimelis","8":"product_tag-ranku-darbo","9":"product_tag-svetainei","10":"product_tag-tvarios-medziagos","11":"product_tag-valgomajam","13":"first","14":"instock","15":"taxable","16":"shipping-taxable","17":"purchasable","18":"product-type-simple"},"_links":{"self":[{"href":"https:\/\/duckdeco.lt\/en\/wp-json\/wp\/v2\/product\/14788","targetHints":{"allow":["GET"]}}],"collection":[{"href":"https:\/\/duckdeco.lt\/en\/wp-json\/wp\/v2\/product"}],"about":[{"href":"https:\/\/duckdeco.lt\/en\/wp-json\/wp\/v2\/types\/product"}],"version-history":[{"count":1,"href":"https:\/\/duckdeco.lt\/en\/wp-json\/wp\/v2\/product\/14788\/revisions"}],"predecessor-version":[{"id":14791,"href":"https:\/\/duckdeco.lt\/en\/wp-json\/wp\/v2\/product\/14788\/revisions\/14791"}],"wp:featuredmedia":[{"embeddable":true,"href":"https:\/\/duckdeco.lt\/en\/wp-json\/wp\/v2\/media\/14792"}],"wp:attachment":[{"href":"https:\/\/duckdeco.lt\/en\/wp-json\/wp\/v2\/media?parent=14788"}],"wp:term":[{"taxonomy":"product_brand","embeddable":true,"href":"https:\/\/duckdeco.lt\/en\/wp-json\/wp\/v2\/product_brand?post=14788"},{"taxonomy":"product_cat","embeddable":true,"href":"https:\/\/duckdeco.lt\/en\/wp-json\/wp\/v2\/product_cat?post=14788"},{"taxonomy":"product_tag","embeddable":true,"href":"https:\/\/duckdeco.lt\/en\/wp-json\/wp\/v2\/product_tag?post=14788"}],"curies":[{"name":"wp","href":"https:\/\/api.w.org\/{rel}","templated":true}]}}