{"id":14793,"date":"2024-12-03T16:05:19","date_gmt":"2024-12-03T14:05:19","guid":{"rendered":"https:\/\/duckdeco.lt\/?post_type=product&#038;p=14793"},"modified":"2026-02-27T11:16:48","modified_gmt":"2026-02-27T09:16:48","slug":"mini-zvakiu-rinkinys","status":"publish","type":"product","link":"https:\/\/duckdeco.lt\/en\/product\/mini-zvakiu-rinkinys\/","title":{"rendered":"Mini \u017evaki\u0173 rinkinys"},"content":{"rendered":"<ul>\n<li><span class=\"HwtZe\" lang=\"lt\"><span class=\"jCAhz ChMk0b\"><span class=\"ryNqvb\">Rustik Lys pie\u0161tukini\u0173 \u017evaki\u0173 rinkinys, plonos skurtos itin siauroms \u017evakid\u0117ms. Tai n\u0117ra standartin\u0117s vakarien\u0117s \u017evak\u0117s, j\u0173 degimo laikas iki 3 val., bet neabejotinai jos suteiks jaukumo ir \u0161ilumos.\u00a0 <\/span><\/span><\/span><\/li>\n<li><span class=\"HwtZe\" lang=\"lt\"><span class=\"jCAhz ChMk0b\"><span class=\"ryNqvb\">Detal\u0117s: med\u017eiaga &#8211; parafinas. <\/span><\/span><\/span><\/li>\n<li><span class=\"HwtZe\" lang=\"lt\"><span class=\"jCAhz ChMk0b\"><span class=\"ryNqvb\">Spalva &#8211; pelen\u0173 ro\u017e\u0117.\u00a0 <\/span><\/span><\/span><\/li>\n<li><span class=\"HwtZe\" lang=\"lt\"><span class=\"jCAhz ChMk0b\"><span class=\"ryNqvb\">Rinkin\u012f sudaro 20 vnt.\u00a0<\/span><\/span> <\/span><span class=\"HwtZe\" lang=\"lt\"><span class=\"HwtZe\" lang=\"lt\"><span class=\"jCAhz ChMk0b\"><span class=\"ryNqvb\"><br \/>\n<\/span><\/span><\/span><\/span><\/p>\n<table width=\"405\">\n<tbody>\n<tr>\n<td width=\"91\">I\u0161matavimai: Skersmuo 1,2 cm \/ Auk\u0161tis 17,5 cm<\/td>\n<\/tr>\n<\/tbody>\n<\/table>\n<\/li>\n<\/ul>","protected":false},"excerpt":{"rendered":"<p>Rustik Lys pie\u0161tukini\u0173 \u017evaki\u0173 rinkinys, plonos skurtos itin siauroms \u017evakid\u0117ms. Tai n\u0117ra standartin\u0117s vakarien\u0117s \u017evak\u0117s, j\u0173 degimo laikas iki 3 val., bet neabejotinai jos suteiks jaukumo ir \u0161ilumos.\u00a0 Detal\u0117s: med\u017eiaga &#8211; parafinas. Spalva &#8211; pelen\u0173 ro\u017e\u0117.\u00a0 Rinkin\u012f sudaro 20 vnt.\u00a0 I\u0161matavimai: Skersmuo 1,2 cm \/ Auk\u0161tis 17,5 cm<\/p>","protected":false},"featured_media":14797,"template":"","meta":{"_monsterinsights_skip_tracking":false,"_monsterinsights_sitenote_active":false,"_monsterinsights_sitenote_note":"","_monsterinsights_sitenote_category":0},"product_brand":[],"product_cat":[106,144],"product_tag":[419,417],"class_list":{"0":"post-14793","1":"product","2":"type-product","3":"status-publish","4":"has-post-thumbnail","6":"product_cat-dekoras-sventems","7":"product_cat-zvakes","8":"product_tag-mini-zvakiu-rinkinys","9":"product_tag-svenciu-dekoras","11":"first","12":"outofstock","13":"taxable","14":"shipping-taxable","15":"purchasable","16":"product-type-simple"},"_links":{"self":[{"href":"https:\/\/duckdeco.lt\/en\/wp-json\/wp\/v2\/product\/14793","targetHints":{"allow":["GET"]}}],"collection":[{"href":"https:\/\/duckdeco.lt\/en\/wp-json\/wp\/v2\/product"}],"about":[{"href":"https:\/\/duckdeco.lt\/en\/wp-json\/wp\/v2\/types\/product"}],"version-history":[{"count":1,"href":"https:\/\/duckdeco.lt\/en\/wp-json\/wp\/v2\/product\/14793\/revisions"}],"predecessor-version":[{"id":14796,"href":"https:\/\/duckdeco.lt\/en\/wp-json\/wp\/v2\/product\/14793\/revisions\/14796"}],"wp:featuredmedia":[{"embeddable":true,"href":"https:\/\/duckdeco.lt\/en\/wp-json\/wp\/v2\/media\/14797"}],"wp:attachment":[{"href":"https:\/\/duckdeco.lt\/en\/wp-json\/wp\/v2\/media?parent=14793"}],"wp:term":[{"taxonomy":"product_brand","embeddable":true,"href":"https:\/\/duckdeco.lt\/en\/wp-json\/wp\/v2\/product_brand?post=14793"},{"taxonomy":"product_cat","embeddable":true,"href":"https:\/\/duckdeco.lt\/en\/wp-json\/wp\/v2\/product_cat?post=14793"},{"taxonomy":"product_tag","embeddable":true,"href":"https:\/\/duckdeco.lt\/en\/wp-json\/wp\/v2\/product_tag?post=14793"}],"curies":[{"name":"wp","href":"https:\/\/api.w.org\/{rel}","templated":true}]}}