{"id":15084,"date":"2025-02-03T09:52:24","date_gmt":"2025-02-03T07:52:24","guid":{"rendered":"https:\/\/duckdeco.lt\/?post_type=product&#038;p=15084"},"modified":"2025-08-08T12:11:01","modified_gmt":"2025-08-08T09:11:01","slug":"vaza-idrija","status":"publish","type":"product","link":"https:\/\/duckdeco.lt\/en\/product\/vaza-idrija\/","title":{"rendered":"Vaza Idrija"},"content":{"rendered":"<ul>\n<li><span class=\"HwtZe\" lang=\"lt\"><span class=\"jCAhz ChMk0b\"><span class=\"ryNqvb\">Dekoratyvin\u0117 vaza i\u0161 Light &amp; Living kolekcijos, <\/span><\/span>pagaminta i\u0161 <span class=\"jCAhz ChMk0b\"><span class=\"ryNqvb\">\u0161ilto \u0161viesiai rudo atspalvio keramikos bet kokiam interjerui suteiks nat\u016bralios elegancijos. Organi\u0161ka forma \u012fne\u0161 \u017eaisming\u0105 ir meni\u0161k\u0105 akcent\u0105 J\u016bs\u0173 namuose.<br \/>\n<\/span><\/span><\/span><\/li>\n<li>Detal\u0117s: med\u017eiaga &#8211; keramika.<\/li>\n<li>Spalva &#8211; \u0161viesi ruda.<br \/>\n<table style=\"height: 77px;\" width=\"452\">\n<tbody>\n<tr>\n<td width=\"91\">I\u0161matavimai: Skersmuo 10 \/ Gylis 11,5 cm \/ Auk\u0161tis 13,5 cm.<\/td>\n<\/tr>\n<\/tbody>\n<\/table>\n<p>&nbsp;<\/li>\n<\/ul>","protected":false},"excerpt":{"rendered":"<p>Dekoratyvin\u0117 vaza i\u0161 Light &amp; Living kolekcijos, pagaminta i\u0161 \u0161ilto \u0161viesiai rudo atspalvio keramikos bet kokiam interjerui suteiks nat\u016bralios elegancijos. Organi\u0161ka forma \u012fne\u0161 \u017eaisming\u0105 ir meni\u0161k\u0105 akcent\u0105 J\u016bs\u0173 namuose. Detal\u0117s: med\u017eiaga &#8211; keramika. Spalva &#8211; \u0161viesi ruda. I\u0161matavimai: Skersmuo 10 \/ Gylis 11,5 cm \/ Auk\u0161tis 13,5 cm. &nbsp;<\/p>","protected":false},"featured_media":15086,"template":"","meta":{"_monsterinsights_skip_tracking":false,"_monsterinsights_sitenote_active":false,"_monsterinsights_sitenote_note":"","_monsterinsights_sitenote_category":0},"product_brand":[],"product_cat":[95,101],"product_tag":[468],"class_list":{"0":"post-15084","1":"product","2":"type-product","3":"status-publish","4":"has-post-thumbnail","6":"product_cat-interjerui","7":"product_cat-vazos","8":"product_tag-keramikine-vaza","10":"first","11":"outofstock","12":"taxable","13":"shipping-taxable","14":"purchasable","15":"product-type-simple"},"_links":{"self":[{"href":"https:\/\/duckdeco.lt\/en\/wp-json\/wp\/v2\/product\/15084","targetHints":{"allow":["GET"]}}],"collection":[{"href":"https:\/\/duckdeco.lt\/en\/wp-json\/wp\/v2\/product"}],"about":[{"href":"https:\/\/duckdeco.lt\/en\/wp-json\/wp\/v2\/types\/product"}],"version-history":[{"count":1,"href":"https:\/\/duckdeco.lt\/en\/wp-json\/wp\/v2\/product\/15084\/revisions"}],"predecessor-version":[{"id":15087,"href":"https:\/\/duckdeco.lt\/en\/wp-json\/wp\/v2\/product\/15084\/revisions\/15087"}],"wp:featuredmedia":[{"embeddable":true,"href":"https:\/\/duckdeco.lt\/en\/wp-json\/wp\/v2\/media\/15086"}],"wp:attachment":[{"href":"https:\/\/duckdeco.lt\/en\/wp-json\/wp\/v2\/media?parent=15084"}],"wp:term":[{"taxonomy":"product_brand","embeddable":true,"href":"https:\/\/duckdeco.lt\/en\/wp-json\/wp\/v2\/product_brand?post=15084"},{"taxonomy":"product_cat","embeddable":true,"href":"https:\/\/duckdeco.lt\/en\/wp-json\/wp\/v2\/product_cat?post=15084"},{"taxonomy":"product_tag","embeddable":true,"href":"https:\/\/duckdeco.lt\/en\/wp-json\/wp\/v2\/product_tag?post=15084"}],"curies":[{"name":"wp","href":"https:\/\/api.w.org\/{rel}","templated":true}]}}