{"id":15096,"date":"2025-02-03T12:03:07","date_gmt":"2025-02-03T10:03:07","guid":{"rendered":"https:\/\/duckdeco.lt\/?post_type=product&#038;p=15096"},"modified":"2026-02-26T16:11:29","modified_gmt":"2026-02-26T14:11:29","slug":"zvakide-papuga-40-cm","status":"publish","type":"product","link":"https:\/\/duckdeco.lt\/en\/product\/zvakide-papuga-40-cm\/","title":{"rendered":"\u017dvakid\u0117 Pap\u016bga 40 cm"},"content":{"rendered":"<ul>\n<li><span class=\"HwtZe\" lang=\"lt\"><span class=\"jCAhz ChMk0b\"><span class=\"ryNqvb\">Ie\u0161kote unikalaus nam\u0173 dekoro elemento? \u0160i stilinga \u017evakid\u0117, kurioje nut\u016bpusi pap\u016bga, suteiks interjerui ry\u0161ki\u0173 spalv\u0173. Kiekviena \u017evakid\u0117 yra nuda\u017eyta rankomis, suteikiant jai unikal\u0173 charakter\u012f. <\/span><\/span><\/span><\/li>\n<li><span class=\"HwtZe\" lang=\"lt\"><span class=\"jCAhz ChMk0b\"><span class=\"ryNqvb\">Puikiai tinka visiems, kurie m\u0117gsta atogr\u0105\u017e\u0173 poj\u016bt\u012f, ie\u0161ko unikalios dovanos pauk\u0161\u010di\u0173 myl\u0117tojams. <\/span><\/span><\/span><span class=\"HwtZe\" lang=\"lt\"><span class=\"HwtZe\" lang=\"lt\"><span class=\"jCAhz ChMk0b\"><span class=\"ryNqvb\">Nesvarbu, ar pastatysite j\u0105 savo svetain\u0117je, ar rasite gra\u017ei\u0105 viet\u0105 valgomajame, ji trauks kiekvieno d\u0117mes\u012f. <\/span><\/span><\/span><\/span><\/li>\n<li><span class=\"HwtZe\" lang=\"lt\"><span class=\"HwtZe\" lang=\"lt\"><span class=\"jCAhz ChMk0b\"><span class=\"ryNqvb\">Details: material - polyresin. <\/span><\/span><\/span><\/span><\/li>\n<li><span class=\"HwtZe\" lang=\"lt\"><span class=\"HwtZe\" lang=\"lt\"><span class=\"jCAhz ChMk0b\"><span class=\"ryNqvb\">Spalva &#8211; \u012fvairiaspalvis.<br \/>\n<\/span><\/span><\/span><\/span><\/p>\n<table width=\"405\">\n<tbody>\n<tr>\n<td width=\"91\">I\u0161matavimai: Plotis 13 cm \/ Auk\u0161tis 40 cm.<\/td>\n<\/tr>\n<\/tbody>\n<\/table>\n<p>&nbsp;<\/li>\n<\/ul>","protected":false},"excerpt":{"rendered":"<p>Ie\u0161kote unikalaus nam\u0173 dekoro elemento? \u0160i stilinga \u017evakid\u0117, kurioje nut\u016bpusi pap\u016bga, suteiks interjerui ry\u0161ki\u0173 spalv\u0173. Kiekviena \u017evakid\u0117 yra nuda\u017eyta rankomis, suteikiant jai unikal\u0173 charakter\u012f. Puikiai tinka visiems, kurie m\u0117gsta atogr\u0105\u017e\u0173 poj\u016bt\u012f, ie\u0161ko unikalios dovanos pauk\u0161\u010di\u0173 myl\u0117tojams. Nesvarbu, ar pastatysite j\u0105 savo svetain\u0117je, ar rasite gra\u017ei\u0105 viet\u0105 valgomajame, ji trauks kiekvieno d\u0117mes\u012f. Detal\u0117s: med\u017eiaga &#8211; polirezinas. &hellip; <br \/><a href=\"https:\/\/duckdeco.lt\/en\/product\/zvakide-papuga-40-cm\/\" class=\"more-link\">Continue reading <span class=\"screen-reader-text\">\u017dvakid\u0117 Pap\u016bga 40 cm<\/span><\/a><\/p>","protected":false},"featured_media":15807,"template":"","meta":{"_monsterinsights_skip_tracking":false,"_monsterinsights_sitenote_active":false,"_monsterinsights_sitenote_note":"","_monsterinsights_sitenote_category":0},"product_brand":[],"product_cat":[103,95,107],"product_tag":[514,513],"class_list":{"0":"post-15096","1":"product","2":"type-product","3":"status-publish","4":"has-post-thumbnail","6":"product_cat-dovanu-idejos","7":"product_cat-interjerui","8":"product_cat-stilingos-zvakides-zvakes","9":"product_tag-zvakide-papuga","10":"product_tag-zvakiu-laikiklis-is-polirezino","12":"first","13":"instock","14":"taxable","15":"shipping-taxable","16":"purchasable","17":"product-type-simple"},"_links":{"self":[{"href":"https:\/\/duckdeco.lt\/en\/wp-json\/wp\/v2\/product\/15096","targetHints":{"allow":["GET"]}}],"collection":[{"href":"https:\/\/duckdeco.lt\/en\/wp-json\/wp\/v2\/product"}],"about":[{"href":"https:\/\/duckdeco.lt\/en\/wp-json\/wp\/v2\/types\/product"}],"version-history":[{"count":1,"href":"https:\/\/duckdeco.lt\/en\/wp-json\/wp\/v2\/product\/15096\/revisions"}],"predecessor-version":[{"id":15099,"href":"https:\/\/duckdeco.lt\/en\/wp-json\/wp\/v2\/product\/15096\/revisions\/15099"}],"wp:featuredmedia":[{"embeddable":true,"href":"https:\/\/duckdeco.lt\/en\/wp-json\/wp\/v2\/media\/15807"}],"wp:attachment":[{"href":"https:\/\/duckdeco.lt\/en\/wp-json\/wp\/v2\/media?parent=15096"}],"wp:term":[{"taxonomy":"product_brand","embeddable":true,"href":"https:\/\/duckdeco.lt\/en\/wp-json\/wp\/v2\/product_brand?post=15096"},{"taxonomy":"product_cat","embeddable":true,"href":"https:\/\/duckdeco.lt\/en\/wp-json\/wp\/v2\/product_cat?post=15096"},{"taxonomy":"product_tag","embeddable":true,"href":"https:\/\/duckdeco.lt\/en\/wp-json\/wp\/v2\/product_tag?post=15096"}],"curies":[{"name":"wp","href":"https:\/\/api.w.org\/{rel}","templated":true}]}}