{"id":15109,"date":"2025-02-03T14:00:10","date_gmt":"2025-02-03T12:00:10","guid":{"rendered":"https:\/\/duckdeco.lt\/?post_type=product&#038;p=15109"},"modified":"2025-09-10T16:25:53","modified_gmt":"2025-09-10T13:25:53","slug":"statulele-avinas","status":"publish","type":"product","link":"https:\/\/duckdeco.lt\/en\/product\/statulele-avinas\/","title":{"rendered":"Statul\u0117l\u0117 avinas"},"content":{"rendered":"<ul>\n<li>Dekoratyvin\u0117 avino statul\u0117l\u0117, tiems kurie m\u0117gsta prabang\u0105, i\u0161kirtinum\u0105, neabejotinai \u0161i interjero detal\u0117 taps akcentu, kuris tikrai trauks d\u0117mes\u012f.<\/li>\n<li>Papuo\u0161kite savo knyg\u0173 lentyn\u0105, darbo stal\u0105, viet\u0105 kurioje praleid\u017eiate daugiausiai laiko, o gal nustebinkite artimuosius?<\/li>\n<li>Detal\u0117s: med\u017eiaga \u2013 polirezinas.<\/li>\n<li>Spalva \u2013 sendinto aukso.<br \/>\n<table width=\"457\">\n<tbody>\n<tr>\n<td width=\"91\">I\u0161matavimai: Gylis 13.5 cm \/ Plotis 9.5 cm \/ Auk\u0161tis 24 cm.<\/td>\n<\/tr>\n<\/tbody>\n<\/table>\n<p>&nbsp;<\/li>\n<\/ul>","protected":false},"excerpt":{"rendered":"<p>Dekoratyvin\u0117 avino statul\u0117l\u0117, tiems kurie m\u0117gsta prabang\u0105, i\u0161kirtinum\u0105, neabejotinai \u0161i interjero detal\u0117 taps akcentu, kuris tikrai trauks d\u0117mes\u012f. Papuo\u0161kite savo knyg\u0173 lentyn\u0105, darbo stal\u0105, viet\u0105 kurioje praleid\u017eiate daugiausiai laiko, o gal nustebinkite artimuosius? Detal\u0117s: med\u017eiaga \u2013 polirezinas. Spalva \u2013 sendinto aukso. I\u0161matavimai: Gylis 13.5 cm \/ Plotis 9.5 cm \/ Auk\u0161tis 24 cm. &nbsp;<\/p>","protected":false},"featured_media":15111,"template":"","meta":{"_monsterinsights_skip_tracking":false,"_monsterinsights_sitenote_active":false,"_monsterinsights_sitenote_note":"","_monsterinsights_sitenote_category":0},"product_brand":[],"product_cat":[103,95,130],"product_tag":[],"class_list":{"0":"post-15109","1":"product","2":"type-product","3":"status-publish","4":"has-post-thumbnail","6":"product_cat-dovanu-idejos","7":"product_cat-interjerui","8":"product_cat-statuleles-deco","10":"first","11":"outofstock","12":"taxable","13":"shipping-taxable","14":"purchasable","15":"product-type-simple"},"_links":{"self":[{"href":"https:\/\/duckdeco.lt\/en\/wp-json\/wp\/v2\/product\/15109","targetHints":{"allow":["GET"]}}],"collection":[{"href":"https:\/\/duckdeco.lt\/en\/wp-json\/wp\/v2\/product"}],"about":[{"href":"https:\/\/duckdeco.lt\/en\/wp-json\/wp\/v2\/types\/product"}],"version-history":[{"count":1,"href":"https:\/\/duckdeco.lt\/en\/wp-json\/wp\/v2\/product\/15109\/revisions"}],"predecessor-version":[{"id":15112,"href":"https:\/\/duckdeco.lt\/en\/wp-json\/wp\/v2\/product\/15109\/revisions\/15112"}],"wp:featuredmedia":[{"embeddable":true,"href":"https:\/\/duckdeco.lt\/en\/wp-json\/wp\/v2\/media\/15111"}],"wp:attachment":[{"href":"https:\/\/duckdeco.lt\/en\/wp-json\/wp\/v2\/media?parent=15109"}],"wp:term":[{"taxonomy":"product_brand","embeddable":true,"href":"https:\/\/duckdeco.lt\/en\/wp-json\/wp\/v2\/product_brand?post=15109"},{"taxonomy":"product_cat","embeddable":true,"href":"https:\/\/duckdeco.lt\/en\/wp-json\/wp\/v2\/product_cat?post=15109"},{"taxonomy":"product_tag","embeddable":true,"href":"https:\/\/duckdeco.lt\/en\/wp-json\/wp\/v2\/product_tag?post=15109"}],"curies":[{"name":"wp","href":"https:\/\/api.w.org\/{rel}","templated":true}]}}