{"id":15119,"date":"2025-02-03T15:33:46","date_gmt":"2025-02-03T13:33:46","guid":{"rendered":"https:\/\/duckdeco.lt\/?post_type=product&#038;p=15119"},"modified":"2025-11-12T10:31:52","modified_gmt":"2025-11-12T08:31:52","slug":"batu-saukstas-karve","status":"publish","type":"product","link":"https:\/\/duckdeco.lt\/en\/product\/batu-saukstas-karve\/","title":{"rendered":"Bat\u0173 \u0161auk\u0161tas Karv\u0117"},"content":{"rendered":"<ul>\n<li><span class=\"HwtZe\" lang=\"lt\"><span class=\"jCAhz ChMk0b\"><span class=\"ryNqvb\">Pagamintas i\u0161 auk\u0161tos kokyb\u0117s metalo, \u0161is bat\u0173 \u0161auk\u0161tas yra patvarus ir atsparus lenkimui ar l\u016b\u017eimui.<\/span><\/span><\/span><\/li>\n<li><span class=\"HwtZe\" lang=\"lt\"><span class=\"jCAhz ChMk0b\"><span class=\"ryNqvb\">Dekoruotas simboline karv\u0117s galva, suteikia \u017eaismingumo, tai yra ne tik funkcionalus, bet ir stilingas j\u016bs\u0173 nam\u0173 aksesuaras. Be to tai originali dovana, kuri nud\u017eiugins kiekvien\u0105. <\/span><\/span><\/span><\/li>\n<li>Detal\u0117s : med\u017eiaga \u2013 aliuminis.<\/li>\n<li>Spalva \u2013 sidabro.<br \/>\n<table width=\"405\">\n<tbody>\n<tr>\n<td width=\"91\">I\u0161matavimai: Ilgis 53,5 cm<\/td>\n<\/tr>\n<\/tbody>\n<\/table>\n<\/li>\n<\/ul>","protected":false},"excerpt":{"rendered":"<p>Pagamintas i\u0161 auk\u0161tos kokyb\u0117s metalo, \u0161is bat\u0173 \u0161auk\u0161tas yra patvarus ir atsparus lenkimui ar l\u016b\u017eimui. Dekoruotas simboline karv\u0117s galva, suteikia \u017eaismingumo, tai yra ne tik funkcionalus, bet ir stilingas j\u016bs\u0173 nam\u0173 aksesuaras. Be to tai originali dovana, kuri nud\u017eiugins kiekvien\u0105. Detal\u0117s : med\u017eiaga \u2013 aliuminis. Spalva \u2013 sidabro. I\u0161matavimai: Ilgis 53,5 cm<\/p>","protected":false},"featured_media":15120,"template":"","meta":{"_monsterinsights_skip_tracking":false,"_monsterinsights_sitenote_active":false,"_monsterinsights_sitenote_note":"","_monsterinsights_sitenote_category":0},"product_brand":[],"product_cat":[103,95],"product_tag":[517],"class_list":{"0":"post-15119","1":"product","2":"type-product","3":"status-publish","4":"has-post-thumbnail","6":"product_cat-dovanu-idejos","7":"product_cat-interjerui","8":"product_tag-batu-saukstas","10":"first","11":"outofstock","12":"taxable","13":"shipping-taxable","14":"purchasable","15":"product-type-simple"},"_links":{"self":[{"href":"https:\/\/duckdeco.lt\/en\/wp-json\/wp\/v2\/product\/15119","targetHints":{"allow":["GET"]}}],"collection":[{"href":"https:\/\/duckdeco.lt\/en\/wp-json\/wp\/v2\/product"}],"about":[{"href":"https:\/\/duckdeco.lt\/en\/wp-json\/wp\/v2\/types\/product"}],"version-history":[{"count":1,"href":"https:\/\/duckdeco.lt\/en\/wp-json\/wp\/v2\/product\/15119\/revisions"}],"predecessor-version":[{"id":15122,"href":"https:\/\/duckdeco.lt\/en\/wp-json\/wp\/v2\/product\/15119\/revisions\/15122"}],"wp:featuredmedia":[{"embeddable":true,"href":"https:\/\/duckdeco.lt\/en\/wp-json\/wp\/v2\/media\/15120"}],"wp:attachment":[{"href":"https:\/\/duckdeco.lt\/en\/wp-json\/wp\/v2\/media?parent=15119"}],"wp:term":[{"taxonomy":"product_brand","embeddable":true,"href":"https:\/\/duckdeco.lt\/en\/wp-json\/wp\/v2\/product_brand?post=15119"},{"taxonomy":"product_cat","embeddable":true,"href":"https:\/\/duckdeco.lt\/en\/wp-json\/wp\/v2\/product_cat?post=15119"},{"taxonomy":"product_tag","embeddable":true,"href":"https:\/\/duckdeco.lt\/en\/wp-json\/wp\/v2\/product_tag?post=15119"}],"curies":[{"name":"wp","href":"https:\/\/api.w.org\/{rel}","templated":true}]}}