{"id":15163,"date":"2025-02-04T11:26:09","date_gmt":"2025-02-04T09:26:09","guid":{"rendered":"https:\/\/duckdeco.lt\/?post_type=product&#038;p=15163"},"modified":"2025-04-28T13:42:54","modified_gmt":"2025-04-28T10:42:54","slug":"stiklo-dubuo-s","status":"publish","type":"product","link":"https:\/\/duckdeco.lt\/en\/product\/stiklo-dubuo-s\/","title":{"rendered":"Stiklo dubuo"},"content":{"rendered":"<ul>\n<li><span class=\"HwtZe\" lang=\"lt\"><span class=\"jCAhz ChMk0b\"><span class=\"ryNqvb\">Prek\u0117s \u017eenklo Eichholtz turkio dubuo yra stulbinantis prabangos ir rafinuotumo pavyzdys.<\/span><\/span> <span class=\"jCAhz ChMk0b\"><span class=\"ryNqvb\">Pagaminta i\u0161 auk\u0161tos kokyb\u0117s stiklo, i\u0161siskiria nesenstan\u010dia elegancija.<\/span><\/span><\/span><\/li>\n<li><span class=\"HwtZe\" lang=\"lt\"> <span class=\"jCAhz ChMk0b\"><span class=\"ryNqvb\">D\u0117l universalaus dizaino jis puikiai papildo tiek modern\u0173, tiek klasikin\u012f interjer\u0105.<\/span><\/span> <span class=\"jCAhz ChMk0b\"><span class=\"ryNqvb\">Naudokite j\u012f kaip prakti\u0161k\u0105 sprendim\u0105 arba stiling\u0105 demonstracij\u0105 savo erdv\u0117je.<\/span><\/span> <\/span><\/li>\n<li><span class=\"HwtZe\" lang=\"lt\"><span class=\"jCAhz ChMk0b\"><span class=\"ryNqvb\">\u0160is dekoratyvinis \u0161e\u0161iakampis dubuo pasi\u017eymi graduotomis spalvomis, nuo skaidrios iki gilios turkio, suteiks j\u016bs\u0173 interjerui prabangos poj\u016bt\u012f, nesugadindamas jo estetikos. <\/span><\/span><\/span><\/li>\n<li><span class=\"HwtZe\" lang=\"lt\"><span class=\"jCAhz ChMk0b\"><span class=\"ryNqvb\">Detal\u0117s: med\u017eiaga &#8211; stiklas. <\/span><\/span><\/span><\/li>\n<li><span class=\"HwtZe\" lang=\"lt\"><span class=\"jCAhz ChMk0b\"><span class=\"ryNqvb\">Spalva &#8211; turkio.<br \/>\n<\/span><\/span><\/span><\/li>\n<\/ul>\n<table style=\"height: 77px;\" width=\"354\">\n<tbody>\n<tr>\n<td width=\"91\">I\u0161matavimai: Skersmuo 20 cm\/ Auk\u0161tis 9,5 cm<\/td>\n<\/tr>\n<\/tbody>\n<\/table>\n<p>&nbsp;<\/p>","protected":false},"excerpt":{"rendered":"<p>Prek\u0117s \u017eenklo Eichholtz turkio dubuo yra stulbinantis prabangos ir rafinuotumo pavyzdys. Pagaminta i\u0161 auk\u0161tos kokyb\u0117s stiklo, i\u0161siskiria nesenstan\u010dia elegancija. D\u0117l universalaus dizaino jis puikiai papildo tiek modern\u0173, tiek klasikin\u012f interjer\u0105. Naudokite j\u012f kaip prakti\u0161k\u0105 sprendim\u0105 arba stiling\u0105 demonstracij\u0105 savo erdv\u0117je. \u0160is dekoratyvinis \u0161e\u0161iakampis dubuo pasi\u017eymi graduotomis spalvomis, nuo skaidrios iki gilios turkio, suteiks j\u016bs\u0173 interjerui &hellip; <br \/><a href=\"https:\/\/duckdeco.lt\/en\/product\/stiklo-dubuo-s\/\" class=\"more-link\">Continue reading <span class=\"screen-reader-text\">Stiklo dubuo<\/span><\/a><\/p>","protected":false},"featured_media":15164,"template":"","meta":{"_monsterinsights_skip_tracking":false,"_monsterinsights_sitenote_active":false,"_monsterinsights_sitenote_note":"","_monsterinsights_sitenote_category":0},"product_brand":[],"product_cat":[103,95],"product_tag":[521,522],"class_list":{"0":"post-15163","1":"product","2":"type-product","3":"status-publish","4":"has-post-thumbnail","6":"product_cat-dovanu-idejos","7":"product_cat-interjerui","8":"product_tag-stiklinis-dubuo","9":"product_tag-turkio-spalva","11":"first","12":"instock","13":"taxable","14":"shipping-taxable","15":"purchasable","16":"product-type-simple"},"_links":{"self":[{"href":"https:\/\/duckdeco.lt\/en\/wp-json\/wp\/v2\/product\/15163","targetHints":{"allow":["GET"]}}],"collection":[{"href":"https:\/\/duckdeco.lt\/en\/wp-json\/wp\/v2\/product"}],"about":[{"href":"https:\/\/duckdeco.lt\/en\/wp-json\/wp\/v2\/types\/product"}],"version-history":[{"count":2,"href":"https:\/\/duckdeco.lt\/en\/wp-json\/wp\/v2\/product\/15163\/revisions"}],"predecessor-version":[{"id":15169,"href":"https:\/\/duckdeco.lt\/en\/wp-json\/wp\/v2\/product\/15163\/revisions\/15169"}],"wp:featuredmedia":[{"embeddable":true,"href":"https:\/\/duckdeco.lt\/en\/wp-json\/wp\/v2\/media\/15164"}],"wp:attachment":[{"href":"https:\/\/duckdeco.lt\/en\/wp-json\/wp\/v2\/media?parent=15163"}],"wp:term":[{"taxonomy":"product_brand","embeddable":true,"href":"https:\/\/duckdeco.lt\/en\/wp-json\/wp\/v2\/product_brand?post=15163"},{"taxonomy":"product_cat","embeddable":true,"href":"https:\/\/duckdeco.lt\/en\/wp-json\/wp\/v2\/product_cat?post=15163"},{"taxonomy":"product_tag","embeddable":true,"href":"https:\/\/duckdeco.lt\/en\/wp-json\/wp\/v2\/product_tag?post=15163"}],"curies":[{"name":"wp","href":"https:\/\/api.w.org\/{rel}","templated":true}]}}