{"id":15224,"date":"2025-02-11T10:00:49","date_gmt":"2025-02-11T08:00:49","guid":{"rendered":"https:\/\/duckdeco.lt\/?post_type=product&#038;p=15224"},"modified":"2025-02-11T10:32:48","modified_gmt":"2025-02-11T08:32:48","slug":"remelis-su-spauda-kate-karaliene","status":"publish","type":"product","link":"https:\/\/duckdeco.lt\/en\/product\/remelis-su-spauda-kate-karaliene\/","title":{"rendered":"R\u0117melis su spauda &#8211; Kat\u0117 karalien\u0117"},"content":{"rendered":"<ul>\n<li>Nostalgi\u0161kas atvaizdas, kuriame pro ro\u017einius akinius \u012f Jus \u017evelgia kat\u0117 karalien\u0117, ekstravaganti\u0161kas elementas, kuris suteiks J\u016bs\u0173 interjerui i\u0161skirtinumo, o kiekvienam gyv\u016bn\u0173 myl\u0117tojui bus puiki dovana.<\/li>\n<li>Pakabinkite j\u012f savo svetain\u0117je, ofise, kavin\u0117je, neabejotinai sulauksite d\u0117mesio.<\/li>\n<li>Detal\u0117s: med\u017eiaga &#8211; mediena \/ stiklas.<br \/>\n<table width=\"405\">\n<tbody>\n<tr>\n<td width=\"91\">I\u0161matavimai: Ilgis 37 cm \/ Plotis 43 cm.<\/td>\n<\/tr>\n<\/tbody>\n<\/table>\n<p>&nbsp;<\/li>\n<\/ul>","protected":false},"excerpt":{"rendered":"<p>Nostalgi\u0161kas atvaizdas, kuriame pro ro\u017einius akinius \u012f Jus \u017evelgia kat\u0117 karalien\u0117, ekstravaganti\u0161kas elementas, kuris suteiks J\u016bs\u0173 interjerui i\u0161skirtinumo, o kiekvienam gyv\u016bn\u0173 myl\u0117tojui bus puiki dovana. Pakabinkite j\u012f savo svetain\u0117je, ofise, kavin\u0117je, neabejotinai sulauksite d\u0117mesio. Detal\u0117s: med\u017eiaga &#8211; mediena \/ stiklas. I\u0161matavimai: Ilgis 37 cm \/ Plotis 43 cm. &nbsp;<\/p>","protected":false},"featured_media":15225,"template":"","meta":{"_monsterinsights_skip_tracking":false,"_monsterinsights_sitenote_active":false,"_monsterinsights_sitenote_note":"","_monsterinsights_sitenote_category":0},"product_brand":[],"product_cat":[103,95,143],"product_tag":[],"class_list":{"0":"post-15224","1":"product","2":"type-product","3":"status-publish","4":"has-post-thumbnail","6":"product_cat-dovanu-idejos","7":"product_cat-interjerui","8":"product_cat-paveikslai","10":"first","11":"instock","12":"taxable","13":"shipping-taxable","14":"purchasable","15":"product-type-simple"},"_links":{"self":[{"href":"https:\/\/duckdeco.lt\/en\/wp-json\/wp\/v2\/product\/15224","targetHints":{"allow":["GET"]}}],"collection":[{"href":"https:\/\/duckdeco.lt\/en\/wp-json\/wp\/v2\/product"}],"about":[{"href":"https:\/\/duckdeco.lt\/en\/wp-json\/wp\/v2\/types\/product"}],"version-history":[{"count":1,"href":"https:\/\/duckdeco.lt\/en\/wp-json\/wp\/v2\/product\/15224\/revisions"}],"predecessor-version":[{"id":15226,"href":"https:\/\/duckdeco.lt\/en\/wp-json\/wp\/v2\/product\/15224\/revisions\/15226"}],"wp:featuredmedia":[{"embeddable":true,"href":"https:\/\/duckdeco.lt\/en\/wp-json\/wp\/v2\/media\/15225"}],"wp:attachment":[{"href":"https:\/\/duckdeco.lt\/en\/wp-json\/wp\/v2\/media?parent=15224"}],"wp:term":[{"taxonomy":"product_brand","embeddable":true,"href":"https:\/\/duckdeco.lt\/en\/wp-json\/wp\/v2\/product_brand?post=15224"},{"taxonomy":"product_cat","embeddable":true,"href":"https:\/\/duckdeco.lt\/en\/wp-json\/wp\/v2\/product_cat?post=15224"},{"taxonomy":"product_tag","embeddable":true,"href":"https:\/\/duckdeco.lt\/en\/wp-json\/wp\/v2\/product_tag?post=15224"}],"curies":[{"name":"wp","href":"https:\/\/api.w.org\/{rel}","templated":true}]}}