{"id":15231,"date":"2025-02-11T11:07:38","date_gmt":"2025-02-11T09:07:38","guid":{"rendered":"https:\/\/duckdeco.lt\/?post_type=product&#038;p=15231"},"modified":"2025-11-11T16:54:19","modified_gmt":"2025-11-11T14:54:19","slug":"tapyba-jautis-su-kostiumu","status":"publish","type":"product","link":"https:\/\/duckdeco.lt\/en\/product\/tapyba-jautis-su-kostiumu\/","title":{"rendered":"Tapyba &#8211; Jautis su kostiumu"},"content":{"rendered":"<ul>\n<li><span class=\"HwtZe\" lang=\"lt\"><span class=\"HwtZe\" lang=\"lt\"><span class=\"jCAhz ChMk0b\"><span class=\"ryNqvb\">I\u0161reik\u0161kite stili\u0173 su unikaliu kostiumu apsirengusio jau\u010dio paveikslu, \u012fr\u0117mintu gra\u017eiame mediniame r\u0117me m\u0117lyname fone.<\/span><\/span> <span class=\"jCAhz ChMk0b\"><span class=\"ryNqvb\">\u0160is meno k\u016brinys turi pop meno ir \u017eaismingo pos\u016bkio, tod\u0117l jis puikiai papildys bet kur\u012f kambar\u012f. Suteiks i\u0161skirtinio \u017eavesio J\u016bs\u0173 ofiso, kavin\u0117s, parduotuv\u0117s erdvei.\u00a0<\/span><\/span><\/span><\/span><\/li>\n<li><span class=\"HwtZe\" lang=\"lt\"><span class=\"HwtZe\" lang=\"lt\"><span class=\"jCAhz ChMk0b\"><span class=\"ryNqvb\">Detal\u0117s: med\u017eiaga \u2013 mdf\/ kartonas \/ drob\u0117.<br \/>\n<\/span><\/span><\/span><\/span><\/p>\n<table width=\"405\">\n<tbody>\n<tr>\n<td width=\"91\">I\u0161matavimai: Ilgis 60 cm \/ Plotis 45 cm \/ Auk\u0161tis 2,5 cm<\/td>\n<\/tr>\n<\/tbody>\n<\/table>\n<p>&nbsp;<\/p>\n<p><span class=\"HwtZe\" lang=\"lt\"><span class=\"jCAhz ChMk0b\"><span class=\"ryNqvb\">\u00a0<\/span><\/span><\/span><\/li>\n<\/ul>","protected":false},"excerpt":{"rendered":"<p>I\u0161reik\u0161kite stili\u0173 su unikaliu kostiumu apsirengusio jau\u010dio paveikslu, \u012fr\u0117mintu gra\u017eiame mediniame r\u0117me m\u0117lyname fone. \u0160is meno k\u016brinys turi pop meno ir \u017eaismingo pos\u016bkio, tod\u0117l jis puikiai papildys bet kur\u012f kambar\u012f. Suteiks i\u0161skirtinio \u017eavesio J\u016bs\u0173 ofiso, kavin\u0117s, parduotuv\u0117s erdvei.\u00a0 Detal\u0117s: med\u017eiaga \u2013 mdf\/ kartonas \/ drob\u0117. I\u0161matavimai: Ilgis 60 cm \/ Plotis 45 cm \/ Auk\u0161tis &hellip; <br \/><a href=\"https:\/\/duckdeco.lt\/en\/product\/tapyba-jautis-su-kostiumu\/\" class=\"more-link\">Continue reading <span class=\"screen-reader-text\">Tapyba &#8211; Jautis su kostiumu<\/span><\/a><\/p>","protected":false},"featured_media":15232,"template":"","meta":{"_monsterinsights_skip_tracking":false,"_monsterinsights_sitenote_active":false,"_monsterinsights_sitenote_note":"","_monsterinsights_sitenote_category":0},"product_brand":[],"product_cat":[103,95,143],"product_tag":[],"class_list":{"0":"post-15231","1":"product","2":"type-product","3":"status-publish","4":"has-post-thumbnail","6":"product_cat-dovanu-idejos","7":"product_cat-interjerui","8":"product_cat-paveikslai","10":"first","11":"instock","12":"taxable","13":"shipping-taxable","14":"purchasable","15":"product-type-simple"},"_links":{"self":[{"href":"https:\/\/duckdeco.lt\/en\/wp-json\/wp\/v2\/product\/15231","targetHints":{"allow":["GET"]}}],"collection":[{"href":"https:\/\/duckdeco.lt\/en\/wp-json\/wp\/v2\/product"}],"about":[{"href":"https:\/\/duckdeco.lt\/en\/wp-json\/wp\/v2\/types\/product"}],"version-history":[{"count":2,"href":"https:\/\/duckdeco.lt\/en\/wp-json\/wp\/v2\/product\/15231\/revisions"}],"predecessor-version":[{"id":15595,"href":"https:\/\/duckdeco.lt\/en\/wp-json\/wp\/v2\/product\/15231\/revisions\/15595"}],"wp:featuredmedia":[{"embeddable":true,"href":"https:\/\/duckdeco.lt\/en\/wp-json\/wp\/v2\/media\/15232"}],"wp:attachment":[{"href":"https:\/\/duckdeco.lt\/en\/wp-json\/wp\/v2\/media?parent=15231"}],"wp:term":[{"taxonomy":"product_brand","embeddable":true,"href":"https:\/\/duckdeco.lt\/en\/wp-json\/wp\/v2\/product_brand?post=15231"},{"taxonomy":"product_cat","embeddable":true,"href":"https:\/\/duckdeco.lt\/en\/wp-json\/wp\/v2\/product_cat?post=15231"},{"taxonomy":"product_tag","embeddable":true,"href":"https:\/\/duckdeco.lt\/en\/wp-json\/wp\/v2\/product_tag?post=15231"}],"curies":[{"name":"wp","href":"https:\/\/api.w.org\/{rel}","templated":true}]}}