{"id":15237,"date":"2025-02-11T11:59:53","date_gmt":"2025-02-11T09:59:53","guid":{"rendered":"https:\/\/duckdeco.lt\/?post_type=product&#038;p=15237"},"modified":"2025-11-11T16:55:13","modified_gmt":"2025-11-11T14:55:13","slug":"tapyba-zebras","status":"publish","type":"product","link":"https:\/\/duckdeco.lt\/en\/product\/tapyba-zebras\/","title":{"rendered":"Tapyba &#8211; Zebras 60*45 cm"},"content":{"rendered":"<ul>\n<li><span class=\"HwtZe\" lang=\"lt\"><span class=\"jCAhz ChMk0b\"><span class=\"ryNqvb\">Suteikite savo erdvei originalumo su i\u0161skirtiniu kostiumu apsirengusio zebro paveikslu.<\/span><\/span> <span class=\"jCAhz ChMk0b\"><span class=\"ryNqvb\">\u0160is meno k\u016brinys, primenantis popmen\u0105 ir ry\u0161k\u0173, spalving\u0105 stili\u0173 oran\u017einiame fone, suteikia \u017eaismingo elemento bet kuriam kambariui.<\/span><\/span> <span class=\"jCAhz ChMk0b\"><span class=\"ryNqvb\">Praturtinkite savo interjer\u0105 \u0161iuo meni\u0161ku pos\u016bkiu ir suteikite savo erdvei stebinan\u010di\u0105 i\u0161vaizd\u0105!<\/span><\/span><\/span><\/li>\n<li><span class=\"HwtZe\" lang=\"lt\"><span class=\"jCAhz ChMk0b\"><span class=\"ryNqvb\">Detal\u0117s: med\u017eiaga \u2013 mdf\/ kartonas \/ drob\u0117.<br \/>\n<\/span><\/span><\/span><\/p>\n<table width=\"405\">\n<tbody>\n<tr>\n<td width=\"91\">I\u0161matavimai: Ilgis 60 cm \/ Plotis 45 cm \/ Auk\u0161tis 2,5 cm<\/td>\n<\/tr>\n<\/tbody>\n<\/table>\n<p>&nbsp;<\/li>\n<\/ul>","protected":false},"excerpt":{"rendered":"<p>Suteikite savo erdvei originalumo su i\u0161skirtiniu kostiumu apsirengusio zebro paveikslu. \u0160is meno k\u016brinys, primenantis popmen\u0105 ir ry\u0161k\u0173, spalving\u0105 stili\u0173 oran\u017einiame fone, suteikia \u017eaismingo elemento bet kuriam kambariui. Praturtinkite savo interjer\u0105 \u0161iuo meni\u0161ku pos\u016bkiu ir suteikite savo erdvei stebinan\u010di\u0105 i\u0161vaizd\u0105! Detal\u0117s: med\u017eiaga \u2013 mdf\/ kartonas \/ drob\u0117. I\u0161matavimai: Ilgis 60 cm \/ Plotis 45 cm \/ &hellip; <br \/><a href=\"https:\/\/duckdeco.lt\/en\/product\/tapyba-zebras\/\" class=\"more-link\">Continue reading <span class=\"screen-reader-text\">Tapyba &#8211; Zebras 60*45 cm<\/span><\/a><\/p>","protected":false},"featured_media":15238,"template":"","meta":{"_monsterinsights_skip_tracking":false,"_monsterinsights_sitenote_active":false,"_monsterinsights_sitenote_note":"","_monsterinsights_sitenote_category":0},"product_brand":[],"product_cat":[103,95,143],"product_tag":[],"class_list":{"0":"post-15237","1":"product","2":"type-product","3":"status-publish","4":"has-post-thumbnail","6":"product_cat-dovanu-idejos","7":"product_cat-interjerui","8":"product_cat-paveikslai","10":"first","11":"instock","12":"taxable","13":"shipping-taxable","14":"purchasable","15":"product-type-simple"},"_links":{"self":[{"href":"https:\/\/duckdeco.lt\/en\/wp-json\/wp\/v2\/product\/15237","targetHints":{"allow":["GET"]}}],"collection":[{"href":"https:\/\/duckdeco.lt\/en\/wp-json\/wp\/v2\/product"}],"about":[{"href":"https:\/\/duckdeco.lt\/en\/wp-json\/wp\/v2\/types\/product"}],"version-history":[{"count":3,"href":"https:\/\/duckdeco.lt\/en\/wp-json\/wp\/v2\/product\/15237\/revisions"}],"predecessor-version":[{"id":15240,"href":"https:\/\/duckdeco.lt\/en\/wp-json\/wp\/v2\/product\/15237\/revisions\/15240"}],"wp:featuredmedia":[{"embeddable":true,"href":"https:\/\/duckdeco.lt\/en\/wp-json\/wp\/v2\/media\/15238"}],"wp:attachment":[{"href":"https:\/\/duckdeco.lt\/en\/wp-json\/wp\/v2\/media?parent=15237"}],"wp:term":[{"taxonomy":"product_brand","embeddable":true,"href":"https:\/\/duckdeco.lt\/en\/wp-json\/wp\/v2\/product_brand?post=15237"},{"taxonomy":"product_cat","embeddable":true,"href":"https:\/\/duckdeco.lt\/en\/wp-json\/wp\/v2\/product_cat?post=15237"},{"taxonomy":"product_tag","embeddable":true,"href":"https:\/\/duckdeco.lt\/en\/wp-json\/wp\/v2\/product_tag?post=15237"}],"curies":[{"name":"wp","href":"https:\/\/api.w.org\/{rel}","templated":true}]}}