{"id":15251,"date":"2025-02-12T08:31:42","date_gmt":"2025-02-12T06:31:42","guid":{"rendered":"https:\/\/duckdeco.lt\/?post_type=product&#038;p=15251"},"modified":"2025-08-05T11:31:50","modified_gmt":"2025-08-05T08:31:50","slug":"vaza-pauksciukai-15-cm","status":"publish","type":"product","link":"https:\/\/duckdeco.lt\/en\/product\/vaza-pauksciukai-15-cm\/","title":{"rendered":"Vaza Pauk\u0161\u010diukai 15 cm"},"content":{"rendered":"<ul>\n<li><span class=\"HwtZe\" lang=\"lt\"><span class=\"jCAhz ChMk0b\"><span class=\"ryNqvb\">Rank\u0173 darbo vazos dekoruotos pauk\u0161\u010diukais, j\u0173 vis da\u017eniau pamatysite \u012fvairiose interjero tendencijose.<\/span><\/span> <span class=\"jCAhz ChMk0b\"><span class=\"ryNqvb\">Tai taip pat taikoma naujai spalvai saman\u0173 \u017ealiai i\u0161 madingo prek\u0117s \u017eenklo Daan Kromhout.<\/span><\/span> <span class=\"jCAhz ChMk0b\"><span class=\"ryNqvb\">Net ir be g\u0117li\u0173 \u2013\u00a0 ak\u012f traukiantis akcentas interjere.<\/span><\/span><\/span><\/li>\n<li>Pagaminta i\u0161 keramikos, \u0161i vaza yra tvirta, pasi\u017eymi ilgaam\u017ei\u0161kumu. Yra skirting\u0173 dyd\u017ei\u0173 ir spalv\u0173, derinkite jas tarpusavyje, \u012fsileiskite spalv\u0173 \u012f savo aplink\u0105. Tai vaza, kuri pakels nuotaik\u0105. Puikiai der\u0117s su visomis pavasarin\u0117mis g\u0117l\u0117mis ar vasarin\u0117mis lauko g\u0117l\u0117mis.<br \/>\n<table width=\"405\">\n<tbody>\n<tr>\n<td width=\"91\">I\u0161matavimai: Ilgis 12 cm \/ Plotis 12 cm \/ Auk\u0161tis 15 cm.<\/td>\n<\/tr>\n<\/tbody>\n<\/table>\n<p>&nbsp;<\/li>\n<\/ul>","protected":false},"excerpt":{"rendered":"<p>Rank\u0173 darbo vazos dekoruotos pauk\u0161\u010diukais, j\u0173 vis da\u017eniau pamatysite \u012fvairiose interjero tendencijose. Tai taip pat taikoma naujai spalvai saman\u0173 \u017ealiai i\u0161 madingo prek\u0117s \u017eenklo Daan Kromhout. Net ir be g\u0117li\u0173 \u2013\u00a0 ak\u012f traukiantis akcentas interjere. Pagaminta i\u0161 keramikos, \u0161i vaza yra tvirta, pasi\u017eymi ilgaam\u017ei\u0161kumu. Yra skirting\u0173 dyd\u017ei\u0173 ir spalv\u0173, derinkite jas tarpusavyje, \u012fsileiskite spalv\u0173 \u012f &hellip; <br \/><a href=\"https:\/\/duckdeco.lt\/en\/product\/vaza-pauksciukai-15-cm\/\" class=\"more-link\">Continue reading <span class=\"screen-reader-text\">Vaza Pauk\u0161\u010diukai 15 cm<\/span><\/a><\/p>","protected":false},"featured_media":15252,"template":"","meta":{"_monsterinsights_skip_tracking":false,"_monsterinsights_sitenote_active":false,"_monsterinsights_sitenote_note":"","_monsterinsights_sitenote_category":0},"product_brand":[],"product_cat":[103,101],"product_tag":[],"class_list":{"0":"post-15251","1":"product","2":"type-product","3":"status-publish","4":"has-post-thumbnail","6":"product_cat-dovanu-idejos","7":"product_cat-vazos","9":"first","10":"outofstock","11":"taxable","12":"shipping-taxable","13":"purchasable","14":"product-type-simple"},"_links":{"self":[{"href":"https:\/\/duckdeco.lt\/en\/wp-json\/wp\/v2\/product\/15251","targetHints":{"allow":["GET"]}}],"collection":[{"href":"https:\/\/duckdeco.lt\/en\/wp-json\/wp\/v2\/product"}],"about":[{"href":"https:\/\/duckdeco.lt\/en\/wp-json\/wp\/v2\/types\/product"}],"version-history":[{"count":1,"href":"https:\/\/duckdeco.lt\/en\/wp-json\/wp\/v2\/product\/15251\/revisions"}],"predecessor-version":[{"id":15253,"href":"https:\/\/duckdeco.lt\/en\/wp-json\/wp\/v2\/product\/15251\/revisions\/15253"}],"wp:featuredmedia":[{"embeddable":true,"href":"https:\/\/duckdeco.lt\/en\/wp-json\/wp\/v2\/media\/15252"}],"wp:attachment":[{"href":"https:\/\/duckdeco.lt\/en\/wp-json\/wp\/v2\/media?parent=15251"}],"wp:term":[{"taxonomy":"product_brand","embeddable":true,"href":"https:\/\/duckdeco.lt\/en\/wp-json\/wp\/v2\/product_brand?post=15251"},{"taxonomy":"product_cat","embeddable":true,"href":"https:\/\/duckdeco.lt\/en\/wp-json\/wp\/v2\/product_cat?post=15251"},{"taxonomy":"product_tag","embeddable":true,"href":"https:\/\/duckdeco.lt\/en\/wp-json\/wp\/v2\/product_tag?post=15251"}],"curies":[{"name":"wp","href":"https:\/\/api.w.org\/{rel}","templated":true}]}}