{"id":15256,"date":"2025-02-12T09:14:08","date_gmt":"2025-02-12T07:14:08","guid":{"rendered":"https:\/\/duckdeco.lt\/?post_type=product&#038;p=15256"},"modified":"2026-03-12T10:25:13","modified_gmt":"2026-03-12T08:25:13","slug":"vaza-leanja","status":"publish","type":"product","link":"https:\/\/duckdeco.lt\/en\/product\/vaza-leanja\/","title":{"rendered":"Vaza Leanja"},"content":{"rendered":"<ul>\n<li>Vaza i\u0161 Light&amp;Living prek\u0117s \u017eenklo kolekcijos, unikalios formos 10 skyreli\u0173, eleganti\u0161ko dizaino, neutralios spalvos, der\u0117s skirtinguose interjero stiliuose. Pamerkite kelet\u0105 g\u0117li\u0173 \u017eied\u0173 arba naudokite kaip dekoro detal\u0119, nustebinkite save ir savo artimuosius.<\/li>\n<li>Detal\u0117s: med\u017eiaga &#8211; akyta keramika.<\/li>\n<li>Spalva &#8211; ruda.<br \/>\n<table width=\"405\">\n<tbody>\n<tr>\n<td width=\"91\">I\u0161matavimai: Ilgis 20 cm \/ Plotis 15 cm \/ Auk\u0161tis 24 cm.<\/td>\n<\/tr>\n<\/tbody>\n<\/table>\n<\/li>\n<\/ul>","protected":false},"excerpt":{"rendered":"<p>Vaza i\u0161 Light&amp;Living prek\u0117s \u017eenklo kolekcijos, unikalios formos 10 skyreli\u0173, eleganti\u0161ko dizaino, neutralios spalvos, der\u0117s skirtinguose interjero stiliuose. Pamerkite kelet\u0105 g\u0117li\u0173 \u017eied\u0173 arba naudokite kaip dekoro detal\u0119, nustebinkite save ir savo artimuosius. Detal\u0117s: med\u017eiaga &#8211; akyta keramika. Spalva &#8211; ruda. I\u0161matavimai: Ilgis 20 cm \/ Plotis 15 cm \/ Auk\u0161tis 24 cm.<\/p>","protected":false},"featured_media":15257,"template":"","meta":{"_monsterinsights_skip_tracking":false,"_monsterinsights_sitenote_active":false,"_monsterinsights_sitenote_note":"","_monsterinsights_sitenote_category":0},"product_brand":[],"product_cat":[103,101],"product_tag":[],"class_list":{"0":"post-15256","1":"product","2":"type-product","3":"status-publish","4":"has-post-thumbnail","6":"product_cat-dovanu-idejos","7":"product_cat-vazos","9":"first","10":"outofstock","11":"taxable","12":"shipping-taxable","13":"purchasable","14":"product-type-simple"},"_links":{"self":[{"href":"https:\/\/duckdeco.lt\/en\/wp-json\/wp\/v2\/product\/15256","targetHints":{"allow":["GET"]}}],"collection":[{"href":"https:\/\/duckdeco.lt\/en\/wp-json\/wp\/v2\/product"}],"about":[{"href":"https:\/\/duckdeco.lt\/en\/wp-json\/wp\/v2\/types\/product"}],"version-history":[{"count":1,"href":"https:\/\/duckdeco.lt\/en\/wp-json\/wp\/v2\/product\/15256\/revisions"}],"predecessor-version":[{"id":15259,"href":"https:\/\/duckdeco.lt\/en\/wp-json\/wp\/v2\/product\/15256\/revisions\/15259"}],"wp:featuredmedia":[{"embeddable":true,"href":"https:\/\/duckdeco.lt\/en\/wp-json\/wp\/v2\/media\/15257"}],"wp:attachment":[{"href":"https:\/\/duckdeco.lt\/en\/wp-json\/wp\/v2\/media?parent=15256"}],"wp:term":[{"taxonomy":"product_brand","embeddable":true,"href":"https:\/\/duckdeco.lt\/en\/wp-json\/wp\/v2\/product_brand?post=15256"},{"taxonomy":"product_cat","embeddable":true,"href":"https:\/\/duckdeco.lt\/en\/wp-json\/wp\/v2\/product_cat?post=15256"},{"taxonomy":"product_tag","embeddable":true,"href":"https:\/\/duckdeco.lt\/en\/wp-json\/wp\/v2\/product_tag?post=15256"}],"curies":[{"name":"wp","href":"https:\/\/api.w.org\/{rel}","templated":true}]}}