{"id":15262,"date":"2025-02-12T10:38:51","date_gmt":"2025-02-12T08:38:51","guid":{"rendered":"https:\/\/duckdeco.lt\/?post_type=product&#038;p=15262"},"modified":"2025-02-12T10:38:51","modified_gmt":"2025-02-12T08:38:51","slug":"sachmatu-lenta-silver","status":"publish","type":"product","link":"https:\/\/duckdeco.lt\/en\/product\/sachmatu-lenta-silver\/","title":{"rendered":"\u0160achmat\u0173 lenta Silver"},"content":{"rendered":"<ul>\n<li>Prabangi \u0161achmat\u0173 lenta i\u0161 Colmore by Diga kolekcijos, puiki dovana \u0161io \u017eaidimo m\u0117g\u0117jui.<\/li>\n<li>Detal\u0117s: med\u017eiaga &#8211; aliuminis \/ nikelis \/ mediena.<\/li>\n<li>Spalva &#8211; juoda\/ sidabrin\u0117.<\/li>\n<\/ul>\n<table width=\"405\">\n<tbody>\n<tr>\n<td width=\"91\">I\u0161matavimai: Ilgis 40 cm \/ Plotis 40 cm \/ Auk\u0161tis 5 cm.<\/td>\n<\/tr>\n<\/tbody>\n<\/table>\n<p>&nbsp;<\/p>","protected":false},"excerpt":{"rendered":"<p>Prabangi \u0161achmat\u0173 lenta i\u0161 Colmore by Diga kolekcijos, puiki dovana \u0161io \u017eaidimo m\u0117g\u0117jui. Detal\u0117s: med\u017eiaga &#8211; aliuminis \/ nikelis \/ mediena. Spalva &#8211; juoda\/ sidabrin\u0117. I\u0161matavimai: Ilgis 40 cm \/ Plotis 40 cm \/ Auk\u0161tis 5 cm. &nbsp;<\/p>","protected":false},"featured_media":15263,"template":"","meta":{"_monsterinsights_skip_tracking":false,"_monsterinsights_sitenote_active":false,"_monsterinsights_sitenote_note":"","_monsterinsights_sitenote_category":0},"product_brand":[],"product_cat":[103],"product_tag":[],"class_list":{"0":"post-15262","1":"product","2":"type-product","3":"status-publish","4":"has-post-thumbnail","6":"product_cat-dovanu-idejos","8":"first","9":"instock","10":"taxable","11":"shipping-taxable","12":"purchasable","13":"product-type-simple"},"_links":{"self":[{"href":"https:\/\/duckdeco.lt\/en\/wp-json\/wp\/v2\/product\/15262","targetHints":{"allow":["GET"]}}],"collection":[{"href":"https:\/\/duckdeco.lt\/en\/wp-json\/wp\/v2\/product"}],"about":[{"href":"https:\/\/duckdeco.lt\/en\/wp-json\/wp\/v2\/types\/product"}],"version-history":[{"count":1,"href":"https:\/\/duckdeco.lt\/en\/wp-json\/wp\/v2\/product\/15262\/revisions"}],"predecessor-version":[{"id":15265,"href":"https:\/\/duckdeco.lt\/en\/wp-json\/wp\/v2\/product\/15262\/revisions\/15265"}],"wp:featuredmedia":[{"embeddable":true,"href":"https:\/\/duckdeco.lt\/en\/wp-json\/wp\/v2\/media\/15263"}],"wp:attachment":[{"href":"https:\/\/duckdeco.lt\/en\/wp-json\/wp\/v2\/media?parent=15262"}],"wp:term":[{"taxonomy":"product_brand","embeddable":true,"href":"https:\/\/duckdeco.lt\/en\/wp-json\/wp\/v2\/product_brand?post=15262"},{"taxonomy":"product_cat","embeddable":true,"href":"https:\/\/duckdeco.lt\/en\/wp-json\/wp\/v2\/product_cat?post=15262"},{"taxonomy":"product_tag","embeddable":true,"href":"https:\/\/duckdeco.lt\/en\/wp-json\/wp\/v2\/product_tag?post=15262"}],"curies":[{"name":"wp","href":"https:\/\/api.w.org\/{rel}","templated":true}]}}